{"id":1906,"date":"2023-07-20T11:22:13","date_gmt":"2023-07-20T09:22:13","guid":{"rendered":"https:\/\/glitherm.com\/produkt\/ethanol-alcool-ethylique-deshydrate-9960-completement-denature\/"},"modified":"2023-10-04T09:24:46","modified_gmt":"2023-10-04T07:24:46","slug":"alcool-ethylique-deshydrate-9960-entierement-libelle","status":"publish","type":"product","link":"https:\/\/glitherm.com\/fr\/produkt\/alcool-ethylique-deshydrate-9960-entierement-libelle\/","title":{"rendered":"Ethanol, Alcool \u00e9thylique d\u00e9shydrat\u00e9 99,60% compl\u00e8tement d\u00e9natur\u00e9"},"content":{"rendered":"<p><span style=\"font-weight: 400;\">L&rsquo;objet de l&rsquo;offre est l&rsquo;alcool \u00e9thylique d\u00e9shydrat\u00e9 produit en Pologne, enti\u00e8rement d\u00e9natur\u00e9, d&rsquo;une puret\u00e9 sup\u00e9rieure \u00e0 la moyenne, la teneur minimale en alcool \u00e9thylique dans le produit garanti par le fabricant est de 99,60 % v\/v.<\/span><\/p>\n<p><span style=\"font-weight: 400;\">Nous offrons le produit en vrac ou en IBC, d&rsquo;autres emballages sont disponibles uniquement sur arrangement pr\u00e9alable, mais pour les clients exigeants, nous pouvons offrir un large choix de f\u00fbts et bidons. <\/span><\/p>\n<p><span style=\"font-weight: 400;\">L&rsquo;\u00e9thanol pur \u00e0 temp\u00e9rature ambiante est un liquide incolore et inflammable avec une odeur alcoolique caract\u00e9ristique et un go\u00fbt de br\u00fbl\u00e9. Il br\u00fble avec une flamme bleu\u00e2tre \u00e0 peine visible.<\/span><\/p>\n<p><span style=\"font-weight: 400;\">Il se m\u00e9lange \u00e0 l&rsquo;eau dans n&rsquo;importe quel rapport. Il dissout efficacement les graisses et autres substances organiques, il est donc utilis\u00e9 comme solvant organique universel. <\/span><\/p>\n<p><span style=\"font-weight: 400;\">Dans les proc\u00e9d\u00e9s de production d&rsquo;\u00e9thanol, on obtient le plus souvent sa solution aqueuse \u00e0 95,50%, commun\u00e9ment appel\u00e9e spiritueux. Un tel m\u00e9lange est tr\u00e8s difficile \u00e0 d\u00e9shydrater davantage dans un simple processus de distillation en raison de sa nature az\u00e9otropique. L&rsquo;\u00e9thanol pur est obtenu dans le processus de distillation az\u00e9otropique dans le syst\u00e8me \u00e9thanol-eau-benz\u00e8ne. Il est \u00e9galement possible d&rsquo;obtenir de l&rsquo;\u00e9thanol pur en liant l&rsquo;eau avec de l&rsquo;oxyde de calcium, du sulfate de magn\u00e9sium anhydre ou du sulfate de sodium.<\/span><\/p>\n<p><span style=\"font-weight: 400;\">L&rsquo;\u00e9thanol est fortement hygroscopique. Assez pour lier l&rsquo;eau directement de l&rsquo;air, alors gardez le produit bien ferm\u00e9.<\/span><\/p>\n<p><span style=\"font-weight: 400;\">Alcool \u00e9thylique 99,60% enti\u00e8rement d\u00e9natur\u00e9 par la m\u00e9thode europ\u00e9enne :<\/span><\/p>\n<p>Proc\u00e9dure de d\u00e9naturation commune applicable en Belgique, au Danemark, en Allemagne, en Estonie, en Irlande, en Gr\u00e8ce, en Espagne, en France, en Italie, \u00e0 Chypre, en Lettonie, en Lituanie, au Luxembourg, en Hongrie, \u00e0 Malte, aux Pays-Bas, en Autriche, en Pologne, au Portugal, en Slov\u00e9nie, en Slovaquie et en Finlande pour les finalit\u00e9s de la d\u00e9naturation totale de l&rsquo;alcool :<\/p>\n<ul>\n<li><span style=\"font-weight: 400;\">Par hectolitre d&rsquo;\u00e9thanol absolu : <\/span>\n<ul>\n<li><span style=\"font-weight: 400;\">1,0 litre d&rsquo;alcool isopropylique; <\/span><\/li>\n<li><span style=\"font-weight: 400;\">1,0 litre de m\u00e9thyl\u00e9thylc\u00e9tone; <\/span><\/li>\n<li><span style=\"font-weight: 400;\">1,0 gramme de benzoate de d\u00e9natonium.<\/span><\/li>\n<\/ul>\n<\/li>\n<\/ul>\n<p>ATTENTION : Nous ne pouvons proposer un produit pur non contamin\u00e9 ou un produit contamin\u00e9 d&rsquo;une autre mani\u00e8re que celle indiqu\u00e9e ci-dessus.<\/p>\n<p>La description traduite automatiquement fait foi dans la version polonaise.<\/p>\n","protected":false},"excerpt":{"rendered":"<p><strong>Synonymes :<\/strong> Ethanol, alcool \u00e9thylique, Alcool absolu, Alcool \u00e9thylique, ETHANOL, Alcool d\u00e9natur\u00e9, Alcool d\u00e9shydrat\u00e9,<\/p>\n<p><strong>CAS: <\/strong>64-17-5<\/p>\n<p><span style=\"font-weight: 400;\"><strong>EC:<\/strong> 200-578-6<\/span><\/p>\n<p><strong>REACH: <\/strong>01-2119457610-43<\/p>\n","protected":false},"featured_media":3446,"template":"","meta":[],"product_brand":[],"product_cat":[216,213],"product_tag":[],"class_list":{"0":"post-1906","1":"product","2":"type-product","3":"status-publish","4":"has-post-thumbnail","6":"product_cat-alcools","7":"product_cat-matieres-premieres-chimiques","9":"first","10":"instock","11":"shipping-taxable","12":"product-type-variable"},"acf":[],"_links":{"self":[{"href":"https:\/\/glitherm.com\/fr\/wp-json\/wp\/v2\/product\/1906","targetHints":{"allow":["GET"]}}],"collection":[{"href":"https:\/\/glitherm.com\/fr\/wp-json\/wp\/v2\/product"}],"about":[{"href":"https:\/\/glitherm.com\/fr\/wp-json\/wp\/v2\/types\/product"}],"wp:featuredmedia":[{"embeddable":true,"href":"https:\/\/glitherm.com\/fr\/wp-json\/wp\/v2\/media\/3446"}],"wp:attachment":[{"href":"https:\/\/glitherm.com\/fr\/wp-json\/wp\/v2\/media?parent=1906"}],"wp:term":[{"taxonomy":"product_brand","embeddable":true,"href":"https:\/\/glitherm.com\/fr\/wp-json\/wp\/v2\/product_brand?post=1906"},{"taxonomy":"product_cat","embeddable":true,"href":"https:\/\/glitherm.com\/fr\/wp-json\/wp\/v2\/product_cat?post=1906"},{"taxonomy":"product_tag","embeddable":true,"href":"https:\/\/glitherm.com\/fr\/wp-json\/wp\/v2\/product_tag?post=1906"}],"curies":[{"name":"wp","href":"https:\/\/api.w.org\/{rel}","templated":true}]}}