{"id":1936,"date":"2023-07-20T10:49:53","date_gmt":"2023-07-20T08:49:53","guid":{"rendered":"https:\/\/glitherm.com\/produkt\/isopropanol-ipa-de-qualite-technique-pharmaceutique\/"},"modified":"2025-10-20T14:56:57","modified_gmt":"2025-10-20T12:56:57","slug":"isopropanol-ipa-technical-pharmaceutical-grade","status":"publish","type":"product","link":"https:\/\/glitherm.com\/fr\/produkt\/isopropanol-ipa-technical-pharmaceutical-grade\/","title":{"rendered":"Isopropanol IPA de qualit\u00e9 technique"},"content":{"rendered":"<p><span style=\"font-weight: 400;\">IPA isopropanol (propan-2-ol, alcool isopropylique) &#8211; est un compos\u00e9 chimique organique du groupe des alcools aliphatiques, l&rsquo;alcool secondaire le plus simple avec un isom\u00e8re substituant, le propan-1-ol.<\/span><\/p>\n<p><span style=\"font-weight: 400;\">L&rsquo;IPA est utilis\u00e9 dans l&rsquo;industrie comme solvant organique et est \u00e9galement couramment utilis\u00e9 comme solvant et support pour la chromatographie HPLC. <\/span><\/p>\n<p><span style=\"font-weight: 400;\">L&rsquo;isopropanol est un r\u00e9actif appr\u00e9ci\u00e9 dans l&rsquo;industrie chimique dans les proc\u00e9d\u00e9s de synth\u00e8se chimique qui introduit un groupement isopropyle et isopropoxy.<\/span><\/p>\n<p><span style=\"font-weight: 400;\">En m\u00e9decine pr\u00e9ventive, il est particuli\u00e8rement recherch\u00e9 sous forme de solution aqueuse \u00e0 70 % comme liquide antiseptique, couramment utilis\u00e9 pour d\u00e9sinfecter les personnes et les surfaces.<\/span><\/p>\n<p>La solution \u00e0 12% de propan-2-ol (IPA) est utilis\u00e9e dans l&rsquo;impression en impression offset dans des solutions hydratantes.<\/p>\n<p><span style=\"font-weight: 400;\">En tant que substitut moins cher de l&rsquo;\u00e9thanol et du m\u00e9thanol, il est utilis\u00e9 dans les fluides de nettoyage des optiques de pr\u00e9cision. \u00c9galement dans d&rsquo;autres industries, il est largement utilis\u00e9 pour nettoyer les t\u00eates magn\u00e9tiques, les lecteurs de disque, les rouleaux en caoutchouc, les appareils de m\u00e9canique de pr\u00e9cision. Son avantage particulier dans de telles situations est le fait qu&rsquo;il est compl\u00e8tement chimiquement inerte vis-\u00e0-vis de la plupart des m\u00e9taux et plastiques.<\/span><\/p>\n<p><span style=\"font-weight: 400;\">En m\u00e9canique de pr\u00e9cision et en r\u00e9novation de monuments techniques, il est utilis\u00e9 pour \u00e9liminer les lubrifiants et autres impuret\u00e9s, notamment les cires de r\u00e9sine, les graisses, y compris naturelles, ainsi que les encres et les encres d&rsquo;imprimerie s\u00e9ch\u00e9es.<\/span><\/p>\n<p><span style=\"font-weight: 400;\">Souvent utilis\u00e9 comme additif pour carburant en raison de ses propri\u00e9t\u00e9s de dispersion de l&rsquo;eau dans les m\u00e9langes propulseurs, ce qui emp\u00eache la formation de bouchons de glace dans les conduites de carburant.<\/span><\/p>\n<p>La description traduite automatiquement fait foi dans la version polonaise.<\/p>\n","protected":false},"excerpt":{"rendered":"<p><span style=\"font-weight: 400;\"><strong>Synonymes :<\/strong> 2-Propanol, HP-IPA, IPA, IPPAA, ALCOOL ISOPROPYLIQUE, Isopropanol, Alcool isopropylique, Propan-2-ol.<\/span><\/p>\n<p><span style=\"font-weight: 400;\"><strong>CAS:<\/strong> 67-63-0<\/span><\/p>\n<p><span style=\"font-weight: 400;\"><strong>EC:<\/strong> 200-661-7<\/span><\/p>\n<p><span style=\"font-weight: 400;\"><strong>REACH:<\/strong> 01-2119457558-25<\/span><\/p>\n","protected":false},"featured_media":3455,"template":"","meta":[],"product_brand":[],"product_cat":[216,213,225],"product_tag":[],"class_list":{"0":"post-1936","1":"product","2":"type-product","3":"status-publish","4":"has-post-thumbnail","6":"product_cat-alcools","7":"product_cat-matieres-premieres-chimiques","8":"product_cat-medicaments","10":"first","11":"instock","12":"shipping-taxable","13":"product-type-variable"},"acf":[],"_links":{"self":[{"href":"https:\/\/glitherm.com\/fr\/wp-json\/wp\/v2\/product\/1936","targetHints":{"allow":["GET"]}}],"collection":[{"href":"https:\/\/glitherm.com\/fr\/wp-json\/wp\/v2\/product"}],"about":[{"href":"https:\/\/glitherm.com\/fr\/wp-json\/wp\/v2\/types\/product"}],"wp:featuredmedia":[{"embeddable":true,"href":"https:\/\/glitherm.com\/fr\/wp-json\/wp\/v2\/media\/3455"}],"wp:attachment":[{"href":"https:\/\/glitherm.com\/fr\/wp-json\/wp\/v2\/media?parent=1936"}],"wp:term":[{"taxonomy":"product_brand","embeddable":true,"href":"https:\/\/glitherm.com\/fr\/wp-json\/wp\/v2\/product_brand?post=1936"},{"taxonomy":"product_cat","embeddable":true,"href":"https:\/\/glitherm.com\/fr\/wp-json\/wp\/v2\/product_cat?post=1936"},{"taxonomy":"product_tag","embeddable":true,"href":"https:\/\/glitherm.com\/fr\/wp-json\/wp\/v2\/product_tag?post=1936"}],"curies":[{"name":"wp","href":"https:\/\/api.w.org\/{rel}","templated":true}]}}