{"id":1968,"date":"2023-07-18T14:00:54","date_gmt":"2023-07-18T12:00:54","guid":{"rendered":"https:\/\/glitherm.com\/produkt\/sles-70\/"},"modified":"2023-10-04T09:33:12","modified_gmt":"2023-10-04T07:33:12","slug":"sles-70","status":"publish","type":"product","link":"https:\/\/glitherm.com\/fr\/produkt\/sles-70\/","title":{"rendered":"SLES 70"},"content":{"rendered":"<p><span style=\"font-weight: 400;\">Le SLES 70 (Sodium Laureth Sulfate) est un tensioactif anionique du groupe des alkyl \u00e9ther sulfates. Fabriqu\u00e9 \u00e0 partir de mati\u00e8res premi\u00e8res principalement d&rsquo;origine naturelle. Pratiquement pas d&rsquo;inclusions ou d&rsquo;additifs synth\u00e9tiques. Le produit a une consistance p\u00e2teuse allant de l&rsquo;incolore au jaune clair.Nous proposons le produit dans une solution aqueuse avec une teneur en substance active d&rsquo;au moins 70%. Le produit concentr\u00e9 est plus facile \u00e0 transporter et \u00e0 stocker, il prend simplement moins de place, que ce soit pour le fret ou le stockage. Le produit est compl\u00e8tement soluble dans l&rsquo;eau (ind\u00e9pendamment de sa duret\u00e9) et peut \u00eatre utilis\u00e9 pour pr\u00e9parer des solutions technologiques de diff\u00e9rentes concentrations. SLES 70 ne contient pas de conservateurs.<\/span><\/p>\n<p><span style=\"font-weight: 400;\">En raison de sa nature anionique, ce produit est parfait pour les formulations avec d&rsquo;autres tensioactifs anioniques, non ioniques et amphot\u00e8res. Le produit peut servir de base \u00e0 la fabrication de gels douche, shampoings, liquides de bain et autres produits d\u00e9di\u00e9s \u00e0 l&rsquo;hygi\u00e8ne personnelle.<\/span><\/p>\n<p><span style=\"font-weight: 400;\">SLES 70 a d&rsquo;excellentes propri\u00e9t\u00e9s de nettoyage. Les produits \u00e0 base de celui-ci fonctionnent bien m\u00eame en combinaison avec de l&rsquo;eau du robinet extr\u00eamement dure. En combinaison avec de l&rsquo;eau, m\u00eame \u00e0 des concentrations relativement faibles, le produit g\u00e9n\u00e8re des mousses \u00e9lev\u00e9es et tr\u00e8s stables. Il augmente la viscosit\u00e9 des agents lavants produits \u00e0 sa base en pr\u00e9sence d&rsquo;\u00e9lectrolytes et de tensioactifs amphot\u00e8res ou non ioniques. Il est enti\u00e8rement biod\u00e9gradable. R\u00e9pond aux crit\u00e8res de la directive n\u00b0 648\/2004 sur les d\u00e9tergents et les cosm\u00e9tiques.<\/span><\/p>\n<p><span style=\"font-weight: 400;\">SLES 70 peut \u00e9galement \u00eatre utilis\u00e9 comme mati\u00e8re premi\u00e8re pour la production de d\u00e9tergents avec une large gamme d&rsquo;applications. Entre autres, des liquides vaisselle, des liquides de lavage, des concentr\u00e9s de lavage, des liquides de nettoyage et des produits pour les entreprises de nettoyage professionnelles. Il peut \u00eatre utilis\u00e9 comme composant de mousses actives dans l&rsquo;industrie chimique automobile. En tant que mati\u00e8re premi\u00e8re pour la production de produits de nettoyage, de lavage et de lavage, il fonctionne bien dans les environnements acides et alcalins. Utilis\u00e9 avec de tr\u00e8s bons r\u00e9sultats dans l&rsquo;industrie du cuir comme composant d&rsquo;agents de d\u00e9graissage et de lavage pour le traitement par voie humide.<\/span><\/p>\n<p><span style=\"font-weight: 400;\">Le SLES 70 abaisse efficacement la tension superficielle et l&rsquo;angle de contact et est utilis\u00e9 comme ingr\u00e9dient dans les adjuvants destin\u00e9s \u00e0 \u00eatre utilis\u00e9s avec des produits phytosanitaires. <\/span><\/p>\n<p><span style=\"font-weight: 400;\">Les propri\u00e9t\u00e9s \u00e9mulsifiantes et la nature anionique du produit le pr\u00e9disposent \u00e0 \u00eatre utilis\u00e9 comme \u00e9mulsifiant dans les fluides de coupe.<\/span><\/p>\n<p>La description traduite automatiquement fait foi dans la version polonaise.<\/p>\n","protected":false},"excerpt":{"rendered":"<p><strong>Synonymes :<\/strong> tensioactif SLES 70 ; Alcools C12-14, \u00e9thoxyl\u00e9s, sulfat\u00e9s, sels de sodium, Sel de sodium d&rsquo;\u00e9thoxylate d&rsquo;alcool laurylique, C12-14 AES Na, Sodium Laureth Sulfate.<\/p>\n<p><strong>CAS:<\/strong> 68891-38-3<\/p>\n<p><strong>EC:<\/strong> 500-234-8<\/p>\n<p><strong>REACH:<\/strong> 01-2119488639-16<\/p>\n<p><strong>NOM INCI :<\/strong> Sodium Laureth Sulfate<\/p>\n","protected":false},"featured_media":3464,"template":"","meta":[],"product_brand":[],"product_cat":[233,213],"product_tag":[],"class_list":{"0":"post-1968","1":"product","2":"type-product","3":"status-publish","4":"has-post-thumbnail","6":"product_cat-inci-fr","7":"product_cat-matieres-premieres-chimiques","9":"first","10":"instock","11":"shipping-taxable","12":"product-type-variable"},"acf":[],"_links":{"self":[{"href":"https:\/\/glitherm.com\/fr\/wp-json\/wp\/v2\/product\/1968","targetHints":{"allow":["GET"]}}],"collection":[{"href":"https:\/\/glitherm.com\/fr\/wp-json\/wp\/v2\/product"}],"about":[{"href":"https:\/\/glitherm.com\/fr\/wp-json\/wp\/v2\/types\/product"}],"wp:featuredmedia":[{"embeddable":true,"href":"https:\/\/glitherm.com\/fr\/wp-json\/wp\/v2\/media\/3464"}],"wp:attachment":[{"href":"https:\/\/glitherm.com\/fr\/wp-json\/wp\/v2\/media?parent=1968"}],"wp:term":[{"taxonomy":"product_brand","embeddable":true,"href":"https:\/\/glitherm.com\/fr\/wp-json\/wp\/v2\/product_brand?post=1968"},{"taxonomy":"product_cat","embeddable":true,"href":"https:\/\/glitherm.com\/fr\/wp-json\/wp\/v2\/product_cat?post=1968"},{"taxonomy":"product_tag","embeddable":true,"href":"https:\/\/glitherm.com\/fr\/wp-json\/wp\/v2\/product_tag?post=1968"}],"curies":[{"name":"wp","href":"https:\/\/api.w.org\/{rel}","templated":true}]}}