{"id":2010,"date":"2023-07-18T12:42:07","date_gmt":"2023-07-18T10:42:07","guid":{"rendered":"https:\/\/glitherm.com\/produkt\/sles-27\/"},"modified":"2023-10-04T09:37:06","modified_gmt":"2023-10-04T07:37:06","slug":"sles-27","status":"publish","type":"product","link":"https:\/\/glitherm.com\/fr\/produkt\/sles-27\/","title":{"rendered":"SLES 27"},"content":{"rendered":"<p><span style=\"font-weight: 400;\">Le SLES 27 est un tensioactif anionique du groupe des alkyl \u00e9ther sulfates, disponible sous forme de solution aqueuse incolore ou jaune p\u00e2le \u00e0 27 %. A temp\u00e9rature ambiante, le produit se pr\u00e9sente sous la forme d&rsquo;un liquide peu visqueux, ce qui facilite grandement le transfert du produit entre cuves, le dosage et r\u00e9duit les pertes sous forme de r\u00e9sidus sur les parois de la cuve. <\/span><\/p>\n<p><span style=\"font-weight: 400;\">Le SLES 27 propos\u00e9 par Glitherm est microbiologiquement stable et sa puret\u00e9 microbiologique est confirm\u00e9e par des tests de d\u00e9pistage dans le laboratoire du fabricant. Le produit est exempt de conservateurs. <\/span><\/p>\n<p><span style=\"font-weight: 400;\">La nature anionique du produit le pr\u00e9dispose \u00e0 toutes les associations dans les formulations avec d&rsquo;autres tensioactifs anioniques, non ioniques et amphot\u00e8res. Le SLES 27 peut \u00eatre utilis\u00e9 comme mati\u00e8re premi\u00e8re pour la production de gels nettoyants pour le corps, de shampooings, de liquides de bain et d&rsquo;autres produits d&rsquo;hygi\u00e8ne personnelle. <\/span><\/p>\n<p><span style=\"font-weight: 400;\">Gr\u00e2ce \u00e0 ses excellentes propri\u00e9t\u00e9s de nettoyage, SLES 27 cr\u00e9e des mousses hautes et stables m\u00eame en combinaison avec de l&rsquo;eau dure du robinet. <\/span><\/p>\n<p><span style=\"font-weight: 400;\">Le produit a la capacit\u00e9 d&rsquo;augmenter la viscosit\u00e9 des formulations de lavage en pr\u00e9sence d&rsquo;\u00e9lectrolytes et de tensioactifs amphot\u00e8res ou non ioniques. <\/span><\/p>\n<p>Le tensioactif SLES 27 est facilement biod\u00e9gradable et respecte les crit\u00e8res de biod\u00e9gradabilit\u00e9 d\u00e9finis dans le r\u00e8glement (CE) n\u00b0 648\/2004 relatif aux d\u00e9tergents.<\/p>\n<p><span style=\"font-weight: 400;\">Le tensioactif SLES 27 est un mat\u00e9riau de base irrempla\u00e7able pour la production de d\u00e9tergents avec une large gamme d&rsquo;applications. Il est utilis\u00e9, entre autres, par les fabricants de produits tels que les liquides vaisselle, les lessives liquides, les nettoyants liquides. Le SLES 27 fonctionne parfaitement comme mati\u00e8re premi\u00e8re dans la production de d\u00e9tergents pour les entreprises de nettoyage professionnelles.\u00a0<\/span><\/p>\n<p>La description traduite automatiquement fait foi dans la version polonaise.<\/p>\n","protected":false},"excerpt":{"rendered":"<p><strong>Synonymes :<\/strong> tensioactif SLES 27 ; Le sulfate de laureth de sodium; Sodium Laureth Sulfate; Alcools C12-14 (pairs), \u00e9thoxyl\u00e9s &lt; 2,5 TE, sulfates, sels de sodium, solution aqueuse; Alcools C12-C14, \u00e9thoxyl\u00e9s (&lt;2.5 TE), sulfat\u00e9s, sels de sodium, solution aqueuse; Sel de sodium d&rsquo;alcool laurique en C12-14 sulfat\u00e9 et \u00e9thoxyl\u00e9.<\/p>\n<p><strong>CAS:<\/strong> 68891-38-3<\/p>\n<p><strong>EC:<\/strong> 500-234-8<\/p>\n<p><strong>REACH:<\/strong> 01-2119488639-16<\/p>\n<p><strong>NOM INCI :<\/strong> Sodium Laureth Sulfate<\/p>\n","protected":false},"featured_media":3472,"template":"","meta":[],"product_brand":[],"product_cat":[233,213],"product_tag":[],"class_list":{"0":"post-2010","1":"product","2":"type-product","3":"status-publish","4":"has-post-thumbnail","6":"product_cat-inci-fr","7":"product_cat-matieres-premieres-chimiques","9":"first","10":"instock","11":"shipping-taxable","12":"product-type-variable"},"acf":[],"_links":{"self":[{"href":"https:\/\/glitherm.com\/fr\/wp-json\/wp\/v2\/product\/2010","targetHints":{"allow":["GET"]}}],"collection":[{"href":"https:\/\/glitherm.com\/fr\/wp-json\/wp\/v2\/product"}],"about":[{"href":"https:\/\/glitherm.com\/fr\/wp-json\/wp\/v2\/types\/product"}],"wp:featuredmedia":[{"embeddable":true,"href":"https:\/\/glitherm.com\/fr\/wp-json\/wp\/v2\/media\/3472"}],"wp:attachment":[{"href":"https:\/\/glitherm.com\/fr\/wp-json\/wp\/v2\/media?parent=2010"}],"wp:term":[{"taxonomy":"product_brand","embeddable":true,"href":"https:\/\/glitherm.com\/fr\/wp-json\/wp\/v2\/product_brand?post=2010"},{"taxonomy":"product_cat","embeddable":true,"href":"https:\/\/glitherm.com\/fr\/wp-json\/wp\/v2\/product_cat?post=2010"},{"taxonomy":"product_tag","embeddable":true,"href":"https:\/\/glitherm.com\/fr\/wp-json\/wp\/v2\/product_tag?post=2010"}],"curies":[{"name":"wp","href":"https:\/\/api.w.org\/{rel}","templated":true}]}}