{"id":2088,"date":"2023-06-29T18:20:50","date_gmt":"2023-06-29T16:20:50","guid":{"rendered":"https:\/\/glitherm.com\/produkt\/liquide-de-frein-glicar-dot-4\/"},"modified":"2025-12-12T10:03:45","modified_gmt":"2025-12-12T09:03:45","slug":"liquide-de-frein-glicar-dot-4","status":"publish","type":"product","link":"https:\/\/glitherm.com\/fr\/produkt\/liquide-de-frein-glicar-dot-4\/","title":{"rendered":"Liquide de frein GLICAR DOT 4"},"content":{"rendered":"<p>Le liquide de frein GLICAR DOT-4 est un liquide hydraulique haut de gamme qui peut \u00eatre utilis\u00e9 partout o\u00f9 la norme DOT-4 est requise. Le fluide est utilis\u00e9 dans les syst\u00e8mes de freinage hydrauliques et les syst\u00e8mes de support d\u2019embrayage hydraulique dans une large gamme de v\u00e9hicules, de machines et d\u2019\u00e9quipements, de scooters, de motos, de voitures particuli\u00e8res <\/p>\n<div id=\"showMoreDiv\" class=\"collapsed\">\u00a0\n<p>Le liquide de frein GLICAR DOT-4 est produit uniquement \u00e0 partir de mati\u00e8res premi\u00e8res vierges et non recycl\u00e9es.<\/p>\n<p>Glicar DOT-4 maintient une faible viscosit\u00e9 m\u00eame \u00e0 des temp\u00e9ratures extr\u00eamement basses, ce qui garantit un fonctionnement efficace et rapide des syst\u00e8mes modernes d\u2019assistance au freinage ESP et ABS. Le produit offre une protection contre la corrosion des \u00e9l\u00e9ments m\u00e9talliques et prot\u00e8ge les \u00e9l\u00e9ments en caoutchouc et en plastique, les joints et les joints contre la d\u00e9gradation. Emp\u00eache l\u2019accumulation de tartre et la pr\u00e9cipitation des d\u00e9p\u00f4ts dans le syst\u00e8me hydraulique, offrant 3 ans de service.  <\/p>\n<p>Le produit r\u00e9pond aux exigences des normes suivantes : PN-C-40005, FMVSS n\u00b0 116, ISO 4925, SAE J 1704.<\/p>\n<\/div>\n<a id=\"readMoreButton\" href=\"javascript:void(0);\" data-readmore=\"Lire plus\" data-readless=\"R\u00e9duire le texte\">Lire plus<\/a>\n","protected":false},"excerpt":{"rendered":"<div class=\"uxb-post-excerpt\">\n<p><strong>GLICAR DOT 4 en bref :<\/strong><\/p>\n<ul>\n<li><span style=\"color: #555555; font-size: 14.4px;\">Peut \u00eatre utilis\u00e9 dans n\u2019importe quel v\u00e9hicule o\u00f9 DOT-4 est requis.<\/span><\/li>\n<li><span style=\"color: #555555; font-size: 14.4px;\">Faible viscosit\u00e9 \u00e0 basse temp\u00e9rature, ce qui garantit une action rapide de l\u2019ABS et de l\u2019EPS quelles que soient les conditions m\u00e9t\u00e9orologiques.<\/span><\/li>\n<li><span style=\"color: #555555; font-size: 14.4px;\">Point d\u2019\u00e9bullition \u00e9lev\u00e9, jusqu\u2019\u00e0 230\u00b0C.<\/span><\/li>\n<li><span style=\"color: #555555; font-size: 14.4px;\">Ne g\u00e8le pas. Prot\u00e8ge l\u2019hydraulique de frein et d\u2019embrayage des temp\u00e9ratures allant jusqu\u2019\u00e0 -40\u00b0C. <\/span><\/li>\n<li><span style=\"color: #555555; font-size: 14.4px;\">Il prot\u00e8ge le syst\u00e8me contre la formation de tartre et de s\u00e9diments.<\/span><\/li>\n<li><span style=\"color: #555555; font-size: 14.4px;\">Il prot\u00e8ge contre la corrosion et la d\u00e9gradation des \u00e9l\u00e9ments m\u00e9talliques du syst\u00e8me ainsi que des joints et des joints en caoutchouc et autres mat\u00e9riaux.<\/span><\/li>\n<li><span style=\"color: #555555; font-size: 14.4px;\">Produit uniquement \u00e0 partir de mat\u00e9riaux vierges, non recycl\u00e9s.<\/span><\/li>\n<li><span style=\"color: #555555; font-size: 14.4px;\">Il r\u00e9pond aux exigences des normes suivantes : PN-C-40005, FMVSS n\u00b0 116, ISO 4925, SAE J 1704.<\/span><\/li>\n<\/ul>\n<\/div>\n","protected":false},"featured_media":16301,"template":"","meta":[],"product_brand":[],"product_cat":[175,187],"product_tag":[],"class_list":{"0":"post-2088","1":"product","2":"type-product","3":"status-publish","4":"has-post-thumbnail","6":"product_cat-chimie-automobile","7":"product_cat-liquides-de-frein","9":"first","10":"instock","11":"shipping-taxable","12":"product-type-variable"},"acf":[],"_links":{"self":[{"href":"https:\/\/glitherm.com\/fr\/wp-json\/wp\/v2\/product\/2088","targetHints":{"allow":["GET"]}}],"collection":[{"href":"https:\/\/glitherm.com\/fr\/wp-json\/wp\/v2\/product"}],"about":[{"href":"https:\/\/glitherm.com\/fr\/wp-json\/wp\/v2\/types\/product"}],"wp:featuredmedia":[{"embeddable":true,"href":"https:\/\/glitherm.com\/fr\/wp-json\/wp\/v2\/media\/16301"}],"wp:attachment":[{"href":"https:\/\/glitherm.com\/fr\/wp-json\/wp\/v2\/media?parent=2088"}],"wp:term":[{"taxonomy":"product_brand","embeddable":true,"href":"https:\/\/glitherm.com\/fr\/wp-json\/wp\/v2\/product_brand?post=2088"},{"taxonomy":"product_cat","embeddable":true,"href":"https:\/\/glitherm.com\/fr\/wp-json\/wp\/v2\/product_cat?post=2088"},{"taxonomy":"product_tag","embeddable":true,"href":"https:\/\/glitherm.com\/fr\/wp-json\/wp\/v2\/product_tag?post=2088"}],"curies":[{"name":"wp","href":"https:\/\/api.w.org\/{rel}","templated":true}]}}