{"id":21250,"date":"2023-11-29T08:48:47","date_gmt":"2023-11-29T07:48:47","guid":{"rendered":"https:\/\/glitherm.com\/produkt\/glicar-g12-concentre-de-liquide-de-radiateur-de-voiture\/"},"modified":"2026-01-12T11:39:40","modified_gmt":"2026-01-12T10:39:40","slug":"glicar-g12-concentre-de-liquide-de-radiateur-de-voiture","status":"publish","type":"product","link":"https:\/\/glitherm.com\/fr\/produkt\/glicar-g12-concentre-de-liquide-de-radiateur-de-voiture\/","title":{"rendered":"Liquide de radiateur de voiture GLICAR G12+ CONCENTR\u00c9"},"content":{"rendered":"<p>Le concentr\u00e9 antigel GLICAR G12+ n\u2019est pas un produit pr\u00eat \u00e0 l\u2019emploi. Avant l\u2019application, le concentr\u00e9 doit \u00eatre dilu\u00e9 dans un rapport de volume de 1:1 avec de l\u2019eau d\u00e9min\u00e9ralis\u00e9e. Le fabricant d\u00e9conseille fortement l\u2019utilisation de concentr\u00e9 non dilu\u00e9 et de liquide avec des quantit\u00e9s excessives d\u2019eau d\u00e9min\u00e9ralis\u00e9e. Un liquide pr\u00e9par\u00e9 dans des proportions d\u2019eau concentr\u00e9e et d\u00e9min\u00e9ralis\u00e9e diff\u00e9rentes de celles recommand\u00e9es par le fabricant peut ne pas avoir toutes les propri\u00e9t\u00e9s fonctionnelles n\u00e9cessaires. Vous pouvez en savoir plus sur la dilution et la pr\u00e9paration du m\u00e9lange fini dans l\u2019onglet \u00ab Dilution \u00bb.<\/p>\n<div id=\"showMoreDiv\" class=\"collapsed\">\u00a0\n<p>Le concentr\u00e9 de liquide de radiateur de voiture GLICAR G12+ est un produit \u00e0 la formule concentr\u00e9e. Le concentr\u00e9 antigel GLICAR G12+ vous permet d\u2019obtenir un liquide de refroidissement \u00e0 base d\u2019\u00e9thyl\u00e8ne glycol d\u2019excellente qualit\u00e9 avec une longue dur\u00e9e de vie &#8211; Long Life. Dans la production de GLICAR G12+ CONCENTRATE, une technologie hybride moderne d\u2019acides organiques HOAT a \u00e9t\u00e9 utilis\u00e9e, combinant les avantages de l\u2019OAT organique et de la technologie IAT inorganique. La formule du produit, enrichie de nombreux additifs et raffineurs anticorrosion, assure une protection compl\u00e8te contre la corrosion des \u00e9l\u00e9ments m\u00e9talliques et pr\u00e9serve et prot\u00e8ge les \u00e9l\u00e9ments en plastique et en caoutchouc contre l\u2019usure pr\u00e9matur\u00e9e. Les additifs anti-mousse \u00e9liminent les probl\u00e8mes associ\u00e9s \u00e0 l\u2019apparition de mousse dans le syst\u00e8me. Le liquide pr\u00e9par\u00e9 \u00e0 base de concentr\u00e9 GLICAR G12+ r\u00e9pond aux exigences des fluides \u00e0 basse cong\u00e9lation et ne cristallise qu\u2019\u00e0 -37\u00b0C. Le produit ne provoque pas de calcaire et prot\u00e8ge contre les pr\u00e9cipitations. Maintient le syst\u00e8me propre. Ne contient pas de glyc\u00e9rine. Il peut \u00eatre utilis\u00e9 dans les syst\u00e8mes de refroidissement : motos, passerelles et autres v\u00e9hicules de loisirs, dans les voitures et les camions, les tracteurs, les autobus, les engins de construction, les tracteurs et les machines agricoles, les v\u00e9hicules et \u00e9quipements militaires. Le liquide de radiateur GLICAR G12+ peut \u00eatre utilis\u00e9 dans les moteurs stationnaires, par exemple les groupes \u00e9lectrog\u00e8nes, les centrales \u00e9lectriques de terrain, etc. Il se m\u00e9lange parfaitement avec d\u2019autres produits r\u00e9pondant aux normes G12 et G12+.<\/p>\n<p><strong>Les normes respect\u00e9es et respect\u00e9es par le liquide de radiateur ont \u00e9t\u00e9 cr\u00e9\u00e9es sur la base du concentr\u00e9 GLICAR G12+<\/strong><\/p>\n<p>Le produit est soumis aux normes suivantes : PN93\/C-40008-10 ; PN-C-40007 ; ASTM D 5931-13 ; ASTM D 1287-11 ; PN 93\/C-40008-05 ; PN-C-40008-06:1993\/AZ 1:2000.<\/p>\n<p>Conforme aux normes AUDI\/SEAT\/SKODA\/VW TL 774 D\/F (G12, G12+), AFNOR NFR 15-601, ASTM D 3306, ASTM D 4656, ASTM D 4985, ASTM D 6210, BS 6580:2010, CATERPILLAR MAK A4.05.09.01, CUMMINS CES 14439, CUMMINS CES 14603, DAF 74002, DEUTZ DQC CB-14, FORD WSS-M97-844 D, JOHN DEERE JDM H5, KOMATSU AF-NAC, Man 324 SNF, MB 326.3, RENAULT 41-01-001\/- S-TYPE D, VOLVO LIQUIDE DE REFROIDISSEMENT VCS, VOLVO LIQUIDE DE REFROIDISSEMENT VCS 2, SAE J1034.<\/p>\n<p><strong>Additif UV<\/strong><\/p>\n<p>\u00c0 la demande du client, la recette du produit peut \u00eatre enrichie d\u2019un colorant UV. Cet additif fait briller le liquide de radiateur de voiture GLICAR G12+ sous la lumi\u00e8re UV. Le diagnostic des fuites du syst\u00e8me de refroidissement est ainsi simple et rapide. Il suffit d\u2019\u00e9clairer une partie sombre de l\u2019installation avec une lumi\u00e8re contenant le spectre UV pour d\u00e9terminer clairement l\u2019\u00e9tanch\u00e9it\u00e9 du syst\u00e8me ou son \u00e9tanch\u00e9it\u00e9. M\u00eame les petites fuites, situ\u00e9es dans des endroits difficiles d\u2019acc\u00e8s, ne se cacheront pas lorsque nous avons un liquide de refroidissement avec un additif UV. Cela facilite et r\u00e9duit consid\u00e9rablement le temps n\u00e9cessaire au diagnostic du syst\u00e8me de refroidissement. L\u2019additif UV reste neutre par rapport aux propri\u00e9t\u00e9s physico-chimiques du liquide de refroidissement. Le fabricant recommande l\u2019utilisation d\u2019un liquide avec un additif UV pour tous les syst\u00e8mes de refroidissement.<\/p>\n<p><strong>Couleur<\/strong><\/p>\n<p>Le concentr\u00e9 de liquide de radiateur de voiture GLICAR G12+ est disponible en jaune en standard. La couleur est obtenue par l\u2019ajout de pigments min\u00e9raux &#8211; totalement neutres par rapport aux propri\u00e9t\u00e9s physico-chimiques du produit. Sur demande, le produit peut \u00eatre teint en rouge.<\/p>\n<p><strong>ATTENTION!<\/strong><\/p>\n<p>Le liquide de refroidissement obtenu \u00e0 base de concentr\u00e9 de liquide de radiateur GLICAR G12+ peut \u00eatre utilis\u00e9 dans les moteurs \u00e0 combustion interne \u00e9quip\u00e9s de radiateurs bras\u00e9s en laiton (cuivre) et en aluminium.<\/p>\n<\/div>\n<a id=\"readMoreButton\" href=\"javascript:void(0);\" data-readmore=\"Lire plus\" data-readless=\"R\u00e9duire le texte\">Lire plus<\/a>\n","protected":false},"excerpt":{"rendered":"<p><strong>GLICAR G12+ CONCENTR\u00c9 en bref :<\/strong><\/p>\n<ul>\n<li>Formulation concentr\u00e9e, moins d\u2019espace pour le transport et le stockage.<\/li>\n<li>Il ne cristallise qu\u2019\u00e0 -37\u00b0C.<\/li>\n<li>Il prot\u00e8ge les \u00e9l\u00e9ments m\u00e9talliques du syst\u00e8me contre la corrosion.<\/li>\n<li>Prot\u00e8ge les \u00e9l\u00e9ments en caoutchouc de l\u2019usure pr\u00e9matur\u00e9e.<\/li>\n<li>Produit \u00e0 longue dur\u00e9e de vie.<\/li>\n<li>Bas\u00e9 sur la technologie HOAT.<\/li>\n<li>Ne contient pas de glyc\u00e9rine.<\/li>\n<li>Il se m\u00e9lange parfaitement avec d\u2019autres liquides G12 et G12+.<\/li>\n<li>Normes : PN93\/C-40008-10 ; PN-C-40007\u00a0; ASTM D 5931-13\u00a0; ASTM D 1287-11\u00a0; R\u00e9f. 93\/C-40008-05\u00a0; PN-C-40008-06:1993\/AZ 1:2000.<\/li>\n<li>Conforme aux normes AUDI\/SEAT\/SKODA\/VW TL 774 D\/F (G12, G12+), AFNOR NFR 15-601, ASTM D 3306, ASTM D 4656, ASTM D 4985, ASTM D 6210, BS 6580:2010, CATERPILLAR MAK A4.05.09.01, CUMMINS CES 14439, CUMMINS CES 14603, DAF 74002, DEUTZ DQC CB-14, FORD WSS-M97-844 D, JOHN DEERE JDM H5, KOMATSU AF-NAC, Man 324 SNF, MB 326.3, RENAULT 41-01-001\/- S-TYPE D, VOLVO LIQUIDE DE REFROIDISSEMENT VCS, VOLVO LIQUIDE DE REFROIDISSEMENT VCS 2, SAE J1034.<\/li>\n<\/ul>\n","protected":false},"featured_media":16566,"template":"","meta":[],"product_brand":[],"product_cat":[193,175,181],"product_tag":[],"class_list":{"0":"post-21250","1":"product","2":"type-product","3":"status-publish","4":"has-post-thumbnail","6":"product_cat-ajout-duv","7":"product_cat-chimie-automobile","8":"product_cat-liquides-de-refroidissement-automobiles","10":"first","11":"instock","12":"shipping-taxable","13":"product-type-variable"},"acf":[],"_links":{"self":[{"href":"https:\/\/glitherm.com\/fr\/wp-json\/wp\/v2\/product\/21250","targetHints":{"allow":["GET"]}}],"collection":[{"href":"https:\/\/glitherm.com\/fr\/wp-json\/wp\/v2\/product"}],"about":[{"href":"https:\/\/glitherm.com\/fr\/wp-json\/wp\/v2\/types\/product"}],"wp:featuredmedia":[{"embeddable":true,"href":"https:\/\/glitherm.com\/fr\/wp-json\/wp\/v2\/media\/16566"}],"wp:attachment":[{"href":"https:\/\/glitherm.com\/fr\/wp-json\/wp\/v2\/media?parent=21250"}],"wp:term":[{"taxonomy":"product_brand","embeddable":true,"href":"https:\/\/glitherm.com\/fr\/wp-json\/wp\/v2\/product_brand?post=21250"},{"taxonomy":"product_cat","embeddable":true,"href":"https:\/\/glitherm.com\/fr\/wp-json\/wp\/v2\/product_cat?post=21250"},{"taxonomy":"product_tag","embeddable":true,"href":"https:\/\/glitherm.com\/fr\/wp-json\/wp\/v2\/product_tag?post=21250"}],"curies":[{"name":"wp","href":"https:\/\/api.w.org\/{rel}","templated":true}]}}