{"id":21258,"date":"2023-11-28T08:57:38","date_gmt":"2023-11-28T07:57:38","guid":{"rendered":"https:\/\/glitherm.com\/produkt\/glicar-g12-liquide-de-radiateur-de-voiture\/"},"modified":"2025-12-11T09:28:52","modified_gmt":"2025-12-11T08:28:52","slug":"glicar-g12-liquide-de-radiateur-de-voiture","status":"publish","type":"product","link":"https:\/\/glitherm.com\/fr\/produkt\/glicar-g12-liquide-de-radiateur-de-voiture\/","title":{"rendered":"Liquide radiateur antigel GLICAR G12+"},"content":{"rendered":"<p>Le liquide de radiateur GLICAR G12+ est un produit de derni\u00e8re g\u00e9n\u00e9ration avec une dur\u00e9e de vie prolong\u00e9e &#8211; une longue dur\u00e9e de vie. Bas\u00e9 sur la technologie de l\u2019acide organique &#8211; HOAT. Il est produit \u00e0 partir de l\u2019\u00e9thyl\u00e8ne glycol. Seule la mati\u00e8re premi\u00e8re primaire est utilis\u00e9e pour la production. Elle n\u2019est ni recycl\u00e9e ni recycl\u00e9e. La formule du produit est enrichie en de nombreux additifs et raffineurs anticorrosion, offre une protection compl\u00e8te anti-corrosion des \u00e9l\u00e9ments m\u00e9talliques du syst\u00e8me et prot\u00e8ge les \u00e9l\u00e9ments en caoutchouc, joints et joints contre l\u2019usure pr\u00e9matur\u00e9e. Les substances anti-mousseuses prot\u00e8gent efficacement le syst\u00e8me contre la formation de mousse et les probl\u00e8mes associ\u00e9s. GLICAR G12+ ne d\u00e9pose pas de calcaire \u00e0 l\u2019int\u00e9rieur du syst\u00e8me, prot\u00e8ge contre les pr\u00e9cipitations des d\u00e9p\u00f4ts et maintient le syst\u00e8me propre.       <\/p>\n<div id=\"showMoreDiv\" class=\"collapsed\">\u00a0\n<p>Liquide de radiateur de voiture GLICAR G12+ a des param\u00e8tres de transfert de chaleur standard, avec une temp\u00e9rature de cristallisation garantie jusqu\u2019\u00e0 -37\u00b0C. Le liquide de refroidissement GLICAR G12+ peut \u00eatre utilis\u00e9 avec succ\u00e8s dans tous les v\u00e9hicules et moteurs stationnaires. Son utilisation peut \u00eatre recommand\u00e9e en toute conscience aux propri\u00e9taires de quads et de motos, de voitures particuli\u00e8res, de semi-remorques et de fourgonnettes, de camions, d\u2019autobus ou d\u2019autres v\u00e9hicules sp\u00e9cialis\u00e9s et sp\u00e9ciaux.  <\/p>\n<p><strong>Normes respect\u00e9es et maintenues par GLICAR G12+.<\/strong><\/p>\n<p><span style=\"font-weight: 400;\">Le produit est soumis aux normes suivantes : PN93\/C-40008-10 ; PN-C-40007 ; ASTM D 5931-13 ; ASTM D 1287-11 ; PN 93\/C-40008-05 ; PN-C-40008-06:1993\/AZ 1:2000. <\/span><\/p>\n<p><span style=\"font-weight: 400;\">Conforme aux normes AUDI\/SEAT\/SKODA\/VW TL 774 D\/F (G12, G12+), AFNOR NFR 15-601, ASTM D 3306, ASTM D 4656, ASTM D 4985, ASTM D 6210, BS 6580:2010, CATERPILLAR MAK A4.05.09.01, CUMMINS CES 14439, CUMMINS CES 14603, DAF 74002, DEUTZ DQC CB-14, FORD WSS-M97-844 D, JOHN DEERE JDM H5, KOMATSU AF-NAC, Man 324 SNF, MB 326.3, RENAULT 41-01-001\/- S-TYPE D, VOLVO LIQUIDE DE REFROIDISSEMENT VCS, VOLVO LIQUIDE DE REFROIDISSEMENT VCS 2, SAE J1034. <\/span><\/p>\n<p><strong>Additif UV<\/strong><\/p>\n<p>La recette du produit peut \u00eatre enrichie d\u2019un colorant UV \u00e0 la demande du client. Cet additif fait briller le liquide de refroidissement \u00e0 la lumi\u00e8re UV. Dans le m\u00eame temps, l\u2019additif reste neutre par rapport aux propri\u00e9t\u00e9s physico-chimiques fonctionnelles du produit. La lueur du fluide dans la lumi\u00e8re UV est inestimable pour diagnostiquer l\u2019\u00e9tanch\u00e9it\u00e9 du syst\u00e8me de refroidissement. Il suffit d\u2019assombrir le syst\u00e8me ou le fragment test\u00e9 et de l\u2019\u00e9clairer avec une lumi\u00e8re contenant un spectre UV pour confirmer l\u2019\u00e9tanch\u00e9it\u00e9 du syst\u00e8me ou pour d\u00e9terminer la fuite. Cela permet de gagner du temps en r\u00e9duisant le diagnostic de l\u2019\u00e9tanch\u00e9it\u00e9 du syst\u00e8me de refroidissement au minimum n\u00e9cessaire. Le fabricant recommande l\u2019utilisation d\u2019un additif UV pour chaque syst\u00e8me de refroidissement      <\/p>\n<p><strong>Couleur.<\/strong><\/p>\n<p>Liquide de radiateur de voiture GLICAR G12+ est de couleur jaune en standard. La coloration du produit est obtenue par l\u2019ajout de pigments min\u00e9raux naturels. Les pigments utilis\u00e9s pour colorer le produit n\u2019affectent en aucune fa\u00e7on les propri\u00e9t\u00e9s physicochimiques fonctionnelles du produit. \u00c0 la demande du client, les pigments qui colorent le produit en jaune peuvent \u00eatre remplac\u00e9s par un colorant qui donne au produit une couleur rouge.   <\/p>\n<p><strong>ATTENTION!<\/strong><\/p>\n<p>Liquide de radiateur de voiture GLICAR G12+ peut \u00eatre utilis\u00e9 dans les syst\u00e8mes de refroidissement fabriqu\u00e9s dans les mat\u00e9riaux les plus couramment utilis\u00e9s. GLICAR G12+ est d\u00e9di\u00e9 aux syst\u00e8mes de refroidissement en laiton, en cuivre, y compris bras\u00e9, et en aluminium. <\/p>\n<\/div>\n<a id=\"readMoreButton\" href=\"javascript:void(0);\" data-readmore=\"Lire plus\" data-readless=\"R\u00e9duire le texte\">Lire plus<\/a>\n","protected":false},"excerpt":{"rendered":"<p><strong>Le GLICAR G12+ en bref :<\/strong><\/p>\n<ul>\n<li>Il ne n\u00e9cessite pas de dilution, il est pr\u00eat \u00e0 l\u2019emploi.<\/li>\n<li>Produit \u00e0 longue dur\u00e9e de vie.<\/li>\n<li>Ne contient pas de glyc\u00e9rine.<\/li>\n<li>Il ne g\u00e8le pas, la temp\u00e9rature de cristallisation garantie est de -37\u00b0C.<\/li>\n<li>Bas\u00e9 sur la technologie HOAT.<\/li>\n<li>Prot\u00e8ge le syst\u00e8me de refroidissement contre le calcaire et les pr\u00e9cipitations min\u00e9rales.<\/li>\n<li>Il prot\u00e8ge les composants m\u00e9talliques de la corrosion et emp\u00eache l\u2019usure pr\u00e9matur\u00e9e des composants en caoutchouc, des joints et des joints.<\/li>\n<li>Produit \u00e0 base d\u2019\u00e9thyl\u00e8ne glycol.<\/li>\n<li>Normes : PN93\/C-40008-10 ; PN-C-40007&nbsp;; ASTM D 5931-13&nbsp;; ASTM D 1287-11&nbsp;; R\u00e9f. 93\/C-40008-05&nbsp;; PN-C-40008-06:1993\/AZ 1:2000.<\/li>\n<li>Conforme aux normes AUDI\/SEAT\/SKODA\/VW TL 774 D\/F (G12, G12+), AFNOR NFR 15-601, ASTM D 3306, ASTM D 4656, ASTM D 4985, ASTM D 6210, BS 6580:2010, CATERPILLAR MAK A4.05.09.01, CUMMINS CES 14439, CUMMINS CES 14603, DAF 74002, DEUTZ DQC CB-14, FORD WSS-M97-844 D, JOHN DEERE JDM H5, KOMATSU AF-NAC, Man 324 SNF, MB 326.3, RENAULT 41-01-001\/- S-TYPE D, VOLVO LIQUIDE DE REFROIDISSEMENT VCS, VOLVO LIQUIDE DE REFROIDISSEMENT VCS 2, SAE J1034.<\/li>\n<\/ul>\n","protected":false},"featured_media":16542,"template":"","meta":[],"product_brand":[],"product_cat":[193,175,181],"product_tag":[],"class_list":{"0":"post-21258","1":"product","2":"type-product","3":"status-publish","4":"has-post-thumbnail","6":"product_cat-ajout-duv","7":"product_cat-chimie-automobile","8":"product_cat-liquides-de-refroidissement-automobiles","10":"first","11":"instock","12":"shipping-taxable","13":"product-type-variable"},"acf":[],"_links":{"self":[{"href":"https:\/\/glitherm.com\/fr\/wp-json\/wp\/v2\/product\/21258","targetHints":{"allow":["GET"]}}],"collection":[{"href":"https:\/\/glitherm.com\/fr\/wp-json\/wp\/v2\/product"}],"about":[{"href":"https:\/\/glitherm.com\/fr\/wp-json\/wp\/v2\/types\/product"}],"wp:featuredmedia":[{"embeddable":true,"href":"https:\/\/glitherm.com\/fr\/wp-json\/wp\/v2\/media\/16542"}],"wp:attachment":[{"href":"https:\/\/glitherm.com\/fr\/wp-json\/wp\/v2\/media?parent=21258"}],"wp:term":[{"taxonomy":"product_brand","embeddable":true,"href":"https:\/\/glitherm.com\/fr\/wp-json\/wp\/v2\/product_brand?post=21258"},{"taxonomy":"product_cat","embeddable":true,"href":"https:\/\/glitherm.com\/fr\/wp-json\/wp\/v2\/product_cat?post=21258"},{"taxonomy":"product_tag","embeddable":true,"href":"https:\/\/glitherm.com\/fr\/wp-json\/wp\/v2\/product_tag?post=21258"}],"curies":[{"name":"wp","href":"https:\/\/api.w.org\/{rel}","templated":true}]}}