{"id":21282,"date":"2023-12-04T08:13:16","date_gmt":"2023-12-04T07:13:16","guid":{"rendered":"https:\/\/glitherm.com\/produkt\/glicar-eco-liquide-de-radiateur-de-voiture\/"},"modified":"2025-12-12T09:37:43","modified_gmt":"2025-12-12T08:37:43","slug":"glicar-eco-liquide-de-radiateur-de-voiture","status":"publish","type":"product","link":"https:\/\/glitherm.com\/fr\/produkt\/glicar-eco-liquide-de-radiateur-de-voiture\/","title":{"rendered":"Liquide radiateur antigel GLICAR ECO"},"content":{"rendered":"<p>L\u2019antigel GLICAR EKO est un liquide de refroidissement biod\u00e9gradable, non toxique et totalement sans danger pour l\u2019homme et l\u2019environnement \u00e0 base de monopropyl\u00e8ne glycol. Le fluide GLICAR EKO est une proposition \u00e9cologique pour les syst\u00e8mes de refroidissement de tous les types de moteurs \u00e0 combustion interne, c\u2019est une alternative respectueuse de l\u2019environnement aux fluides de radiateur traditionnels disponibles sur le march\u00e9. GLICAR EKO est un produit pr\u00eat \u00e0 l\u2019emploi.  <\/p>\n<div id=\"showMoreDiv\" class=\"collapsed\">\u00a0\n<p>Le liquide de refroidissement GLICAR ECO est produit \u00e0 partir du monopropyl\u00e8ne glycol primaire. Le fabricant utilise uniquement des mati\u00e8res premi\u00e8res de la plus haute qualit\u00e9, elles ne sont pas recycl\u00e9es et ne sont pas recycl\u00e9es. Gr\u00e2ce \u00e0 de telles mati\u00e8res premi\u00e8res de haute qualit\u00e9 et \u00e0 une recette enrichie en nombreux inhibiteurs de corrosion, raffineurs et agents anti-mousseux, un produit de qualit\u00e9 sup\u00e9rieure \u00e0 la moyenne est cr\u00e9\u00e9. Il offre une protection compl\u00e8te contre la corrosion des pi\u00e8ces m\u00e9talliques et pr\u00e9serve et prot\u00e8ge les composants en caoutchouc contre la d\u00e9gradation et l\u2019usure pr\u00e9matur\u00e9e.<\/p>\n<p>Prot\u00e8ge le syst\u00e8me de refroidissement contre les basses temp\u00e9ratures allant jusqu\u2019\u00e0 -35\u00b0C.<\/p>\n<p>Les additifs anti-mousse garantissent l\u2019\u00e9limination des probl\u00e8mes li\u00e9s \u00e0 l\u2019apparence de la mousse dans le syst\u00e8me de refroidissement.<\/p>\n<p>GLICAR EKO prot\u00e8ge le syst\u00e8me de refroidissement contre le d\u00e9p\u00f4t de calcaire et les pr\u00e9cipitations. L\u2019utilisation du liquide radiateur GLICAR EKO garantit que l\u2019installation reste propre.<\/p>\n<p>Le liquide de refroidissement GLICAR EKO peut \u00eatre utilis\u00e9 avec succ\u00e8s dans les motos, quads et autres v\u00e9hicules de loisirs, les voitures et camions, y compris les unit\u00e9s tracteures, les bus, les \u00e9quipements de construction, les tracteurs et machines agricoles, les v\u00e9hicules et \u00e9quipements militaires, ainsi que les moteurs stationnaires.<\/p>\n<p><strong>Marqueur UV !<\/strong><\/p>\n<p>\u00c0 la demande du client, le produit peut \u00eatre enrichi d\u2019un colorant UV, qui brille sous l\u2019influence du rayonnement UV, ce qui facilite le diagnostic de l\u2019\u00e9tanch\u00e9it\u00e9 du syst\u00e8me et raccourcit consid\u00e9rablement son temps. Il suffit d\u2019\u00e9clairer la partie sombre du syst\u00e8me de refroidissement avec une lumi\u00e8re \u00e0 spectre UV pour confirmer clairement l\u2019\u00e9tanch\u00e9it\u00e9 du syst\u00e8me ou localiser la fuite. Le fabricant recommande l\u2019utilisation d\u2019un additif UV dans tout syst\u00e8me de refroidissement. L\u2019additif UV est totalement inerte aux propri\u00e9t\u00e9s physico-chimiques fonctionnelles du produit.   <\/p>\n<p><strong>Couleur.<\/strong><\/p>\n<p>Le liquide de radiateur de voiture GLICAR EKO est disponible en vert en standard. La coloration du produit est obtenue par l\u2019ajout de pigments min\u00e9raux. Les pigments qui colorent le produit restent neutres par rapport aux propri\u00e9t\u00e9s fonctionnelles du produit.  <\/p>\n<p><strong>ATTENTION!<\/strong><\/p>\n<p>Le liquide de radiateur de voiture GLICAR EKO est con\u00e7u pour \u00eatre utilis\u00e9 dans les syst\u00e8mes de refroidissement des moteurs \u00e0 combustion interne \u00e9quip\u00e9s de radiateurs en laiton (cuivre), bras\u00e9s et en aluminium.<\/p>\n<\/div>\n<a id=\"readMoreButton\" href=\"javascript:void(0);\" data-readmore=\"Lire plus\" data-readless=\"R\u00e9duire le texte\">Lire plus<\/a>\n","protected":false},"excerpt":{"rendered":"<p><strong>GLICAR EKO en bref :<\/strong><\/p>\n<ul>\n<li>Biod\u00e9gradable.<\/li>\n<li>Non toxique, sans danger pour les personnes et l\u2019environnement.<\/li>\n<li>Il dispose d\u2019un certificat de l\u2019Institut National de l\u2019Hygi\u00e8ne.<\/li>\n<li>R\u00e9sistant au gel. Il reste liquide jusqu\u2019\u00e0 -35\u00b0C. <\/li>\n<li>Prot\u00e8ge le syst\u00e8me de refroidissement de la corrosion.<\/li>\n<li>Pr\u00e9serve et prot\u00e8ge les composants en caoutchouc contre l\u2019usure pr\u00e9matur\u00e9e.<\/li>\n<li>Une large gamme d\u2019applications allant des deux-roues et des v\u00e9hicules r\u00e9cr\u00e9atifs, en passant par les voitures particuli\u00e8res et les camions, les autobus et les tracteurs, et les v\u00e9hicules sp\u00e9cialis\u00e9s tels que les machines et \u00e9quipements de construction, les tracteurs et les machines agricoles, les \u00e9quipements militaires, les moteurs stationnaires.<\/li>\n<\/ul>\n<p>&nbsp;<\/p>\n","protected":false},"featured_media":16721,"template":"","meta":[],"product_brand":[],"product_cat":[193,175,181],"product_tag":[],"class_list":{"0":"post-21282","1":"product","2":"type-product","3":"status-publish","4":"has-post-thumbnail","6":"product_cat-ajout-duv","7":"product_cat-chimie-automobile","8":"product_cat-liquides-de-refroidissement-automobiles","10":"first","11":"instock","12":"shipping-taxable","13":"product-type-variable"},"acf":[],"_links":{"self":[{"href":"https:\/\/glitherm.com\/fr\/wp-json\/wp\/v2\/product\/21282","targetHints":{"allow":["GET"]}}],"collection":[{"href":"https:\/\/glitherm.com\/fr\/wp-json\/wp\/v2\/product"}],"about":[{"href":"https:\/\/glitherm.com\/fr\/wp-json\/wp\/v2\/types\/product"}],"wp:featuredmedia":[{"embeddable":true,"href":"https:\/\/glitherm.com\/fr\/wp-json\/wp\/v2\/media\/16721"}],"wp:attachment":[{"href":"https:\/\/glitherm.com\/fr\/wp-json\/wp\/v2\/media?parent=21282"}],"wp:term":[{"taxonomy":"product_brand","embeddable":true,"href":"https:\/\/glitherm.com\/fr\/wp-json\/wp\/v2\/product_brand?post=21282"},{"taxonomy":"product_cat","embeddable":true,"href":"https:\/\/glitherm.com\/fr\/wp-json\/wp\/v2\/product_cat?post=21282"},{"taxonomy":"product_tag","embeddable":true,"href":"https:\/\/glitherm.com\/fr\/wp-json\/wp\/v2\/product_tag?post=21282"}],"curies":[{"name":"wp","href":"https:\/\/api.w.org\/{rel}","templated":true}]}}