{"id":21296,"date":"2023-11-23T10:34:52","date_gmt":"2023-11-23T09:34:52","guid":{"rendered":"https:\/\/glitherm.com\/produkt\/nettoyant-pour-freins-glicar\/"},"modified":"2025-12-12T11:08:30","modified_gmt":"2025-12-12T10:08:30","slug":"nettoyant-pour-freins-glicar","status":"publish","type":"product","link":"https:\/\/glitherm.com\/fr\/produkt\/nettoyant-pour-freins-glicar\/","title":{"rendered":"Nettoyant pour freins GLICAR"},"content":{"rendered":"<p>Le dissolvant de frein GLICAR est un solvant universel largement utilis\u00e9 tant dans l\u2019industrie que dans les ateliers automobiles. Le d\u00e9capant de frein GLICAR est une pr\u00e9paration efficace pour le nettoyage des composants du syst\u00e8me de freinage tels que les disques de frein, les disques d\u2019embrayage, les disques de tambour et les \u00e9triers de frein destin\u00e9e aux professionnels. Le produit peut \u00eatre utilis\u00e9 avec succ\u00e8s pour le nettoyage efficace des diff\u00e9rentiels, des jambes de force McPerson, des cylindres, des chemises, des engrenages, des carburateurs, des pompes \u00e0 carburant et d\u2019autres surfaces m\u00e9talliques, \u00e0 la fois des pi\u00e8ces et des outils.  <\/p>\n<div id=\"showMoreDiv\" class=\"collapsed\">\u00a0\n<p>Gr\u00e2ce \u00e0 l\u2019utilisation d\u2019une formule moderne, combinant les substances actives les plus puissantes, la pr\u00e9paration \u00e9limine efficacement la plupart des salet\u00e9s. Le d\u00e9panneur de freins GLICAR dissout efficacement les huiles, graisses, cires, liquides de frein, agents de protection temporaire et r\u00e9sidus provenant des adh\u00e9sifs industriels. Le produit s\u2019\u00e9vapore instantan\u00e9ment de la surface nettoy\u00e9e, la laissant sans traces ni impuret\u00e9s.   Il ne corrode pas les composants nettoy\u00e9s.<\/p>\n<\/div>\n<a id=\"readMoreButton\" href=\"javascript:void(0);\" data-readmore=\"Lire plus\" data-readless=\"R\u00e9duire le texte\">Lire plus<\/a>\n","protected":false},"excerpt":{"rendered":"<p><strong>Le nettoyant pour freins GLICAR en bref : <\/strong><\/p>\n<ul>\n<li>Nettoie efficacement les surfaces m\u00e9talliques.<\/li>\n<li>Enl\u00e8ve efficacement : le liquide de frein, les cires, les huiles, les graisses, les produits de protection temporaire, les r\u00e9sidus d\u2019adh\u00e9sif, etc.<\/li>\n<li>Il \u00e9limine efficacement la plupart des contaminants industriels.<\/li>\n<li>Il peut \u00eatre utilis\u00e9 \u00e0 la fois pour le nettoyage des pi\u00e8ces et des outils.<\/li>\n<li>Il s\u2019\u00e9vapore instantan\u00e9ment.<\/li>\n<li>Apr\u00e8s \u00e9vaporation, il ne laisse pas de traces ou d\u2019autres impuret\u00e9s.<\/li>\n<li>Il ne corrode pas les composants nettoy\u00e9s.<\/li>\n<\/ul>\n","protected":false},"featured_media":16331,"template":"","meta":[],"product_brand":[],"product_cat":[178,175],"product_tag":[],"class_list":{"0":"post-21296","1":"product","2":"type-product","3":"status-publish","4":"has-post-thumbnail","6":"product_cat-autre","7":"product_cat-chimie-automobile","9":"first","10":"instock","11":"shipping-taxable","12":"product-type-variable"},"acf":[],"_links":{"self":[{"href":"https:\/\/glitherm.com\/fr\/wp-json\/wp\/v2\/product\/21296","targetHints":{"allow":["GET"]}}],"collection":[{"href":"https:\/\/glitherm.com\/fr\/wp-json\/wp\/v2\/product"}],"about":[{"href":"https:\/\/glitherm.com\/fr\/wp-json\/wp\/v2\/types\/product"}],"wp:featuredmedia":[{"embeddable":true,"href":"https:\/\/glitherm.com\/fr\/wp-json\/wp\/v2\/media\/16331"}],"wp:attachment":[{"href":"https:\/\/glitherm.com\/fr\/wp-json\/wp\/v2\/media?parent=21296"}],"wp:term":[{"taxonomy":"product_brand","embeddable":true,"href":"https:\/\/glitherm.com\/fr\/wp-json\/wp\/v2\/product_brand?post=21296"},{"taxonomy":"product_cat","embeddable":true,"href":"https:\/\/glitherm.com\/fr\/wp-json\/wp\/v2\/product_cat?post=21296"},{"taxonomy":"product_tag","embeddable":true,"href":"https:\/\/glitherm.com\/fr\/wp-json\/wp\/v2\/product_tag?post=21296"}],"curies":[{"name":"wp","href":"https:\/\/api.w.org\/{rel}","templated":true}]}}