{"id":21302,"date":"2023-11-24T08:46:32","date_gmt":"2023-11-24T07:46:32","guid":{"rendered":"https:\/\/glitherm.com\/produkt\/glicar-universal-liquide-de-radiateur-de-voiture\/"},"modified":"2025-12-12T09:18:55","modified_gmt":"2025-12-12T08:18:55","slug":"glicar-universal-liquide-de-radiateur-de-voiture","status":"publish","type":"product","link":"https:\/\/glitherm.com\/fr\/produkt\/glicar-universal-liquide-de-radiateur-de-voiture\/","title":{"rendered":"Liquide de radiateur de voiture GLICAR UNIVERSAL"},"content":{"rendered":"<p>L\u2019antigel GLICAR UNIVERSAL est un produit de haute qualit\u00e9 qui peut \u00eatre une alternative \u00e0 la plupart des produits sur le march\u00e9. Il peut \u00eatre utilis\u00e9 avec succ\u00e8s dans tous les moteurs \u00e0 combustion interne refroidis par liquide. D\u00e9di\u00e9 aux syst\u00e8mes de refroidissement des motos, quads et autres v\u00e9hicules de loisirs, des voitures particuli\u00e8res et des camions. Il peut \u00eatre utilis\u00e9 dans les \u00e9quipements agricoles, les v\u00e9hicules et les machines de construction, les \u00e9quipements militaires.   <\/p>\n<div id=\"showMoreDiv\" class=\"collapsed\">\u00a0\n<p>Le liquide radiateur GLICAR UNIVERSAL est une formule \u00e9quilibr\u00e9e bas\u00e9e sur le mono\u00e9thyl\u00e8ne glycol. Des additifs anticorrosion, stabilisateurs et agents anti-mousse soigneusement s\u00e9lectionn\u00e9s offrent une protection contre la corrosion des composants m\u00e9talliques, y compris l\u2019aluminium, entretenant et pr\u00e9venant l\u2019usure pr\u00e9matur\u00e9e des \u00e9l\u00e9ments en caoutchouc, des joints et joints et joints. Le produit ne mousse pas \u00e0 la fois pendant le remplissage du syst\u00e8me et pendant son fonctionnement. Il ne d\u00e9pose pas de calcaire \u00e0 l\u2019int\u00e9rieur du syst\u00e8me de refroidissement et prot\u00e8ge le syst\u00e8me des pr\u00e9cipitations, pr\u00e9servant ainsi sa propret\u00e9. Il est enti\u00e8rement miscible avec d\u2019autres liquides \u00e0 base de mono\u00e9thyl\u00e8ne glycol.    <\/p>\n<p>Le liquide radiateur GLICAR UNIVERSAL r\u00e9pond aux exigences des fluides \u00e0 faible coagulation. Il ne g\u00e8le pas \u00e0 des temp\u00e9ratures allant jusqu\u2019\u00e0 -35\u00b0C, prot\u00e9geant ainsi le moteur et son syst\u00e8me de refroidissement contre les basses temp\u00e9ratures. <\/p>\n<p><span style=\"font-weight: 400;\">Le produit r\u00e9pond aux exigences PN-C-40007, ASTM D 3306 et BS 6580.<\/span><\/p>\n<p><strong>Marqueur UV<\/strong><\/p>\n<p>Le liquide de radiateur de voiture GLICAR UNIVERSAL peut \u00eatre enrichi d\u2019un additif UV. Ce colorant est totalement inerte et n\u2019affecte en rien les propri\u00e9t\u00e9s physico-chimiques fonctionnelles du produit. L\u2019ajout de colorant UV fait briller le liquide dans les rayons UV. Un liquide \u00e9tiquet\u00e9 de cette mani\u00e8re r\u00e9duit le diagnostic des fuites du syst\u00e8me \u00e0 quelques \u00e9tapes simples et, surtout, il raccourcit le temps de d\u00e9tection de la fuite. Il suffit d\u2019assombrir l\u2019ensemble du syst\u00e8me ou son \u00e9l\u00e9ment test\u00e9, puis de l\u2019\u00e9clairer avec une lumi\u00e8re contenant le spectre UV. M\u00eame les gouttes uniques qui brillent dans l\u2019obscurit\u00e9 seront clairement visibles, m\u00eame dans les endroits difficiles d\u2019acc\u00e8s. Le fabricant recommande d\u2019utiliser des liquides de radiateur avec un marqueur UV pour chaque syst\u00e8me de refroidissement.      <\/p>\n<p><strong>Couleur.<\/strong><\/p>\n<p>Le liquide de radiateur de voiture GLICAR UNIVERSAL est de couleur rouge en standard. La couleur du produit est obtenue par l\u2019ajout de pigments min\u00e9raux naturels. Les pigments qui sont \u00e0 l\u2019origine de la couleur liquide sont totalement neutres par rapport aux propri\u00e9t\u00e9s physico-chimiques fonctionnelles du produit. Le pigment rouge peut \u00eatre remplac\u00e9 par d\u2019autres pigments \u00e0 la demande du client, ce qui donne du jaune, du vert ou du bleu.   <\/p>\n<\/div>\n<a id=\"readMoreButton\" href=\"javascript:void(0);\" data-readmore=\"Lire plus\" data-readless=\"R\u00e9duire le texte\">Lire plus<\/a>\n","protected":false},"excerpt":{"rendered":"<p><strong>Le GLICAR Universal en bref :<\/strong><\/p>\n<ul>\n<li>Large gamme d\u2019applications.<\/li>\n<li>D\u00e9di\u00e9 aux syst\u00e8mes de refroidissement liquide dans les moteurs \u00e0 combustion interne de tous les fabricants.<\/li>\n<li>R\u00e9pond aux exigences des fluides \u00e0 faible point de cong\u00e9lation.<\/li>\n<li>Il prot\u00e8ge le syst\u00e8me contre les basses temp\u00e9ratures jusqu&rsquo;\u00e0 -35\u00b0C.<\/li>\n<li>Prot\u00e8ge le syst\u00e8me de refroidissement de la corrosion.<\/li>\n<li>Maintient et pr\u00e9vient l\u2019usure pr\u00e9matur\u00e9e des joints et des joints.<\/li>\n<li>Il ne mousse pas.<\/li>\n<li>Prot\u00e8ge contre la formation de tartre et la formation de s\u00e9diments.<\/li>\n<li>Miscible avec d\u2019autres liquides \u00e0 base de mono\u00e9thyl\u00e8ne glycol.<\/li>\n<li>Il r\u00e9pond aux exigences PN-C-40007, ASTM D 3306 et BS 6580.<\/li>\n<\/ul>\n","protected":false},"featured_media":16458,"template":"","meta":[],"product_brand":[],"product_cat":[175,181],"product_tag":[],"class_list":{"0":"post-21302","1":"product","2":"type-product","3":"status-publish","4":"has-post-thumbnail","6":"product_cat-chimie-automobile","7":"product_cat-liquides-de-refroidissement-automobiles","9":"first","10":"instock","11":"shipping-taxable","12":"product-type-variable"},"acf":[],"_links":{"self":[{"href":"https:\/\/glitherm.com\/fr\/wp-json\/wp\/v2\/product\/21302","targetHints":{"allow":["GET"]}}],"collection":[{"href":"https:\/\/glitherm.com\/fr\/wp-json\/wp\/v2\/product"}],"about":[{"href":"https:\/\/glitherm.com\/fr\/wp-json\/wp\/v2\/types\/product"}],"wp:featuredmedia":[{"embeddable":true,"href":"https:\/\/glitherm.com\/fr\/wp-json\/wp\/v2\/media\/16458"}],"wp:attachment":[{"href":"https:\/\/glitherm.com\/fr\/wp-json\/wp\/v2\/media?parent=21302"}],"wp:term":[{"taxonomy":"product_brand","embeddable":true,"href":"https:\/\/glitherm.com\/fr\/wp-json\/wp\/v2\/product_brand?post=21302"},{"taxonomy":"product_cat","embeddable":true,"href":"https:\/\/glitherm.com\/fr\/wp-json\/wp\/v2\/product_cat?post=21302"},{"taxonomy":"product_tag","embeddable":true,"href":"https:\/\/glitherm.com\/fr\/wp-json\/wp\/v2\/product_tag?post=21302"}],"curies":[{"name":"wp","href":"https:\/\/api.w.org\/{rel}","templated":true}]}}