{"id":21346,"date":"2023-11-24T13:59:29","date_gmt":"2023-11-24T12:59:29","guid":{"rendered":"https:\/\/glitherm.com\/produkt\/glicar-universal-concentre-de-liquide-de-radiateur-de-voiture\/"},"modified":"2025-12-12T09:28:50","modified_gmt":"2025-12-12T08:28:50","slug":"glicar-universal-concentre-de-liquide-de-radiateur-de-voiture","status":"publish","type":"product","link":"https:\/\/glitherm.com\/fr\/produkt\/glicar-universal-concentre-de-liquide-de-radiateur-de-voiture\/","title":{"rendered":"Liquide de radiateur de voiture GLICAR UNIVERSAL CONCENTR\u00c9"},"content":{"rendered":"<p>Le liquide de radiateur de voiture concentr\u00e9 GLICAR UNIVERSAL n\u2019est pas un produit pr\u00eat \u00e0 l\u2019emploi. Avant d\u2019utiliser le concentr\u00e9, il doit \u00eatre dilu\u00e9 avec de l\u2019eau d\u00e9min\u00e9ralis\u00e9e dans un rapport de 1:1. Le fabricant d\u00e9conseille fortement l\u2019utilisation d\u2019un produit non dilu\u00e9. De plus, l\u2019utilisation d\u2019un produit trop dilu\u00e9 n\u2019est pas sans danger pour votre moteur. Vous pouvez en savoir plus sur le processus de dilution dans l\u2019onglet \u00ab Dilution \u00bb.    <\/p>\n<div id=\"showMoreDiv\" class=\"collapsed\">\u00a0\n<p>Le concentr\u00e9 universel GLICAR est un produit haut de gamme destin\u00e9 aux professionnels. En raison de la nature unique de sa formulation \u00e0 base de mono\u00e9thyl\u00e8ne glycol, il s\u2019agit d\u2019une alternative \u00e0 la plupart des fluides de refroidissement disponibles sur le march\u00e9. Il peut \u00eatre utilis\u00e9 dans les syst\u00e8mes de refroidissement des moteurs \u00e0 combustion interne de tous les fabricants. L\u2019une de ses applications est le syst\u00e8me de refroidissement de moteurs stationnaires, alimentant par exemple des g\u00e9n\u00e9rateurs \u00e9lectriques ou des centrales de terrain, mais il est d\u00e9di\u00e9 aux syst\u00e8mes de refroidissement pour motos, quads et autres v\u00e9hicules de loisirs, voitures et camions, ainsi que pour des v\u00e9hicules sp\u00e9ciaux. Il fonctionne \u00e9galement bien pour les \u00e9quipements et machines de construction et agricoles, ainsi que pour les v\u00e9hicules militaires.    <\/p>\n<p>Le concentr\u00e9 de fluide radiateur GLICAR UNIVERSAL est un produit enrichi en de nombreux additifs anticorrosion, stabilisants, additifs de raffinage et agents anti-mousse soigneusement s\u00e9lectionn\u00e9s. Un ensemble de mati\u00e8res premi\u00e8res de la plus haute qualit\u00e9 pr\u00e9par\u00e9 de cette mani\u00e8re assure une protection compl\u00e8te contre la corrosion de tous les \u00e9l\u00e9ments m\u00e9talliques du syst\u00e8me de refroidissement. Elle pr\u00e9serve et pr\u00e9vient l\u2019usure pr\u00e9matur\u00e9e et la d\u00e9gradation des composants en caoutchouc, des joints et des joints. Le produit ne mousse pas \u00e0 la fois pendant l\u2019application et le fonctionnement du syst\u00e8me de refroidissement.   <\/p>\n<p>Le concentr\u00e9 universel de glicar est enti\u00e8rement miscible avec d\u2019autres liquides produits \u00e0 base de mono\u00e9thyl\u00e8ne glycol.<\/p>\n<p>Le fluide radiateur r\u00e9sultant de la dilution du concentr\u00e9 GLICAR UNIVERSAL r\u00e9pond aux exigences des fluides \u00e0 faible coagulation. Il reste liquide m\u00eame \u00e0 des temp\u00e9ratures sous z\u00e9ro. Il prot\u00e8ge le syst\u00e8me de refroidissement contre le gel jusqu\u2019\u00e0 -35\u00b0C.  <\/p>\n<p><span style=\"font-weight: 400;\">Le produit r\u00e9pond aux exigences des normes PN-C-40007, ASTM D 3306 et BS 6580.<\/span><\/p>\n<p><strong>Additif UV<\/strong><\/p>\n<p>Un additif UV est un colorant UV ajout\u00e9 \u00e0 la demande du client, qui fait briller le fluide de travail lorsqu\u2019il est expos\u00e9 \u00e0 une lumi\u00e8re contenant le spectre UV. Cela facilite le diagnostic de l\u2019\u00e9tanch\u00e9it\u00e9 du syst\u00e8me et facilite la t\u00e2che de tous. Pour v\u00e9rifier l\u2019\u00e9tanch\u00e9it\u00e9 du syst\u00e8me, il suffit d\u2019assombrir le syst\u00e8me de refroidissement ou sa pi\u00e8ce test\u00e9e et de diriger la lumi\u00e8re d\u2019une lampe de poche avec un spectre UV \u00e0 cet endroit. Si le syst\u00e8me fuit, la fuite brillera dans le noir. Nous avons alors une r\u00e9ponse claire et indiscutable sur l\u2019\u00e9tanch\u00e9it\u00e9 du syst\u00e8me. Le produit enrichi d\u2019un marqueur UV est si utile dans le domaine du diagnostic des fuites du syst\u00e8me et raccourcit si sensiblement le temps du processus que le fabricant recommande son utilisation dans tous les syst\u00e8mes de refroidissement, tant dans les moteurs de v\u00e9hicules que dans les moteurs stationnaires.     <\/p>\n<p><strong>Couleur<\/strong><\/p>\n<p>Le liquide de radiateur de voiture concentr\u00e9 GLICAR UNIVERSAL est color\u00e9 en rouge en standard. La couleur est obtenue par l\u2019ajout de pigments min\u00e9raux naturels. Les pigments restent totalement neutres par rapport aux propri\u00e9t\u00e9s physico-chimiques fonctionnelles du produit. Les pigments utilis\u00e9s peuvent \u00eatre remplac\u00e9s par un autre colorant \u00e0 la demande expresse du client. De cette fa\u00e7on, vous pouvez obtenir une version enti\u00e8rement fonctionnelle du produit dans des couleurs allant du jaune au vert en passant par le bleu.    <\/p>\n<\/div>\n<a id=\"readMoreButton\" href=\"javascript:void(0);\" data-readmore=\"Lire plus\" data-readless=\"R\u00e9duire le texte\">Lire plus<\/a>\n","protected":false},"excerpt":{"rendered":"<p><strong>La GLICAR UNIVERSAL CONCENTRATE en bref :<\/strong><\/p>\n<ul>\n<li>Formule concentr\u00e9e. Moins de produit signifie moins de transport et de stockage.<\/li>\n<li>Con\u00e7u pour les moteurs \u00e0 combustion interne de tous les fabricants.<\/li>\n<li>R\u00e9pond aux exigences des fluides \u00e0 faible solidification.<\/li>\n<li>Prot\u00e8ge le syst\u00e8me des basses temp\u00e9ratures jusqu\u2019\u00e0 -35\u00b0C.<\/li>\n<li>Prot\u00e8ge contre la corrosion.<\/li>\n<li>Pr\u00e9serve et prot\u00e8ge les \u00e9l\u00e9ments en caoutchouc contre l\u2019usure pr\u00e9matur\u00e9e.<\/li>\n<li>Il prot\u00e8ge contre le calcaire et les pr\u00e9cipitations.<\/li>\n<li>Il ne mousse pas.<\/li>\n<li>Il se m\u00e9lange facilement avec tous les liquides \u00e0 base de mono\u00e9thyl\u00e8ne glycol.<\/li>\n<li>R\u00e9pond aux<span style=\"font-weight: 400;\">exigences des normes PN-C-40007, ASTM D 3306 et BS 6580.<\/span><\/li>\n<\/ul>\n","protected":false},"featured_media":16462,"template":"","meta":[],"product_brand":[],"product_cat":[175,181],"product_tag":[],"class_list":{"0":"post-21346","1":"product","2":"type-product","3":"status-publish","4":"has-post-thumbnail","6":"product_cat-chimie-automobile","7":"product_cat-liquides-de-refroidissement-automobiles","9":"first","10":"instock","11":"shipping-taxable","12":"product-type-variable"},"acf":[],"_links":{"self":[{"href":"https:\/\/glitherm.com\/fr\/wp-json\/wp\/v2\/product\/21346","targetHints":{"allow":["GET"]}}],"collection":[{"href":"https:\/\/glitherm.com\/fr\/wp-json\/wp\/v2\/product"}],"about":[{"href":"https:\/\/glitherm.com\/fr\/wp-json\/wp\/v2\/types\/product"}],"wp:featuredmedia":[{"embeddable":true,"href":"https:\/\/glitherm.com\/fr\/wp-json\/wp\/v2\/media\/16462"}],"wp:attachment":[{"href":"https:\/\/glitherm.com\/fr\/wp-json\/wp\/v2\/media?parent=21346"}],"wp:term":[{"taxonomy":"product_brand","embeddable":true,"href":"https:\/\/glitherm.com\/fr\/wp-json\/wp\/v2\/product_brand?post=21346"},{"taxonomy":"product_cat","embeddable":true,"href":"https:\/\/glitherm.com\/fr\/wp-json\/wp\/v2\/product_cat?post=21346"},{"taxonomy":"product_tag","embeddable":true,"href":"https:\/\/glitherm.com\/fr\/wp-json\/wp\/v2\/product_tag?post=21346"}],"curies":[{"name":"wp","href":"https:\/\/api.w.org\/{rel}","templated":true}]}}