{"id":21904,"date":"2025-11-24T09:35:16","date_gmt":"2025-11-24T08:35:16","guid":{"rendered":"https:\/\/glitherm.com\/produkt\/glicar-g12-evo-concentre-de-liquide-de-radiateur-de-voiture\/"},"modified":"2025-12-11T09:06:09","modified_gmt":"2025-12-11T08:06:09","slug":"glicar-g12-evo-concentre-de-liquide-de-radiateur-de-voiture","status":"publish","type":"product","link":"https:\/\/glitherm.com\/fr\/produkt\/glicar-g12-evo-concentre-de-liquide-de-radiateur-de-voiture\/","title":{"rendered":"Liquide de radiateur de voiture GLICAR G12 EVO"},"content":{"rendered":"<p><span style=\"font-weight: 400;\">Le concentr\u00e9 GLICAR G12 EVO est un concentr\u00e9 avanc\u00e9 de fluide radiateur haut de gamme d\u00e9velopp\u00e9 gr\u00e2ce \u00e0 la technologie Si-OAT, dans lequel les inhibiteurs organiques sont soutenus par une quantit\u00e9 contr\u00f4l\u00e9e de silicates stables. Cette formule offre une protection \u00e0 long terme pour les syst\u00e8mes de refroidissement modernes \u2013 aussi bien dans les voitures particuli\u00e8res, les v\u00e9hicules utilitaires que dans les machines industrielles ou agricoles. <\/span><\/p>\n<div id=\"showMoreDiv\" class=\"collapsed\">\u00a0\n<p><span style=\"font-weight: 400;\">Le produit a \u00e9t\u00e9 con\u00e7u pour les moteurs essence, hybrides et rechargeables, dans lesquels la r\u00e9sistance \u00e0 la corrosion et la compatibilit\u00e9 avec l\u2019aluminium et ses alliages jouent un r\u00f4le cl\u00e9. La forte concentration d\u2019\u00e9thyl\u00e8ne glycol permet d\u2019obtenir une solution de refroidissement avec des param\u00e8tres parfaitement adapt\u00e9s aux conditions de fonctionnement du v\u00e9hicule. <\/span><\/p>\n<p><span style=\"font-weight: 400;\">Le concentr\u00e9 est exempt de borates, d\u2019amines, de phosphates, de nitrates et d\u2019acide 2-\u00e9thylhexano\u00efque, ce qui permet une stabilit\u00e9 chimique, une dur\u00e9e de vie prolong\u00e9e et une protection des composants m\u00e9talliques et en caoutchouc. Lorsqu\u2019il est dilu\u00e9 conform\u00e9ment aux recommandations du fabricant avec de l\u2019eau d\u00e9min\u00e9ralis\u00e9e dans un ratio 1:1, le produit garantit une protection fiable contre le gel, la surchauffe, la pr\u00e9cipitation des d\u00e9p\u00f4ts et la d\u00e9gradation de la surface des composants internes du syst\u00e8me de refroidissement. <\/span><\/p>\n<p><span style=\"font-weight: 400;\">Le GLICAR G12 EVO est compatible avec tous les liquides de refroidissement moteurs Si-OAT \u00e0 base d\u2019\u00e9thyl\u00e8ne glycol (MEG).<\/span><\/p>\n<p><span style=\"font-weight: 400;\">Pour une protection optimale, il est recommand\u00e9 de vider tout le syst\u00e8me de refroidissement et de le remplir uniquement avec un GLICAR G12 EVO.  <\/span><\/p>\n<p><span style=\"font-weight: 400;\">Pour une efficacit\u00e9 maximale, il est recommand\u00e9 de changer le fluide tous les 6 ans ou tous les 250 000 km.<\/span><\/p>\n<p><b>Additif UV<\/b><\/p>\n<p><span style=\"font-weight: 400;\">Sur demande, le concentr\u00e9 peut \u00eatre enrichi avec un marqueur UV fluorescent, ce qui facilite la d\u00e9tection des fuites m\u00eame pour les personnes sans exp\u00e9rience en service.<\/span><\/p>\n<p><b>Couleur<\/b><\/p>\n<p><span style=\"font-weight: 400;\">La couleur de base du produit est <span data-olk-copy-source=\"MessageBody\">rose-violet<\/span>. Le colorant n\u2019affecte pas la performance du concentr\u00e9.<\/span><\/p>\n<p><b>ATTENTION!<\/b><\/p>\n<p><span style=\"font-weight: 400;\">Le concentr\u00e9 doit \u00eatre dilu\u00e9 avant l\u2019application. Il est recommand\u00e9 de pr\u00e9parer un m\u00e9lange 1:1 (50\/50) avec de l\u2019eau distill\u00e9e ou d\u00e9min\u00e9ralis\u00e9e. L\u2019utilisation d\u2019eau du robinet, d\u2019eau dure ou contamin\u00e9e, peut entra\u00eener une accumulation de calcaire et d\u00e9t\u00e9riorer l\u2019efficacit\u00e9 du syst\u00e8me de refroidissement.  <\/span><\/p>\n<p><span style=\"font-weight: 400;\">Le GLICAR G12 EVO a \u00e9t\u00e9 d\u00e9velopp\u00e9 pour prot\u00e9ger les syst\u00e8mes de refroidissement modernes des moteurs hybrides, rechargeables et \u00e0 combustion interne, fabriqu\u00e9s en aluminium et en alliages.<\/span><\/p>\n<\/div>\n<a id=\"readMoreButton\" href=\"javascript:void(0);\" data-readmore=\"Lire plus\" data-readless=\"R\u00e9duire le texte\">Lire plus<\/a>\n","protected":false},"excerpt":{"rendered":"<p><span style=\"font-weight: 400;\">GLICAR G12 EVO Concentrate en bref :<\/span><\/p>\n<ul>\n<li style=\"font-weight: 400;\" aria-level=\"1\"><span style=\"font-weight: 400;\">Concentr\u00e9 Si-OAT haute performance.<\/span><\/li>\n<li style=\"font-weight: 400;\" aria-level=\"1\">Avant utilisation, il doit \u00eatre dilu\u00e9 avec de l&rsquo;eau d\u00e9min\u00e9ralis\u00e9e dans un rapport 1:1.<\/li>\n<li aria-level=\"1\"><span data-olk-copy-source=\"MessageBody\">D\u00e9di\u00e9 aux voitures hybrides et rechargeables.<\/span><\/li>\n<li style=\"font-weight: 400;\" aria-level=\"1\"><span style=\"font-weight: 400;\">Bas\u00e9 sur le mono\u00e9thyl\u00e8ne glycol (MEG).<\/span><\/li>\n<li style=\"font-weight: 400;\" aria-level=\"1\"><span style=\"font-weight: 400;\">Dilu\u00e9 1:1, il offre une protection jusqu\u2019\u00e0 -38\u00b0C.<\/span><\/li>\n<li style=\"font-weight: 400;\" aria-level=\"1\"><span style=\"font-weight: 400;\">Il prot\u00e8ge le syst\u00e8me contre la corrosion, la surchauffe et le gel.<\/span><\/li>\n<li style=\"font-weight: 400;\" aria-level=\"1\"><span style=\"font-weight: 400;\">Contient des silicates.<\/span><\/li>\n<li style=\"font-weight: 400;\" aria-level=\"1\"><span style=\"font-weight: 400;\">Nie zawiera boran\u00f3w, amin, fosforan\u00f3w, azotan\u00f3w ani kwasu 2-etyloheksanowego.<\/span><\/li>\n<li style=\"font-weight: 400;\" aria-level=\"1\"><span style=\"font-weight: 400;\">Con\u00e7u pour des syst\u00e8mes de refroidissement modernes, incluant l\u2019aluminium et le m\u00e9lange.<\/span><\/li>\n<li style=\"font-weight: 400;\" aria-level=\"1\"><span style=\"font-weight: 400;\">Ajout UV possible pour faciliter la d\u00e9tection des fuites.<\/span><\/li>\n<li style=\"font-weight: 400;\" aria-level=\"1\"><span style=\"font-weight: 400;\">Dur\u00e9e de service recommand\u00e9e apr\u00e8s dilution du syst\u00e8me : 6 ans \/ 250 000 km  <\/span><\/li>\n<li style=\"font-weight: 400;\" aria-level=\"1\"><span style=\"font-weight: 400;\">Conforme aux normes suivantes : AUDI\/SEAT\/SKODA\/VW GROUP TL-774 G\/L (G12evo) TL-774 J (G13), AFNOR NF 15-601 NOV. 2020, ASTM D 3306, ASTM D 4985, ASTM D 6210, BMW, MINI, ROLLS ROYCE (LC18), BS 6580:2010, CHINA GB 29743-2013, CUNA NC 956-16, JIS K 2234:2006, SANS 1251:2005, \u00d6NORM V 5123, PN-C40007:2000, Volvo Cars (TR-31854114-002), SAE J1034.<\/span><\/li>\n<\/ul>\n","protected":false},"featured_media":21793,"template":"","meta":[],"product_brand":[],"product_cat":[193,175,181],"product_tag":[],"class_list":{"0":"post-21904","1":"product","2":"type-product","3":"status-publish","4":"has-post-thumbnail","6":"product_cat-ajout-duv","7":"product_cat-chimie-automobile","8":"product_cat-liquides-de-refroidissement-automobiles","10":"first","11":"instock","12":"shipping-taxable","13":"product-type-variable"},"acf":[],"_links":{"self":[{"href":"https:\/\/glitherm.com\/fr\/wp-json\/wp\/v2\/product\/21904","targetHints":{"allow":["GET"]}}],"collection":[{"href":"https:\/\/glitherm.com\/fr\/wp-json\/wp\/v2\/product"}],"about":[{"href":"https:\/\/glitherm.com\/fr\/wp-json\/wp\/v2\/types\/product"}],"wp:featuredmedia":[{"embeddable":true,"href":"https:\/\/glitherm.com\/fr\/wp-json\/wp\/v2\/media\/21793"}],"wp:attachment":[{"href":"https:\/\/glitherm.com\/fr\/wp-json\/wp\/v2\/media?parent=21904"}],"wp:term":[{"taxonomy":"product_brand","embeddable":true,"href":"https:\/\/glitherm.com\/fr\/wp-json\/wp\/v2\/product_brand?post=21904"},{"taxonomy":"product_cat","embeddable":true,"href":"https:\/\/glitherm.com\/fr\/wp-json\/wp\/v2\/product_cat?post=21904"},{"taxonomy":"product_tag","embeddable":true,"href":"https:\/\/glitherm.com\/fr\/wp-json\/wp\/v2\/product_tag?post=21904"}],"curies":[{"name":"wp","href":"https:\/\/api.w.org\/{rel}","templated":true}]}}