{"id":21911,"date":"2025-11-24T09:13:13","date_gmt":"2025-11-24T08:13:13","guid":{"rendered":"https:\/\/glitherm.com\/produkt\/glicar-g12-evo-liquide-de-radiateur-de-voiture\/"},"modified":"2025-12-11T09:19:11","modified_gmt":"2025-12-11T08:19:11","slug":"glicar-g12-evo-liquide-de-radiateur-de-voiture","status":"publish","type":"product","link":"https:\/\/glitherm.com\/fr\/produkt\/glicar-g12-evo-liquide-de-radiateur-de-voiture\/","title":{"rendered":"Liquide radiateur antigel Glicar G12 EVO"},"content":{"rendered":"<p><span style=\"font-weight: 400;\">Le GLICAR G12 EVO est un fluide de radiateur haut de gamme, pr\u00eat \u00e0 l\u2019emploi, d\u00e9velopp\u00e9 avec la technologie Si-OAT, qui combine inhibiteurs organiques avec l\u2019ajout de silicates stables. Cela offre une protection \u00e0 long terme du syst\u00e8me de refroidissement contre la corrosion, la surchauffe et le gel, m\u00eame dans les conditions de fonctionnement les plus difficiles. <\/span><\/p>\n<div id=\"showMoreDiv\" class=\"collapsed\">\u00a0\n<p><span style=\"font-weight: 400;\">Le produit a \u00e9t\u00e9 con\u00e7u pour les unit\u00e9s motrices actuelles \u2013 essence, diesel, hybride et rechargeable \u2013 compos\u00e9es, entre autres, d\u2019aluminium et d\u2019alliages d\u2019aluminium m.in. Il fonctionnera partout o\u00f9 les fluides modernes sont exig\u00e9s pour r\u00e9pondre \u00e0 des normes internationales \u00e9lev\u00e9es et aux sp\u00e9cifications des v\u00e9hicules les plus modernes.  <\/span><\/p>\n<p><span style=\"font-weight: 400;\">La formule de GLICAR G12 EVO est bas\u00e9e sur l\u2019\u00e9thyl\u00e8ne glycol et exempte de borates, amines, phosphates, nitrates et acide 2-\u00e9thylhexano\u00efque. Cela garantit une excellente stabilit\u00e9, une compatibilit\u00e9 des mat\u00e9riaux et une s\u00e9curit\u00e9 op\u00e9rationnelle du syst\u00e8me de refroidissement. <\/span><\/p>\n<p><span style=\"font-weight: 400;\">Le GLICAR G12 EVO est un produit enti\u00e8rement pr\u00eat \u00e0 l\u2019emploi \u2013 le fabricant ne recommande pas de le diluer pour conserver pleinement ses propri\u00e9t\u00e9s protectrices.  <\/span><\/p>\n<p><span style=\"font-weight: 400;\">Le GLICAR G12 EVO est g\u00e9n\u00e9ralement compatible avec tous les liquides de refroidissement des moteurs Si-OAT \u00e0 base d\u2019\u00e9thyl\u00e8ne glycol (1,2-\u00e9thanodiol, MEG-u).<\/span><\/p>\n<p><span style=\"font-weight: 400;\">Pour une efficacit\u00e9 maximale, il est recommand\u00e9 de changer le liquide tous les <\/span><b>6 ans ou tous les 250 000<\/b><span style=\"font-weight: 400;\"> km selon les recommandations du fabricant selon lesquelles la meilleure protection est assur\u00e9e par un syst\u00e8me enti\u00e8rement rempli de ce produit.<\/span><\/p>\n<p><b>Additif UV<\/b><\/p>\n<p><span style=\"font-weight: 400;\">\u00c0 la demande du client, le produit peut \u00eatre enrichi d\u2019un additif UV, facilitant la d\u00e9tection des fuites possibles dans le syst\u00e8me de refroidissement \u00e0 l\u2019aide de lampes UV.<\/span><\/p>\n<p><b>Couleur<\/b><\/p>\n<p><span style=\"font-weight: 400;\">Le GLICAR G12 EVO est disponible en <span data-olk-copy-source=\"MessageBody\">rose et violet<\/span> selon les normes de l\u2019industrie. Cette couleur s\u2019obtient en ajoutant un pigment min\u00e9ral naturel. Le pigment n\u2019affecte pas les propri\u00e9t\u00e9s physicochimiques fonctionnelles du produit. <\/span><\/p>\n<p><b>ATTENTION!<\/b><\/p>\n<p><span style=\"font-weight: 400;\">Le GLICAR G12 EVO a \u00e9t\u00e9 d\u00e9velopp\u00e9 pour prot\u00e9ger les syst\u00e8mes de refroidissement modernes des moteurs \u00e0 combustion interne, hybrides, moteurs rechargeables en aluminium et ses alliages.<\/span><\/p>\n<\/div>\n<a id=\"readMoreButton\" href=\"javascript:void(0);\" data-readmore=\"Lire plus\" data-readless=\"R\u00e9duire le texte\">Lire plus<\/a>\n","protected":false},"excerpt":{"rendered":"<p><b>Le GLICAR G12 EVO en bref :<\/b><\/p>\n<ul>\n<li style=\"font-weight: 400;\" aria-level=\"1\"><span style=\"font-weight: 400;\">Liquide de refroidissement pr\u00eat \u00e0 l\u2019emploi, classe Si-OAT.<\/span><\/li>\n<li aria-level=\"1\"><span data-olk-copy-source=\"MessageBody\">D\u00e9di\u00e9 aux voitures hybrides et rechargeables.<\/span><\/li>\n<li style=\"font-weight: 400;\" aria-level=\"1\"><span style=\"font-weight: 400;\">Bas\u00e9 sur de l\u2019\u00e9thyl\u00e8ne glycol de haute qualit\u00e9 (MEG).<\/span><\/li>\n<li style=\"font-weight: 400;\" aria-level=\"1\"><span style=\"font-weight: 400;\">Il ne g\u00e8le pas, prot\u00e8ge le syst\u00e8me contre des temp\u00e9ratures allant jusqu\u2019\u00e0 -38\u00b0C.<\/span><\/li>\n<li style=\"font-weight: 400;\" aria-level=\"1\"><span style=\"font-weight: 400;\">Protection compl\u00e8te contre la corrosion des composants m\u00e9talliques, joints et joints.<\/span><\/li>\n<li style=\"font-weight: 400;\" aria-level=\"1\"><span style=\"font-weight: 400;\">Avec l\u2019ajout de silicates stables.<\/span><\/li>\n<li style=\"font-weight: 400;\" aria-level=\"1\"><span style=\"font-weight: 400;\">Il ne contient ni borats, ni amines, ni phosphates, ni nitrates ni acide 2-\u00e9thylhexano\u00efque.<\/span><\/li>\n<li style=\"font-weight: 400;\" aria-level=\"1\"><span style=\"font-weight: 400;\">Con\u00e7u pour des syst\u00e8mes de refroidissement modernes, y compris en aluminium.<\/span><\/li>\n<li style=\"font-weight: 400;\" aria-level=\"1\"><span style=\"font-weight: 400;\">Ajout UV possible pour soutenir le diagnostic des fuites.<\/span><\/li>\n<li style=\"font-weight: 400;\" aria-level=\"1\"><span style=\"font-weight: 400;\">P\u00e9riode de remplacement recommand\u00e9e : 6 ans \/ 250 000 km  <\/span><\/li>\n<li style=\"font-weight: 400;\" aria-level=\"1\"><span style=\"font-weight: 400;\">Conforme aux normes suivantes : AUDI\/SEAT\/SKODA\/VW GROUP TL-774 G\/L (G12evo) TL-774 J (G13), AFNOR NF 15-601 NOV. 2020, ASTM D 3306, ASTM D 4985, ASTM D 6210, BMW, MINI, ROLLS ROYCE (LC18), BS 6580:2010, CHINA GB 29743-2013, CUNA NC 956-16, JIS K 2234:2006, SANS 1251:2005, \u00d6NORM V 5123, PN-C40007:2000, Volvo Cars (TR-31854114-002), SAE J1034.<\/span><\/li>\n<\/ul>\n","protected":false},"featured_media":21789,"template":"","meta":[],"product_brand":[],"product_cat":[193,175,181],"product_tag":[],"class_list":{"0":"post-21911","1":"product","2":"type-product","3":"status-publish","4":"has-post-thumbnail","6":"product_cat-ajout-duv","7":"product_cat-chimie-automobile","8":"product_cat-liquides-de-refroidissement-automobiles","10":"first","11":"instock","12":"shipping-taxable","13":"product-type-variable"},"acf":[],"_links":{"self":[{"href":"https:\/\/glitherm.com\/fr\/wp-json\/wp\/v2\/product\/21911","targetHints":{"allow":["GET"]}}],"collection":[{"href":"https:\/\/glitherm.com\/fr\/wp-json\/wp\/v2\/product"}],"about":[{"href":"https:\/\/glitherm.com\/fr\/wp-json\/wp\/v2\/types\/product"}],"wp:featuredmedia":[{"embeddable":true,"href":"https:\/\/glitherm.com\/fr\/wp-json\/wp\/v2\/media\/21789"}],"wp:attachment":[{"href":"https:\/\/glitherm.com\/fr\/wp-json\/wp\/v2\/media?parent=21911"}],"wp:term":[{"taxonomy":"product_brand","embeddable":true,"href":"https:\/\/glitherm.com\/fr\/wp-json\/wp\/v2\/product_brand?post=21911"},{"taxonomy":"product_cat","embeddable":true,"href":"https:\/\/glitherm.com\/fr\/wp-json\/wp\/v2\/product_cat?post=21911"},{"taxonomy":"product_tag","embeddable":true,"href":"https:\/\/glitherm.com\/fr\/wp-json\/wp\/v2\/product_tag?post=21911"}],"curies":[{"name":"wp","href":"https:\/\/api.w.org\/{rel}","templated":true}]}}