{"id":22024,"date":"2023-09-27T13:08:46","date_gmt":"2023-09-27T11:08:46","guid":{"rendered":"https:\/\/glitherm.com\/produkt\/liquide-de-radiateur-antigel-glicar-g11\/"},"modified":"2025-12-11T10:13:44","modified_gmt":"2025-12-11T09:13:44","slug":"liquide-de-radiateur-antigel-glicar-g11","status":"publish","type":"product","link":"https:\/\/glitherm.com\/fr\/produkt\/liquide-de-radiateur-antigel-glicar-g11\/","title":{"rendered":"Liquide de radiateur antigel GLICAR G11"},"content":{"rendered":"<p>Le liquide de radiateur GLICAR G11 est un produit pr\u00eat \u00e0 l\u2019emploi, il ne n\u00e9cessite pas de dilution. Il suffit de la verser dans le syst\u00e8me de refroidissement efficace du moteur \u00e0 combustion interne, et en supposant que le syst\u00e8me soit bien tendu, cela garantit un fonctionnement sans probl\u00e8me ni maintenance. Le produit ne doit pas \u00eatre dilu\u00e9. L\u2019utilisation d\u2019un produit dilu\u00e9 peut entra\u00eener une perte de ses propri\u00e9t\u00e9s et m\u00eame des dommages au moteur.   <\/p>\n<div id=\"showMoreDiv\" class=\"collapsed\">\u00a0\n<p>Le liquide radiateur Glicar G11 est un produit totalement d\u00e9pourvu d\u2019additifs \u00e0 la glyc\u00e9rine. La formule du produit contient des additifs anticorrosion, stabilisants et agents anti-mousse soigneusement s\u00e9lectionn\u00e9s. Combin\u00e9e \u00e0 de l\u2019eau d\u00e9min\u00e9ralis\u00e9e et au mono\u00e9thyl\u00e8ne glycol comme ingr\u00e9dients de base, cela vous permet d\u2019obtenir un produit de la plus haute qualit\u00e9. Le Glicar G11 est non seulement totalement s\u00fbr pour tout moteur \u00e0 combustion interne, mais surtout, il offre une protection compl\u00e8te contre la corrosion et la d\u00e9gradation des composants m\u00e9talliques, des joints et des joints. Le Glicar G11 prot\u00e8ge le syst\u00e8me de refroidissement non seulement contre la corrosion et la d\u00e9gradation des joints, mais aussi contre les pr\u00e9cipitations de d\u00e9p\u00f4ts et de calcaire. Cela maintient le syst\u00e8me propre pendant des ann\u00e9es de fonctionnement. De plus, il ne mousse pas \u00e0 la fois pendant le remplissage du syst\u00e8me et pendant son fonctionnement. Le Glicar G11 est un antigel qui prot\u00e8ge le syst\u00e8me de refroidissement contre les basses temp\u00e9ratures allant jusqu\u2019\u00e0 -35\u00b0C.       <\/p>\n<p>Le liquide de radiateur Glicar G11 peut \u00eatre utilis\u00e9 avec succ\u00e8s dans les syst\u00e8mes de refroidissement pour voitures particuli\u00e8res, fourgonnettes, camions, bus, machines et v\u00e9hicules de construction, \u00e9quipements militaires et v\u00e9hicules militaires, contemporains ou historiques, tracteurs et machines utilis\u00e9s en agriculture, ainsi que moteurs stationnaires.<\/p>\n<p>Le produit est soumis aux normes suivantes : PN93\/C-40008-10 ; PN-C-40007 ; ASTM D 5931-13 ; ASTM D 1287-11 ; PN 93\/C-40008-05 ; PN-C-40008-06:1993\/AZ 1:2000.<\/p>\n<p>Le produit r\u00e9pond aux exigences de l\u2019AUDI\/SEAT\/SKODA\/VW TL 774 C ; ANFOR NF R 15-601 ; ASTM D 2570 ; ASTM D 3306 ; ASTM D 4985 ; ASTM D 5345 ; BMW GS 94000 ; BMW N 600 69.0 ; BS 6580:2010 ; DAF 74001 ; Homme 324 NF ; Homme 324 NF PRIORITAIRE ; MB 325.0 ; MB 325.2 ; SAE J814.<\/p>\n<p><strong>Marqueur UV<\/strong><\/p>\n<p>Sur demande, la recette du liquide de refroidissement GLICAR G11 peut \u00eatre enrichie d\u2019un colorant UV. Cet additif n\u2019affecte pas les propri\u00e9t\u00e9s physicochimiques fonctionnelles du produit. Un liquide contenant une \u00e9tiquette UV \u00ab brille \u00bb dans l\u2019obscurit\u00e9 sous l\u2019influence des rayons UV. Cela signifie qu\u2019il suffit d\u2019assombrir le syst\u00e8me de refroidissement du moteur et de l\u2019illuminer avec des rayons UV, par exemple avec une lampe de poche \u00e0 poche, pour d\u00e9tecter une fuite de liquide de refroidissement provenant d\u2019un syst\u00e8me fuyant ou confirmer sa fuite. L\u2019ajout d\u2019un marqueur UV simplifie le diagnostic et r\u00e9duit tellement le temps de diagnostic que le constructeur recommande un marqueur UV comme additif standard pour tous les liquides de refroidissement utilis\u00e9s dans tous les v\u00e9hicules.    <\/p>\n<p><strong>Couleur. <\/strong><\/p>\n<p>Le Glicar G11 est fourni en bleu de s\u00e9rie. Cette couleur s\u2019obtient en ajoutant un pigment min\u00e9ral naturel. Le pigment n\u2019affecte pas les propri\u00e9t\u00e9s physicochimiques fonctionnelles du produit. \u00c0 la demande du client, le pigment bleu peut \u00eatre remplac\u00e9 par du vert ou du jaune.<\/p>\n<p><strong>ATTENTION!<\/strong><\/p>\n<p><span style=\"font-weight: 400;\">Le fluide pour radiateur Glicar G11 peut \u00eatre utilis\u00e9 en toute s\u00e9curit\u00e9 dans les syst\u00e8mes de refroidissement bas\u00e9s sur des radiateurs en laiton, cuivre et aluminium, y compris ceux bras\u00e9s. <\/span><\/p>\n<\/div>\n<a id=\"readMoreButton\" href=\"javascript:void(0);\" data-readmore=\"Lire plus\" data-readless=\"R\u00e9duire le texte\">Lire plus<\/a>\n","protected":false},"excerpt":{"rendered":"<p><strong>GLICAR G11 en bref :<\/strong><\/p>\n<ul>\n<li>Ne contient pas de glyc\u00e9rine.<\/li>\n<li>Contient des additifs anti-mousse.<\/li>\n<li>Ne g\u00e8le pas. Prot\u00e8ge le syst\u00e8me contre les basses temp\u00e9ratures allant jusqu\u2019\u00e0 -35\u00b0C.<\/li>\n<li>Il prot\u00e8ge contre la corrosion, la d\u00e9gradation des composants m\u00e9talliques ainsi que des joints et joints d\u2019\u00e9tanch\u00e9it\u00e9.<\/li>\n<li>Il peut \u00eatre utilis\u00e9 dans les motos, les voitures, les engins de construction, les \u00e9quipements militaires et les machines agricoles.<\/li>\n<li>D\u00e9di\u00e9 aux refroidisseurs en laiton, cuivre, aluminium, \u00e9galement soud\u00e9s.<\/li>\n<li>Il poss\u00e8de les normes suivantes : PN93\/C-40008-10 ; PN-C-40007 ; ASTM D 5931-13 ; ASTM D 1287-11 ; PN 93\/C-40008-05 ;P N-C-40008-06:1993\/AZ 1:2000.<\/li>\n<li>R\u00e9pond aux exigences des normes suivantes : AUDI\/SEAT\/SKODA\/VW TL 774 C ; ANFOR NF R 15-601 ; ASTM D 2570 ; ASTM D 3306 ; ASTM D 4985 ; ASTM D 5345 ; BMW GS 94000 ; BMW N 600 69.0 ; BS 6580:2010 ; DAF 74001 ; Homme 324 NF ; Homme 324 NF PRIORITAIRE ; MB 325.0 ; MB 325.2 ; SAE J814.<\/li>\n<\/ul>\n","protected":false},"featured_media":16325,"template":"","meta":[],"product_brand":[],"product_cat":[193,175,181],"product_tag":[],"class_list":{"0":"post-22024","1":"product","2":"type-product","3":"status-publish","4":"has-post-thumbnail","6":"product_cat-ajout-duv","7":"product_cat-chimie-automobile","8":"product_cat-liquides-de-refroidissement-automobiles","10":"first","11":"instock","12":"shipping-taxable","13":"product-type-variable"},"acf":[],"_links":{"self":[{"href":"https:\/\/glitherm.com\/fr\/wp-json\/wp\/v2\/product\/22024","targetHints":{"allow":["GET"]}}],"collection":[{"href":"https:\/\/glitherm.com\/fr\/wp-json\/wp\/v2\/product"}],"about":[{"href":"https:\/\/glitherm.com\/fr\/wp-json\/wp\/v2\/types\/product"}],"wp:featuredmedia":[{"embeddable":true,"href":"https:\/\/glitherm.com\/fr\/wp-json\/wp\/v2\/media\/16325"}],"wp:attachment":[{"href":"https:\/\/glitherm.com\/fr\/wp-json\/wp\/v2\/media?parent=22024"}],"wp:term":[{"taxonomy":"product_brand","embeddable":true,"href":"https:\/\/glitherm.com\/fr\/wp-json\/wp\/v2\/product_brand?post=22024"},{"taxonomy":"product_cat","embeddable":true,"href":"https:\/\/glitherm.com\/fr\/wp-json\/wp\/v2\/product_cat?post=22024"},{"taxonomy":"product_tag","embeddable":true,"href":"https:\/\/glitherm.com\/fr\/wp-json\/wp\/v2\/product_tag?post=22024"}],"curies":[{"name":"wp","href":"https:\/\/api.w.org\/{rel}","templated":true}]}}