{"id":22072,"date":"2023-10-24T14:48:33","date_gmt":"2023-10-24T12:48:33","guid":{"rendered":"https:\/\/glitherm.com\/produkt\/liquide-de-radiateur-de-voiture-glicar-g11-concentre\/"},"modified":"2025-12-11T10:03:00","modified_gmt":"2025-12-11T09:03:00","slug":"liquide-de-radiateur-de-voiture-glicar-g11-concentre","status":"publish","type":"product","link":"https:\/\/glitherm.com\/fr\/produkt\/liquide-de-radiateur-de-voiture-glicar-g11-concentre\/","title":{"rendered":"Liquide de radiateur de voiture GLICAR G11 CONCENTR\u00c9"},"content":{"rendered":"<p>Le Liquide de radiateur de voiture GLICAR G11 CONCENTR\u00c9 n\u2019est pas un produit pr\u00eat \u00e0 l\u2019emploi. Avant utilisation, il doit \u00eatre dilu\u00e9 avec de l&rsquo;eau d\u00e9min\u00e9ralis\u00e9e dans un rapport de 1:1. Des instructions d\u00e9taill\u00e9es sur la fa\u00e7on de proc\u00e9der \u00e0 la dilution du produit sont disponibles dans l\u2019onglet \u00ab Dilution \u00bb. Le fabricant d\u00e9conseille fortement d\u2019utiliser le produit non dilu\u00e9 ou dilu\u00e9 en autres proportions que le 1:1 recommand\u00e9. L\u2019utilisation d\u2019un produit non dilu\u00e9 peut entra\u00eener une perte de performance et m\u00eame des dommages au syst\u00e8me de refroidissement.  <\/p>\n<div id=\"showMoreDiv\" class=\"collapsed\">\u00a0\n<p>Le concentr\u00e9 de liquide de refroidissement GLICAR G11 est un produit de haute qualit\u00e9 destin\u00e9 aux clients les plus exigeants. Le liquide de refroidissement GLICAR G11, obtenu apr\u00e8s dilution du concentr\u00e9, prot\u00e8ge les composants du radiateur et du syst\u00e8me de refroidissement contre les basses temp\u00e9ratures pouvant atteindre -35\u00b0C. Sa composition unique, enrichie de nombreux raffineurs et inhibiteurs de corrosion, garantit une protection compl\u00e8te des composants m\u00e9talliques contre la corrosion. Les composants en caoutchouc, les joints et les joints sont non seulement prot\u00e9g\u00e9s, mais aussi entretenus, ce qui \u00e9limine les probl\u00e8mes de vieillissement pr\u00e9matur\u00e9 de ces composants. Les additifs anti-mousse emp\u00eachent le liquide de mousser aussi bien lors du remplissage du radiateur que pendant le fonctionnement. En utilisant le GLICAR G11 dans votre radiateur, vous \u00e9viterez les probl\u00e8mes caus\u00e9s par la mousse du milieu de travail.     <\/p>\n<p>Le Glicar G11 peut \u00eatre utilis\u00e9 dans une large gamme de moteurs \u00e0 combustion interne, allant des moteurs propulsant des scooters et motos, aux voitures particuli\u00e8res, fourgonnettes et minibus, fourgonnettes et camions, bus, v\u00e9hicules et \u00e9quipements militaires, tracteurs, ainsi que machines agricoles ou de construction. GLICAR G11 est un produit con\u00e7u pour les syst\u00e8mes de refroidissement de moteurs aliment\u00e9s \u00e0 essence, diesel et GPL. Le liquide de refroidissement GLICAR G11 peut \u00e9galement \u00eatre utilis\u00e9 avec succ\u00e8s dans des moteurs stationnaires, tels que les groupes \u00e9lectrog\u00e8nes ou les centrales de campagne, civiles et militaires.  <\/p>\n<p>Le produit est soumis aux normes suivantes : PN93\/C-40008-10 ; PN-C-40007 ; ASTM D 5931-13 ; ASTM D 1287-11 ; PN 93\/C-40008-05 ; PN-C-40008-06:1993\/AZ 1:2000.<\/p>\n<p>Le fluide obtenu apr\u00e8s dilution du concentr\u00e9 r\u00e9pond aux exigences de l\u2019AUDI\/SEAT\/SKODA\/VW TL 774 C ; ANFOR NF R 15-601 ; ASTM D 2570 ; ASTM D3306 ; ASTM D 4985 ; ASTM D 5345 ; BMW GS 94000 ; BMW N 600 69.0 ; BS 6580:2010 ; DAF 74001 ; Homme 324 NF ; Homme 324 NF PRIORITAIRE ; MB 325.0 ; MB 325.2 ; SAE J814.<\/p>\n<p><strong>Additif UV<\/strong><\/p>\n<p>Sur demande, le concentr\u00e9 de fluide radiateur GLICAR G11 peut \u00eatre enrichi avec un additif UV. Le colorant UV est compl\u00e8tement inerte face aux propri\u00e9t\u00e9s physicochimiques du produit. Il donne l\u2019effet de fluorescence du liquide sous lumi\u00e8re UV. Diagnostiquer l\u2019\u00e9tanchet\u00e9 du syst\u00e8me de refroidissement avec un fluide aussi \u00ab marqu\u00e9 \u00bb est facile, et surtout, cela fait gagner du temps pour localiser le site de fuite. Il suffit d\u2019\u00e9clairer le radiateur et les autres composants du syst\u00e8me de refroidissement avec des rayons UV, par exemple avec une lampe torche UV, pour obtenir un r\u00e9sultat clair du test de fuite. M\u00eame la plus petite fuite cach\u00e9e dans des endroits difficiles d\u2019acc\u00e8s du syst\u00e8me sera d\u00e9tect\u00e9e rapidement lorsque nous disposons d\u2019un outil de diagnostic comme un marqueur UV dans le liquide de refroidissement. Le fabricant recommande d\u2019utiliser une \u00e9tiquette UV pour chaque syst\u00e8me de refroidissement      <\/p>\n<\/div>\n<a id=\"readMoreButton\" href=\"javascript:void(0);\" data-readmore=\"Lire plus\" data-readless=\"R\u00e9duire le texte\">Lire plus<\/a>\n","protected":false},"excerpt":{"rendered":"<p><strong>GLICAR G11 CONCENTRE en bref :<\/strong><\/p>\n<ul>\n<li>Avant utilisation, il doit \u00eatre dilu\u00e9 avec de l&rsquo;eau d\u00e9min\u00e9ralis\u00e9e dans un rapport 1:1.<\/li>\n<li>Il ne g\u00e8le pas, la solution reste liquide jusqu\u2019\u00e0 -35\u00b0C.<\/li>\n<li>Ne contient pas de glyc\u00e9rine.<\/li>\n<li>Il contient des agents anti-mousse.<\/li>\n<li>Prot\u00e8ge les \u00e9l\u00e9ments m\u00e9talliques contre la corrosion. Elle pr\u00e9serve et prot\u00e8ge les composants en caoutchouc, les joints et les joints contre l\u2019usure acc\u00e9l\u00e9r\u00e9e.<\/li>\n<li>Approuv\u00e9 pour une utilisation dans les motos, les voitures, les machines de construction et agricoles et les \u00e9quipements militaires. \u00c9galement dans les moteurs stationnaires.<\/li>\n<li>D\u00e9di\u00e9 aux radiateurs en laiton, cuivre (\u00e9galement dans les radiateurs bras\u00e9s) et aluminium.<\/li>\n<li>Il poss\u00e8de les normes suivantes : PN93\/C-40008-10 ; PN-C-40007 ; ASTM D 5931-13 ; ASTM D 1287-11 ; PN 93\/C-40008-05 ; PN-C-40008-06:1993\/AZ 1:2000.<\/li>\n<li>R\u00e9pond aux exigences pour AUDI\/SEAT\/SKODA\/VW TL 774 C ; ANFOR NF R 15-601 ; ASTM D 2570 ; ASTM D3306 ; ASTM D 4985 ; ASTM D 5345 ; BMW GS 94000 ; BMW N 600 69.0 ; BS 6580:2010 ; DAF 74001 ; Homme 324 NF ; Homme 324 NF PRIORITAIRE ; MB 325.0 ; MB 325.2 ; SAE J814.<\/li>\n<\/ul>\n","protected":false},"featured_media":16334,"template":"","meta":[],"product_brand":[],"product_cat":[193,175,181],"product_tag":[],"class_list":{"0":"post-22072","1":"product","2":"type-product","3":"status-publish","4":"has-post-thumbnail","6":"product_cat-ajout-duv","7":"product_cat-chimie-automobile","8":"product_cat-liquides-de-refroidissement-automobiles","10":"first","11":"instock","12":"shipping-taxable","13":"product-type-variable"},"acf":[],"_links":{"self":[{"href":"https:\/\/glitherm.com\/fr\/wp-json\/wp\/v2\/product\/22072","targetHints":{"allow":["GET"]}}],"collection":[{"href":"https:\/\/glitherm.com\/fr\/wp-json\/wp\/v2\/product"}],"about":[{"href":"https:\/\/glitherm.com\/fr\/wp-json\/wp\/v2\/types\/product"}],"wp:featuredmedia":[{"embeddable":true,"href":"https:\/\/glitherm.com\/fr\/wp-json\/wp\/v2\/media\/16334"}],"wp:attachment":[{"href":"https:\/\/glitherm.com\/fr\/wp-json\/wp\/v2\/media?parent=22072"}],"wp:term":[{"taxonomy":"product_brand","embeddable":true,"href":"https:\/\/glitherm.com\/fr\/wp-json\/wp\/v2\/product_brand?post=22072"},{"taxonomy":"product_cat","embeddable":true,"href":"https:\/\/glitherm.com\/fr\/wp-json\/wp\/v2\/product_cat?post=22072"},{"taxonomy":"product_tag","embeddable":true,"href":"https:\/\/glitherm.com\/fr\/wp-json\/wp\/v2\/product_tag?post=22072"}],"curies":[{"name":"wp","href":"https:\/\/api.w.org\/{rel}","templated":true}]}}