{"id":22102,"date":"2023-10-05T12:55:25","date_gmt":"2023-10-05T10:55:25","guid":{"rendered":"https:\/\/glitherm.com\/produkt\/liquide-radiateur-antigel-glicar-g12\/"},"modified":"2025-12-11T09:38:03","modified_gmt":"2025-12-11T08:38:03","slug":"liquide-radiateur-antigel-glicar-g12","status":"publish","type":"product","link":"https:\/\/glitherm.com\/fr\/produkt\/liquide-radiateur-antigel-glicar-g12\/","title":{"rendered":"Liquide radiateur antigel GLICAR G12"},"content":{"rendered":"<p>Le liquide radiateur GLICAR G12 est un liquide de refroidissement antigel de haute qualit\u00e9 pour radiateurs de moteurs \u00e0 combustion interne, produit \u00e0 partir de l\u2019\u00e9thyl\u00e8ne glycol (MEG). Seule la mati\u00e8re premi\u00e8re vierge, qui n\u2019est pas recycl\u00e9e, est utilis\u00e9e dans la production du GLICAR G12. Le produit est exempt d\u2019additifs \u00e0 la glyc\u00e9rine. Gr\u00e2ce \u00e0 sa formule unique, le GLICAR G12 assure une protection compl\u00e8te du syst\u00e8me de refroidissement pendant 5 ans, soit 250 000 km de fonctionnement continu. Les additifs anticorrosion, les antioxydants et les raffineurs stabilisateurs inclus dans le produit prot\u00e8gent le syst\u00e8me de refroidissement contre la corrosion, assurent la durabilit\u00e9 des \u00e9l\u00e9ments en caoutchouc, des joints et joints d\u2019\u00e9tanch\u00e9it\u00e9. Les additifs anti-mousse d\u00e9di\u00e9s au glycol emp\u00eachent le fluide de mousser tant lors du remplissage que pendant son fonctionnement. Le GLICAR G12 est un antigel qui prot\u00e8ge le syst\u00e8me de refroidissement contre les basses temp\u00e9ratures allant jusqu\u2019\u00e0 -35\u00b0C.      <\/p>\n<div id=\"showMoreDiv\" class=\"collapsed\">\u00a0\n<p>Le liquide radiateur GLICAR G12 est un produit pr\u00eat \u00e0 l\u2019emploi qui ne n\u00e9cessite pas de dilution. La diluer n\u2019est pas conseill\u00e9. Un produit dilu\u00e9 perd ses propri\u00e9t\u00e9s et peut entra\u00eener une d\u00e9faillance du moteur dans lequel il a \u00e9t\u00e9 utilis\u00e9.  <\/p>\n<p>Le fluide radiateur GLICAR G12 peut \u00eatre utilis\u00e9 dans les syst\u00e8mes de refroidissement d\u2019une large gamme de moteurs \u00e0 combustion interne. Recommand\u00e9 pour les syst\u00e8mes de r\u00e9frig\u00e9ration de motos, scooters, voitures particuli\u00e8res, fourgonnettes et camions. GLICAR G12 est \u00e9galement con\u00e7ue pour les syst\u00e8mes de refroidissement des machines et \u00e9quipements de construction, des \u00e9quipements et v\u00e9hicules militaires, des tracteurs et machines agricoles, ainsi que pour des moteurs stationnaires, par exemple des g\u00e9n\u00e9rateurs d\u2019\u00e9nergie.  <\/p>\n<p><span style=\"font-weight: 400;\">Le produit est soumis aux normes suivantes : PN93\/C-40008-10 ; PN-C-40007 ; ASTM D 5931-13 ; ASTM D 1287-11 ; PN 93\/C-40008-05 ; PN-C-40008-06:1993\/AZ 1:2000. <\/span><\/p>\n<p><span style=\"font-weight: 400;\">Le produit r\u00e9pond aux exigences pour AUDI\/SEAT\/SKODA\/VW TL 774 D, ASTM D 3306, ASTM D 4985, ASTM D 6210, BS 6580:2010, DAF 74002, FIAT 9.55523, FORD WSS-M97-844 D, Man 324 SNF, HOMOLOGATION MB 326.3, RENAULT 41-01-001\/- S TYPE D, VOLVO COOLANT VCS, SAE J1034.<br \/>\n<\/span><\/p>\n<p><strong>Marqueur UV<\/strong><\/p>\n<p>\u00c0 la demande du client, le produit peut \u00eatre enrichi avec un colorant UV. L\u2019ajout de colorant UV reste totalement neutre par rapport aux propri\u00e9t\u00e9s physicochimiques fonctionnelles du produit. Gr\u00e2ce \u00e0 cette l\u00e9g\u00e8re modification de la composition, le liquide \u00ab brille \u00bb sous la lumi\u00e8re UV. L\u2019\u00e9clairage UV d\u2019un syst\u00e8me de refroidissement assombri suffit \u00e0 d\u00e9terminer son \u00e9tanchet\u00e9 ou \u00e0 d\u00e9tecter m\u00eame une petite fuite. L\u2019utilisation d\u2019un marqueur UV r\u00e9duit consid\u00e9rablement le temps de diagnostic de l\u2019\u00e9tanchet\u00e9 du syst\u00e8me de refroidissement. Le fabricant recommande d\u2019ajouter un marqueur UV pour chaque syst\u00e8me de refroidissement.     <\/p>\n<p><strong>Couleur.<\/strong><\/p>\n<p>Le liquide radiateur GLICAR G12 est disponible en rouge. La couleur du produit est obtenue en ajoutant des pigments min\u00e9raux naturels. Les pigments restent totalement indiff\u00e9rents aux propri\u00e9t\u00e9s physicochimiques fonctionnelles du produit.  <\/p>\n<p><strong>ATTENTION!<\/strong><\/p>\n<p><span style=\"font-weight: 400;\">Le liquide de refroidissement GLICAR G12 est destin\u00e9 aux moteurs \u00e9quip\u00e9s de radiateurs en laiton, en cuivre (y compris soud\u00e9s) et en aluminium.<\/span><\/p>\n<p>&nbsp;<\/p>\n<\/div>\n<a id=\"readMoreButton\" href=\"javascript:void(0);\" data-readmore=\"Lire plus\" data-readless=\"R\u00e9duire le texte\">Lire plus<\/a>\n","protected":false},"excerpt":{"rendered":"<p><strong>GLICAR G12 en bref :<\/strong><\/p>\n<ul>\n<li>Pr\u00eat \u00e0 l&#8217;emploi, aucune dilution requise.<\/li>\n<li>Ne contient pas de glyc\u00e9rine.<\/li>\n<li>Il ne mousse pas.<\/li>\n<li>Offre une protection durable du syst\u00e8me de refroidissement pendant 5 ans ou 250k. km d\u2019exploitation continue. <\/li>\n<li>Ne g\u00e8le pas. Prot\u00e8ge le syst\u00e8me de refroidissement contre les basses temp\u00e9ratures jusqu&rsquo;\u00e0 -35\u00b0C. <\/li>\n<li>Il peut \u00eatre utilis\u00e9 dans une large gamme de v\u00e9hicules, depuis les motos, les voitures particuli\u00e8res, les camions, les machines agricoles et de construction, et m\u00eame les \u00e9quipements militaires et les moteurs stationnaires.<\/li>\n<li>Il est sans danger pour les radiateurs en laiton, en cuivre (y compris ceux soud\u00e9s) et en aluminium.<\/li>\n<li><span style=\"font-weight: 400;\">Normes : PN93\/C-40008-10 ; PN-C-40007&nbsp;; ASTM D 5931-13&nbsp;; ASTM D 1287-11&nbsp;; R\u00e9f. 93\/C-40008-05&nbsp;; PN-C-40008-06:1993\/AZ 1:2000.<\/span><\/li>\n<li><span style=\"font-weight: 400;\">Conforme aux normes AUDI\/SEAT\/SKODA\/VW TL 774 D, ASTM D 3306, ASTM D 4985, ASTM D 6210, BS 6580:2010, DAF 74002, FIAT 9.55523, FORD WSS-M97-844 D, MAN 324 SNF, HOMOLOGATION MB 326.3, RENAULT 41-01-001\/- S TYPE D, VOLVO COOLANT VCS, SAE J1034.<br \/>\n<\/span><\/li>\n<\/ul>\n","protected":false},"featured_media":16338,"template":"","meta":[],"product_brand":[],"product_cat":[193,175,181],"product_tag":[],"class_list":{"0":"post-22102","1":"product","2":"type-product","3":"status-publish","4":"has-post-thumbnail","6":"product_cat-ajout-duv","7":"product_cat-chimie-automobile","8":"product_cat-liquides-de-refroidissement-automobiles","10":"first","11":"instock","12":"shipping-taxable","13":"product-type-variable"},"acf":[],"_links":{"self":[{"href":"https:\/\/glitherm.com\/fr\/wp-json\/wp\/v2\/product\/22102","targetHints":{"allow":["GET"]}}],"collection":[{"href":"https:\/\/glitherm.com\/fr\/wp-json\/wp\/v2\/product"}],"about":[{"href":"https:\/\/glitherm.com\/fr\/wp-json\/wp\/v2\/types\/product"}],"wp:featuredmedia":[{"embeddable":true,"href":"https:\/\/glitherm.com\/fr\/wp-json\/wp\/v2\/media\/16338"}],"wp:attachment":[{"href":"https:\/\/glitherm.com\/fr\/wp-json\/wp\/v2\/media?parent=22102"}],"wp:term":[{"taxonomy":"product_brand","embeddable":true,"href":"https:\/\/glitherm.com\/fr\/wp-json\/wp\/v2\/product_brand?post=22102"},{"taxonomy":"product_cat","embeddable":true,"href":"https:\/\/glitherm.com\/fr\/wp-json\/wp\/v2\/product_cat?post=22102"},{"taxonomy":"product_tag","embeddable":true,"href":"https:\/\/glitherm.com\/fr\/wp-json\/wp\/v2\/product_tag?post=22102"}],"curies":[{"name":"wp","href":"https:\/\/api.w.org\/{rel}","templated":true}]}}