{"id":22132,"date":"2023-10-25T11:34:59","date_gmt":"2023-10-25T09:34:59","guid":{"rendered":"https:\/\/glitherm.com\/produkt\/liquide-de-radiateur-de-voiture-glicar-g11-concentre-2\/"},"modified":"2025-12-11T09:34:55","modified_gmt":"2025-12-11T08:34:55","slug":"liquide-de-radiateur-de-voiture-glicar-g11-concentre-2","status":"publish","type":"product","link":"https:\/\/glitherm.com\/fr\/produkt\/liquide-de-radiateur-de-voiture-glicar-g11-concentre-2\/","title":{"rendered":"Liquide de radiateur de voiture GLICAR G12 CONCENTR\u00c9"},"content":{"rendered":"<p>Le Liquide de radiateur de voiture GLICAR G12 CONCENTR\u00c9 n\u2019est pas un produit pr\u00eat \u00e0 l\u2019emploi. Avant de l&rsquo;appliquer sur le syst\u00e8me de refroidissement du moteur, il doit \u00eatre dilu\u00e9 avec de l&rsquo;eau d\u00e9min\u00e9ralis\u00e9e dans un rapport de 1:1. Les instructions d\u00e9taill\u00e9es pour ce processus se trouvent dans l\u2019onglet \u00ab Dilution \u00bb. N\u2019utilisez pas de concentr\u00e9 non dilu\u00e9, mais n\u2019utilisez pas non plus de liquides excessivement dilu\u00e9s.  Une dilution dans des proportions autres que celles pr\u00e9conis\u00e9es par le constructeur peut alt\u00e9rer le fonctionnement du syst\u00e8me de refroidissement, l&rsquo;exposer \u00e0 une usure pr\u00e9matur\u00e9e, voire entra\u00eener un endommagement du groupe motopropulseur refroidi par surchauffe.<\/p>\n<div id=\"showMoreDiv\" class=\"collapsed\">\u00a0\n<p>Le concentr\u00e9 de liquide pour radiateur GLICAR G12 est produit \u00e0 partir du mono\u00e9thyl\u00e8ne glycol (MEG). Seules les mati\u00e8res premi\u00e8res vierges sont utilis\u00e9es pour la production, et non issues de processus de r\u00e9cup\u00e9ration ou de recyclage.  En cons\u00e9quence, le produit obtenu pr\u00e9sente des param\u00e8tres de performances \u00e9lev\u00e9s. Le produit est totalement d\u00e9pourvu de glyc\u00e9rine ; de plus, il est enrichi en de nombreux additifs et inhibiteurs de corrosion. Gr\u00e2ce \u00e0 une recette aussi unique, le fabricant peut garantir une protection totale du syst\u00e8me de refroidissement pendant 5 ans ou 250 000 km de fonctionnement ininterrompu. Les inhibiteurs de corrosion et les raffineurs pr\u00e9servent et prot\u00e8gent \u00e0 la fois les composants m\u00e9talliques, en caoutchouc et en plastique contre la corrosion et l\u2019usure pr\u00e9matur\u00e9e. Assurer un fonctionnement durable et sans probl\u00e8me du syst\u00e8me de refroidissement. Le liquide r\u00e9sultant de la dilution du concentr\u00e9 ne mousse pas, ce qui est garanti par des ingr\u00e9dients anti-mousseux soigneusement s\u00e9lectionn\u00e9s. Gr\u00e2ce \u00e0 eux, il est possible d\u2019\u00e9liminer compl\u00e8tement les probl\u00e8mes li\u00e9s \u00e0 la pr\u00e9sence de mousse dans le syst\u00e8me de refroidissement.      <\/p>\n<p>Apr\u00e8s dilution du concentr\u00e9 GLICAR G12, le fluide obtenu peut \u00eatre utilis\u00e9 dans les syst\u00e8mes de refroidissement des moteurs \u00e0 combustion interne, des motos, scooters et autres v\u00e9hicules de loisirs, en passant par les voitures particuli\u00e8res et autres v\u00e9hicules \u00e0 usage intensif, jusqu\u2019aux camions et bus. Le GLICAR G12 est un excellent choix pour les \u00e9quipements et machines de construction, les tracteurs et \u00e9quipements agricoles, les v\u00e9hicules militaires ou les usages sp\u00e9cifiques. Le fluide radiateur Glicar G12 peut \u00eatre utilis\u00e9 dans des syst\u00e8mes de refroidissement moteurs fixes.  <\/p>\n<p>Le produit est soumis aux normes suivantes : PN93\/C-40008-10 ; PN-C-40007 ; ASTM D 5931-13 ; ASTM D 1287-11 ; PN 93\/C-40008-05 ; PN-C-40008-06:1993\/AZ 1:2000.<\/p>\n<p>Le GLICAR G12 r\u00e9pond aux exigences pour AUDI\/SEAT\/SKODA\/VW TL 774 D, ASTM D 3306, ASTM D 4985, ASTM D 6210, BS 6580:2010, DAF 74002, FIAT 9.55523, FORD WSS-M97-844 D, MAN 324 SNF, HOMOLOGATION MB 326.3, RENAULT 41-01-001\/- S TYPE D, VOLVO COOLANT VCS, SAE J1034.<\/p>\n<p><strong>Additif UV<\/strong><\/p>\n<p>A la demande du client, la formule standard du produit peut \u00eatre enrichie d&rsquo;un colorant UV. L&rsquo;ajout d&rsquo;un colorant UV fait \u00ab briller \u00bb le liquide lorsqu&rsquo;il est \u00e9clair\u00e9 par des rayons UV. La source de lumi\u00e8re avec le spectre UV peut \u00eatre une lampe torche sp\u00e9cialis\u00e9e. Le liquide incandescent facilite et fait gagner du temps la r\u00e9alisation du test de fuite du syst\u00e8me. Les grosses fuites du syst\u00e8me de refroidissement sont assez faciles \u00e0 diagnostiquer. Cependant, de petites fuites, surtout cach\u00e9es dans des endroits difficiles d\u2019acc\u00e8s, peuvent poser probl\u00e8me en diagnostic. Cependant, si le fluide poss\u00e8de une \u00e9tiquette UV, cela suffit \u00e0 \u00e9clairer la partie sombre du syst\u00e8me avec une lumi\u00e8re contenant le spectre UV, et m\u00eame la plus petite fuite commencera \u00e0 briller avec une lumi\u00e8re tr\u00e8s vive, ce qui r\u00e9duit consid\u00e9rablement le temps de d\u00e9tection et l\u2019ensemble du diagnostic du syst\u00e8me de refroidissement. En revanche, l\u2019absence d\u2019effet apr\u00e8s l\u2019illumination du syst\u00e8me de refroidissement donne confiance dans l\u2019\u00e9tanch\u00e9it\u00e9 du syst\u00e8me.      Le fabricant recommande d&rsquo;utiliser un marqueur UV dans chaque syst\u00e8me de refroidissement.<\/p>\n<p><strong>Couleur<\/strong><\/p>\n<p>Le Liquide de radiateur de voiture GLICAR G12 CONCENTR\u00c9 est disponible en rouge. La couleur du liquide est obtenue en ajoutant des pigments min\u00e9raux naturels. Les pigments utilis\u00e9s pour colorer le liquide n\u2019affectent pas l\u2019utilisabilit\u00e9 du produit et ne modifient pas ses propri\u00e9t\u00e9s physicochimiques. <\/p>\n<p><strong>ATTENTION!<\/strong><\/p>\n<p>Le liquide obtenu par dilution du concentr\u00e9 GLICAR G12 peut \u00eatre utilis\u00e9 dans des refroidisseurs en laiton, cuivre (y compris bras\u00e9) et aluminium.<\/p>\n<\/div>\n<a id=\"readMoreButton\" href=\"javascript:void(0);\" data-readmore=\"Lire plus\" data-readless=\"R\u00e9duire le texte\">Lire plus<\/a>\n","protected":false},"excerpt":{"rendered":"<p><strong>GLICAR G12 CONCENTR\u00c9 en bref :<\/strong><\/p>\n<ul>\n<li>Avant utilisation, il doit \u00eatre dilu\u00e9 avec de l&rsquo;eau d\u00e9min\u00e9ralis\u00e9e dans un rapport 1:1.<\/li>\n<li>Sans glyc\u00e9rine.<\/li>\n<li>Contient des additifs anti-mousse.<\/li>\n<li>Il prot\u00e8ge efficacement le syst\u00e8me de refroidissement pendant 5 ans, soit 250 000 km de kilom\u00e9trage. <\/li>\n<li>\u00c9limine les probl\u00e8mes de cong\u00e9lation du syst\u00e8me jusqu\u2019\u00e0 -35\u00b0C lorsqu\u2019il est dilu\u00e9 avec de l\u2019eau d\u00e9min\u00e9ralis\u00e9e 1:1.<\/li>\n<li>D\u00e9di\u00e9 aux moteurs \u00e0 combustion interne pour motos, automobiles, \u00e9quipements de construction et agricoles, v\u00e9hicules militaires et \u00e0 usage sp\u00e9cial, ainsi que moteurs stationnaires.<\/li>\n<li>Il est sans danger pour les appareils en laiton, en cuivre (y compris ceux soud\u00e9s) et en aluminium.<\/li>\n<li>Normes : PN93\/C-40008-10 ; PN-C-40007&nbsp;; ASTM D 5931-13&nbsp;; ASTM D 1287-11&nbsp;; R\u00e9f. 93\/C-40008-05&nbsp;; PN-C-40008-06:1993\/AZ 1:2000.<\/li>\n<li>Conforme aux normes AUDI\/SEAT\/SKODA\/VW TL 774 D, ASTM D 3306, ASTM D 4985, ASTM D 6210, BS 6580:2010, DAF 74002, FIAT 9.55523, FORD WSS-M97-844 D, MAN 324 SNF, HOMOLOGATION MB 326.3, RENAULT 41-01-001\/- S TYPE D, VOLVO COOLANT VCS, SAE J1034.<\/li>\n<\/ul>\n","protected":false},"featured_media":16342,"template":"","meta":[],"product_brand":[],"product_cat":[193,175,181],"product_tag":[],"class_list":{"0":"post-22132","1":"product","2":"type-product","3":"status-publish","4":"has-post-thumbnail","6":"product_cat-ajout-duv","7":"product_cat-chimie-automobile","8":"product_cat-liquides-de-refroidissement-automobiles","10":"first","11":"instock","12":"shipping-taxable","13":"product-type-variable"},"acf":[],"_links":{"self":[{"href":"https:\/\/glitherm.com\/fr\/wp-json\/wp\/v2\/product\/22132","targetHints":{"allow":["GET"]}}],"collection":[{"href":"https:\/\/glitherm.com\/fr\/wp-json\/wp\/v2\/product"}],"about":[{"href":"https:\/\/glitherm.com\/fr\/wp-json\/wp\/v2\/types\/product"}],"wp:featuredmedia":[{"embeddable":true,"href":"https:\/\/glitherm.com\/fr\/wp-json\/wp\/v2\/media\/16342"}],"wp:attachment":[{"href":"https:\/\/glitherm.com\/fr\/wp-json\/wp\/v2\/media?parent=22132"}],"wp:term":[{"taxonomy":"product_brand","embeddable":true,"href":"https:\/\/glitherm.com\/fr\/wp-json\/wp\/v2\/product_brand?post=22132"},{"taxonomy":"product_cat","embeddable":true,"href":"https:\/\/glitherm.com\/fr\/wp-json\/wp\/v2\/product_cat?post=22132"},{"taxonomy":"product_tag","embeddable":true,"href":"https:\/\/glitherm.com\/fr\/wp-json\/wp\/v2\/product_tag?post=22132"}],"curies":[{"name":"wp","href":"https:\/\/api.w.org\/{rel}","templated":true}]}}