{"id":22186,"date":"2023-10-31T11:46:14","date_gmt":"2023-10-31T10:46:14","guid":{"rendered":"https:\/\/glitherm.com\/produkt\/eau-demineralisee-glicar\/"},"modified":"2023-10-31T11:46:14","modified_gmt":"2023-10-31T10:46:14","slug":"eau-demineralisee-glicar","status":"publish","type":"product","link":"https:\/\/glitherm.com\/fr\/produkt\/eau-demineralisee-glicar\/","title":{"rendered":"Eau d\u00e9min\u00e9ralis\u00e9e GLICAR"},"content":{"rendered":"<p>L\u2019eau d\u00e9min\u00e9ralis\u00e9e glicar est l\u2019eau d\u00e9min\u00e9ralis\u00e9e de la plus haute qualit\u00e9, obtenue par osmose inverse. Gr\u00e2ce \u00e0 la m\u00e9thode moderne d\u2019extraction, l\u2019eau de Glicar est exempte de min\u00e9raux, ions ou autres impuret\u00e9s et inclusions, y compris organiques. L\u2019absence d\u2019impuret\u00e9s ou d\u2019additifs organiques \u00e9limine une activit\u00e9 biochimique potentielle. L\u2019eau d\u00e9min\u00e9ralis\u00e9e glicar prot\u00e8ge contre le d\u00e9p\u00f4t de calcaire ou la pr\u00e9cipitation de d\u00e9p\u00f4ts min\u00e9raux. Il a une conductivit\u00e9 \u00e9lectrique tr\u00e8s faible.     Il est incolore et inodore.<\/p>\n<div id=\"showMoreDiv\" class=\"collapsed\">\u00a0\n<p>L\u2019eau d\u00e9min\u00e9ralis\u00e9e glicar peut \u00eatre utilis\u00e9e comme solvant pour diluer les fluides utilitaires dans tous types de v\u00e9hicules et d\u2019\u00e9quipements. Les liquides pour radiateurs, fluides de transfert de chaleur ou autres produits obtenus par dilution de concentr\u00e9s \u00e0 base d\u2019eau d\u00e9min\u00e9ralis\u00e9e conserveront leurs param\u00e8tres de performance et la plus haute qualit\u00e9. Gr\u00e2ce \u00e0 un processus de production pr\u00e9visible, l\u2019eau Glicar a une composition coh\u00e9rente et reproductible.   Chacun de ses emballages est toujours de la plus haute qualit\u00e9 et a toujours la m\u00eame composition.<\/p>\n<p>L&rsquo;eau d\u00e9min\u00e9ralis\u00e9e GLICAR peut \u00eatre utilis\u00e9e non seulement pour diluer ou diluer des concentr\u00e9s. Vous pouvez l&rsquo;utiliser pour reconstituer l&rsquo;eau \u00e9vapor\u00e9e, par exemple pour une batterie de voiture, ou la verser dans un fer \u00e0 vapeur pour la prot\u00e9ger contre la formation de tartre. Mais ce n&rsquo;est pas la fin. L\u2019eau d\u00e9min\u00e9ralis\u00e9e Glicar r\u00e9pond aux normes les plus \u00e9lev\u00e9es en mati\u00e8re de proc\u00e9d\u00e9s industriels ou d\u2019eau de traitement. Elle peut \u00eatre utilis\u00e9e dans des usines industrielles \u00e0 vapeur, par exemple dans le pressage industriel \u00e0 vapeur. <\/p>\n<p>L\u2019eau d\u00e9min\u00e9ralis\u00e9e Glicar est totalement s\u00fbre pour l\u2019homme et l\u2019environnement. Aucun \u00e9quipement de s\u00e9curit\u00e9 ni v\u00eatements de protection n\u2019est n\u00e9cessaire lors de la manipulation. Le rejet du produit dans l\u2019environnement ne pr\u00e9sente pas non plus le moindre danger.   Le produit reste totalement neutre et pr\u00eat \u00e0 l\u2019emploi pour de longues p\u00e9riodes de stockage dans des conditions normales.<\/p>\n<p>L&rsquo;eau d\u00e9min\u00e9ralis\u00e9e Glicar poss\u00e8de tous les tests n\u00e9cessaires autorisant son utilisation et r\u00e9pond aux exigences de la l\u00e9gislation polonaise et de l&rsquo;Union europ\u00e9enne en mati\u00e8re de commercialisation.<\/p>\n<\/div>\n<a id=\"readMoreButton\" href=\"javascript:void(0);\" data-readmore=\"Lire plus\" data-readless=\"R\u00e9duire le texte\">Lire plus<\/a>\n","protected":false},"excerpt":{"rendered":"<p><strong>Eau d\u00e9min\u00e9ralis\u00e9e GLICAR en bref :<\/strong><\/p>\n<ul>\n<li>Un solvant universel avec une composition reproductible et pr\u00e9visible.<\/li>\n<li>Exempt de tous min\u00e9raux, ions et autres contaminants.<\/li>\n<li>Il est exempt de contaminants organiques, ce qui minimise l\u2019activit\u00e9 biologique potentielle.<\/li>\n<li>Il ne d\u00e9pose pas de tartre et ne provoque pas de d\u00e9p\u00f4ts min\u00e9raux.<\/li>\n<li>Incolore et inodore.<\/li>\n<li>Tr\u00e8s faible conductivit\u00e9 \u00e9lectrique.<\/li>\n<li>Sans danger pour les humains et l&rsquo;environnement.<\/li>\n<li>Longue durabilit\u00e9, aucun processus de d\u00e9gradation lors d&rsquo;un stockage \u00e0 long terme dans les conditions recommand\u00e9es.<\/li>\n<\/ul>\n","protected":false},"featured_media":16368,"template":"","meta":[],"product_brand":[],"product_cat":[175,190],"product_tag":[],"class_list":{"0":"post-22186","1":"product","2":"type-product","3":"status-publish","4":"has-post-thumbnail","6":"product_cat-chimie-automobile","7":"product_cat-eau-demineralisee2","9":"first","10":"instock","11":"shipping-taxable","12":"product-type-variable"},"acf":[],"_links":{"self":[{"href":"https:\/\/glitherm.com\/fr\/wp-json\/wp\/v2\/product\/22186","targetHints":{"allow":["GET"]}}],"collection":[{"href":"https:\/\/glitherm.com\/fr\/wp-json\/wp\/v2\/product"}],"about":[{"href":"https:\/\/glitherm.com\/fr\/wp-json\/wp\/v2\/types\/product"}],"wp:featuredmedia":[{"embeddable":true,"href":"https:\/\/glitherm.com\/fr\/wp-json\/wp\/v2\/media\/16368"}],"wp:attachment":[{"href":"https:\/\/glitherm.com\/fr\/wp-json\/wp\/v2\/media?parent=22186"}],"wp:term":[{"taxonomy":"product_brand","embeddable":true,"href":"https:\/\/glitherm.com\/fr\/wp-json\/wp\/v2\/product_brand?post=22186"},{"taxonomy":"product_cat","embeddable":true,"href":"https:\/\/glitherm.com\/fr\/wp-json\/wp\/v2\/product_cat?post=22186"},{"taxonomy":"product_tag","embeddable":true,"href":"https:\/\/glitherm.com\/fr\/wp-json\/wp\/v2\/product_tag?post=22186"}],"curies":[{"name":"wp","href":"https:\/\/api.w.org\/{rel}","templated":true}]}}