{"id":22231,"date":"2023-10-18T09:49:17","date_gmt":"2023-10-18T07:49:17","guid":{"rendered":"https:\/\/glitherm.com\/produkt\/liquide-lave-glace-ete-glicar\/"},"modified":"2023-10-18T09:49:17","modified_gmt":"2023-10-18T07:49:17","slug":"liquide-lave-glace-ete-glicar","status":"publish","type":"product","link":"https:\/\/glitherm.com\/fr\/produkt\/liquide-lave-glace-ete-glicar\/","title":{"rendered":"Liquide lave-glace \u00e9t\u00e9 GLICAR"},"content":{"rendered":"<p>Le liquide lave-glace d\u2019\u00e9t\u00e9 GLICAR est le liquide lave-glace d\u2019\u00e9t\u00e9 de la plus haute qualit\u00e9 et les phares de voiture. Le produit est pr\u00eat \u00e0 l&#8217;emploi. Il ne n\u00e9cessite pas de dilution ni d&rsquo;autres traitements avant d&rsquo;\u00eatre vers\u00e9 dans l&rsquo;installation.<\/p>\n<div id=\"showMoreDiv\" class=\"collapsed\">\u00a0\n<p>GLICAR \u00e9limine efficacement la poussi\u00e8re, la salet\u00e9, la poussi\u00e8re de la route, les r\u00e9sidus d\u2019insectes, la boue et d\u2019autres contaminants. L\u2019utilisation de mati\u00e8res premi\u00e8res de la plus haute qualit\u00e9 lors de la production \u00e9limine le probl\u00e8me de tra\u00een\u00e9es ou de r\u00e9flexions, qui peuvent consid\u00e9rablement d\u00e9grader la visibilit\u00e9 et ainsi affecter le confort de conduite. <\/p>\n<p>Le liquide d\u2019\u00e9t\u00e9 GLICAR pr\u00e9serve l\u2019\u00e9lasticit\u00e9 des balais d\u2019essuie-glace et ne les fait pas vieillir pr\u00e9matur\u00e9ment. Il est neutre vis-\u00e0-vis de la peinture, du caoutchouc et des plastiques.<\/p>\n<p>La composition du liquide est compl\u00e9t\u00e9e par un additif aromatisant. Le liquide d\u00e9gage une odeur agr\u00e9able, subtile et fruit\u00e9e. C\u2019est une caract\u00e9ristique particuli\u00e8rement appr\u00e9ci\u00e9e par les personnes plus sensibles ou allergiques. <\/p>\n<p><strong>Couleur.<\/strong><\/p>\n<p>Le liquide lave-glace d\u2019\u00e9t\u00e9 GLICAR est disponible en vert. La couleur du liquide r\u00e9sulte de l\u2019utilisation d\u2019un colorant min\u00e9ral naturel, qui reste neutre pour les propri\u00e9t\u00e9s fonctionnelles du produit. <\/p>\n<p><strong>ATTENTION!<\/strong><\/p>\n<p>Le liquide lave-glace d\u2019\u00e9t\u00e9 et les phares GLICAR ne contiennent pas d\u2019antigel. Il ne peut \u00eatre utilis\u00e9 en toute s\u00e9curit\u00e9 que pendant les mois d&rsquo;\u00e9t\u00e9. Il ne prot\u00e8ge pas le syst\u00e8me contre les basses temp\u00e9ratures, il doit donc \u00eatre remplac\u00e9 par du liquide hivernal avant la saison hivernale. Nous recommandons les liquides lave-glace hiver des familles GLICAR, GLICAR MET ou GLICAR ET.<br \/>\n<\/div>\n<a id=\"readMoreButton\" href=\"javascript:void(0);\" data-readmore=\"Lire plus\" data-readless=\"R\u00e9duire le texte\">Lire plus<\/a>\n","protected":false},"excerpt":{"rendered":"<p><strong>Le liquide lave-glace d\u2019\u00e9t\u00e9 GLICAR en bref :<\/strong><\/p>\n<ul>\n<li>Il est pr\u00eat \u00e0 \u00eatre utilis\u00e9, ne n\u00e9cessite pas de dilution ni d\u2019autres traitements avant d\u2019\u00eatre vers\u00e9 dans le syst\u00e8me.<\/li>\n<li>Efficace pour \u00e9liminer les impuret\u00e9s, la poussi\u00e8re, la salet\u00e9, les insectes, la boue, etc.<\/li>\n<li>Ne contient pas de sel.<\/li>\n<li>Il prot\u00e8ge le syst\u00e8me contre les pr\u00e9cipitations et le d\u00e9p\u00f4t de s\u00e9diments. \u00c7a ne bouche pas les buses des lave-linges. <\/li>\n<li>Am\u00e9liore la flexibilit\u00e9 des essuie-glaces.<\/li>\n<li>Sans danger pour les \u00e9l\u00e9ments peints.<\/li>\n<li>N&rsquo;acc\u00e9l\u00e8re pas la d\u00e9gradation des \u00e9l\u00e9ments en caoutchouc et en plastique.<\/li>\n<li>Ne laisse pas de traces.<\/li>\n<li>Ne provoque pas de reflets sur les fen\u00eatres.<\/li>\n<li>Agr\u00e9able parfum fruit\u00e9.<\/li>\n<\/ul>\n","protected":false},"featured_media":16356,"template":"","meta":[],"product_brand":[],"product_cat":[175,184],"product_tag":[],"class_list":{"0":"post-22231","1":"product","2":"type-product","3":"status-publish","4":"has-post-thumbnail","6":"product_cat-chimie-automobile","7":"product_cat-liquides-de-lave-glace","9":"first","10":"instock","11":"shipping-taxable","12":"product-type-variable"},"acf":[],"_links":{"self":[{"href":"https:\/\/glitherm.com\/fr\/wp-json\/wp\/v2\/product\/22231","targetHints":{"allow":["GET"]}}],"collection":[{"href":"https:\/\/glitherm.com\/fr\/wp-json\/wp\/v2\/product"}],"about":[{"href":"https:\/\/glitherm.com\/fr\/wp-json\/wp\/v2\/types\/product"}],"wp:featuredmedia":[{"embeddable":true,"href":"https:\/\/glitherm.com\/fr\/wp-json\/wp\/v2\/media\/16356"}],"wp:attachment":[{"href":"https:\/\/glitherm.com\/fr\/wp-json\/wp\/v2\/media?parent=22231"}],"wp:term":[{"taxonomy":"product_brand","embeddable":true,"href":"https:\/\/glitherm.com\/fr\/wp-json\/wp\/v2\/product_brand?post=22231"},{"taxonomy":"product_cat","embeddable":true,"href":"https:\/\/glitherm.com\/fr\/wp-json\/wp\/v2\/product_cat?post=22231"},{"taxonomy":"product_tag","embeddable":true,"href":"https:\/\/glitherm.com\/fr\/wp-json\/wp\/v2\/product_tag?post=22231"}],"curies":[{"name":"wp","href":"https:\/\/api.w.org\/{rel}","templated":true}]}}