{"id":22279,"date":"2023-10-11T15:19:55","date_gmt":"2023-10-11T13:19:55","guid":{"rendered":"https:\/\/glitherm.com\/produkt\/liquide-lave-brise-dhiver-glicar\/"},"modified":"2023-10-11T15:19:55","modified_gmt":"2023-10-11T13:19:55","slug":"liquide-lave-brise-dhiver-glicar","status":"publish","type":"product","link":"https:\/\/glitherm.com\/fr\/produkt\/liquide-lave-brise-dhiver-glicar\/","title":{"rendered":"Liquide lave-brise d\u2019hiver GLICAR"},"content":{"rendered":"<p>Le liquide lave-glace d\u2019hiver GLICAR est un liquide lave-glace d\u2019hiver professionnel, confortable, pr\u00eat \u00e0 \u00eatre utilis\u00e9 &#8211; sans dilution &#8211; liquide lave-glace et phares de voiture. Produit pour un usage professionnel. <\/p>\n<div id=\"showMoreDiv\" class=\"collapsed\">\u00a0\n<p>Le liquide GLICAR est produit \u00e0 partir d\u2019alcool m\u00e9thylique-m\u00e9thanol, gr\u00e2ce auquel il est liquide m\u00eame \u00e0 des temp\u00e9ratures de cong\u00e9lation. Il conserve ses propri\u00e9t\u00e9s de performance jusqu\u2019\u00e0 -22\u00b0C, dissolvant efficacement la neige et la glace sur les vitres et \u00e9liminant toute impuret\u00e9.  Ne laisse pas de traces ni de reflets.<\/p>\n<p>Gr\u00e2ce aux additifs, le produit garantit que les essuie-glaces restent flexibles m\u00eame \u00e0 des temp\u00e9ratures extr\u00eamement basses. Le GLICAR est compl\u00e8tement inerte face \u00e0 la peinture ainsi qu\u2019aux parties en caoutchouc et plastique de la carrosserie. <\/p>\n<p>Emp\u00eache les d\u00e9p\u00f4ts de s&rsquo;accumuler dans le r\u00e9servoir de liquide et le syst\u00e8me de lave-glace. Maintient le syst\u00e8me propre, nettoie les buses de lave-glace et les emp\u00eache de se boucher.<\/p>\n<p>Con\u00e7u pour un usage professionnel dans tous types de v\u00e9hicules, des voitures particuli\u00e8res, en passant par les fourgonnettes, camions, bus, jusqu\u2019aux \u00e9quipements militaires et de construction.<\/p>\n<p>GLICAR a un agr\u00e9able parfum fruit\u00e9.<\/p>\n<p><strong>Couleur.<\/strong><\/p>\n<p>Le produit est disponible en rouge. La couleur du produit est obtenue en ajoutant des pigments min\u00e9raux naturels. Le pigment est totalement neutre par rapport aux propri\u00e9t\u00e9s fonctionnelles du produit.  <\/p>\n<p><strong>ATTENTION!<\/strong><\/p>\n<p>Le produit est destin\u00e9 au commerce professionnel.<\/p>\n<\/div>\n<a id=\"readMoreButton\" href=\"javascript:void(0);\" data-readmore=\"Lire plus\" data-readless=\"R\u00e9duire le texte\">Lire plus<\/a>\n","protected":false},"excerpt":{"rendered":"<p><strong>Liquide lave-glace d\u2019hiver GLICAR en bref :<\/strong><\/p>\n<ul>\n<li>Pr\u00eat \u00e0 l&#8217;emploi, aucune dilution requise.<\/li>\n<li>\u00c9limine efficacement la salet\u00e9, le sel, la neige fondante et autres contaminants.<\/li>\n<li>D\u00e9givre efficacement la neige et la glace sur les fen\u00eatres.<\/li>\n<li>D\u00e9graisse le film d&rsquo;huile des fen\u00eatres.<\/li>\n<li>Ne g\u00e8le pas. Prot\u00e8ge les lave-glaces et le syst\u00e8me contre les basses temp\u00e9ratures jusqu&rsquo;\u00e0 -22\u00b0C.<\/li>\n<li>Am\u00e9liore la flexibilit\u00e9 des essuie-glaces.<\/li>\n<li>Ne laisse pas de traces.<\/li>\n<li>Ne provoque pas de reflets sur les vitres des voitures.<\/li>\n<li>Sans danger pour la peinture, le caoutchouc et les plastiques.<\/li>\n<li>Agr\u00e9able parfum fruit\u00e9.<\/li>\n<\/ul>\n","protected":false},"featured_media":16360,"template":"","meta":[],"product_brand":[],"product_cat":[175,184],"product_tag":[],"class_list":{"0":"post-22279","1":"product","2":"type-product","3":"status-publish","4":"has-post-thumbnail","6":"product_cat-chimie-automobile","7":"product_cat-liquides-de-lave-glace","9":"first","10":"instock","11":"shipping-taxable","12":"product-type-variable"},"acf":[],"_links":{"self":[{"href":"https:\/\/glitherm.com\/fr\/wp-json\/wp\/v2\/product\/22279","targetHints":{"allow":["GET"]}}],"collection":[{"href":"https:\/\/glitherm.com\/fr\/wp-json\/wp\/v2\/product"}],"about":[{"href":"https:\/\/glitherm.com\/fr\/wp-json\/wp\/v2\/types\/product"}],"wp:featuredmedia":[{"embeddable":true,"href":"https:\/\/glitherm.com\/fr\/wp-json\/wp\/v2\/media\/16360"}],"wp:attachment":[{"href":"https:\/\/glitherm.com\/fr\/wp-json\/wp\/v2\/media?parent=22279"}],"wp:term":[{"taxonomy":"product_brand","embeddable":true,"href":"https:\/\/glitherm.com\/fr\/wp-json\/wp\/v2\/product_brand?post=22279"},{"taxonomy":"product_cat","embeddable":true,"href":"https:\/\/glitherm.com\/fr\/wp-json\/wp\/v2\/product_cat?post=22279"},{"taxonomy":"product_tag","embeddable":true,"href":"https:\/\/glitherm.com\/fr\/wp-json\/wp\/v2\/product_tag?post=22279"}],"curies":[{"name":"wp","href":"https:\/\/api.w.org\/{rel}","templated":true}]}}