{"id":22315,"date":"2023-08-18T14:33:11","date_gmt":"2023-08-18T12:33:11","guid":{"rendered":"https:\/\/glitherm.com\/produkt\/liquide-caloporteur-glitherm-eko-concentrate\/"},"modified":"2023-08-18T14:33:11","modified_gmt":"2023-08-18T12:33:11","slug":"liquide-caloporteur-glitherm-eko-concentrate","status":"publish","type":"product","link":"https:\/\/glitherm.com\/fr\/produkt\/liquide-caloporteur-glitherm-eko-concentrate\/","title":{"rendered":"Liquide caloporteur GLITHERM EKO CONCENTRATE"},"content":{"rendered":"<p>GLITHERM EKO CONCENTRATE Transport Fluid, Heat Antigel &#8211; est un concentr\u00e9 moderne de monopropyl\u00e8ne glycol (MPG) hautement concentr\u00e9 qui r\u00e9pond aux normes de qualit\u00e9 les plus \u00e9lev\u00e9es. Cela permet une pr\u00e9paration rapide et facile des m\u00e9langes standards, ainsi que de ceux d\u00e9di\u00e9s aux besoins individuels des clients. C\u2019est \u00e9cologique, ce qui minimise l\u2019impact n\u00e9gatif sur l\u2019environnement. La formule soigneusement \u00e9labor\u00e9e offre une meilleure protection contre la corrosion et \u00e9limine la formation de d\u00e9p\u00f4ts et de d\u00e9p\u00f4ts. Adapt\u00e9 \u00e0 toutes les installations industrielles et domestiques.    <\/p>\n<div id=\"showMoreDiv\" class=\"collapsed\">\u00a0\n<p>La recette moderne du concentr\u00e9 antigel GLITHERM EKO EKO a \u00e9t\u00e9 adapt\u00e9e aux besoins les plus r\u00e9cents en termes d\u2019impact sur l\u2019environnement et l\u2019homme. Le fabricant surveille les mati\u00e8res premi\u00e8res et composants utilis\u00e9s dans la production en termes d\u2019\u00e9cologie, de s\u00e9curit\u00e9 et z\u00e9ro \u00e9mission. <\/p>\n<p>LE CONCENTR\u00c9 GLITHERM EKO est un produit de nouvelle g\u00e9n\u00e9ration, il ne force pas l\u2019utilisateur \u00e0 remplacer le r\u00e9frig\u00e9rant, et permet d\u2019allonger les intervalles d\u2019entretien (tout en maintenant des tests r\u00e9guliers) contrairement aux fluides couramment utilis\u00e9s bas\u00e9s sur d\u2019anciennes technologies.<\/p>\n<p>Le Fluide de transfert de chaleur concentr\u00e9 de GLITHERM EKO n\u2019est pas un produit pr\u00eat \u00e0 \u00eatre utilis\u00e9. Le concentr\u00e9 d\u2019ECO Glitherm doit \u00eatre dilu\u00e9 avec de l\u2019eau d\u00e9min\u00e9ralis\u00e9e avant utilisation. N\u2019utilisez pas une pr\u00e9paration non dilu\u00e9e en raison de sa forte densit\u00e9, viscosit\u00e9 et concentration \u00e9lev\u00e9e de glycol, qui peuvent entra\u00eener un dysfonctionnement ou m\u00eame des dommages \u00e0 l\u2019installation ou \u00e0 ses composants. Pour plus d\u2019informations sur le processus de dilution et la pr\u00e9paration des solutions finies, voir la section \u00ab Dilution \u00bb.   <\/p>\n<p>Le fluide de transfert de chaleur concentr\u00e9 GLITHERM ECO est con\u00e7u pour une pr\u00e9paration rapide et pratique des m\u00e9langes de fluides de transfert de chaleur standards, ainsi que des m\u00e9langes pr\u00e9par\u00e9s selon les besoins individuels des clients. La formule du produit concentr\u00e9 est particuli\u00e8rement recommand\u00e9e lorsque les co\u00fbts de transport et\/ou de stockage ont une part importante des frais g\u00e9n\u00e9raux. Le concentr\u00e9 occupe moins de place lors du transport et du stockage.  <\/p>\n<p>La plus haute qualit\u00e9 du concentr\u00e9 de fluide de transfert thermique Glitherm EKO est confirm\u00e9e par :<\/p>\n<ul>\n<li>Recommandation technique de l&rsquo;ITB \u2013 Institut de technologie du b\u00e2timent de Varsovie.<\/li>\n<li>Certificat Hygi\u00e9nique PZH \u2013 Institut National de Sant\u00e9 Publique PZH \u2013 Institut National de Recherche.<\/li>\n<\/ul>\n<p>Le fluide de transfert de chaleur concentr\u00e9 Glitherm ECO est conforme aux derni\u00e8res r\u00e9glementations de la Commission europ\u00e9enne et aux r\u00e9glementations l\u00e9gales applicables. LE CONCENTR\u00c9 GLITHERM EKO ne contient pas, entre autres, les substances CMR (canc\u00e9rig\u00e8nes, mutag\u00e8niques, ayant un impact n\u00e9gatif sur la reproduction) ni les substances \u00e9num\u00e9r\u00e9es dans la directive 2011\/65\/UE du Parlement europ\u00e9en et du Conseil (RoHS = Restriction des substances dangereuses), article 4\u00a71 telles que le plomb, le mercure, le cadmium, le chrome hexavalent, le polybrom\u00e9 buph\u00e9nyl (PBB), le polybromul diph\u00e9nyl \u00e9ther et d\u2019autres substances interdites par la loi.  <\/p>\n<p>Le concentr\u00e9 d\u2019ECO GLITHERM est un produit \u00e0 base de monopropyl\u00e8ne glycol (MPG) de haute qualit\u00e9, qui n\u2019est pas recycl\u00e9. Sa formule \u00e9cologique, bas\u00e9e sur une mati\u00e8re premi\u00e8re favorable \u00e0 la nature et aux personnes, permet la cr\u00e9ation de m\u00e9langes s\u00fbrs pour l\u2019environnement et sans risque pour la sant\u00e9 et la vie des employ\u00e9s ou des utilisateurs. La composition du produit garantit qu\u2019une fuite d\u2019urgence du syst\u00e8me ou une manipulation n\u00e9gligente du produit ne pr\u00e9sente aucun risque.  <\/p>\n<p>La formule unique, enrichie en raffineurs, inhibiteurs de corrosion et agents anti-mousseux modernes, garantit que les m\u00e9langes pr\u00e9par\u00e9s \u00e0 partir du concentr\u00e9 d\u2019ECO GLITHERM garantiront un fonctionnement durable et sans d\u00e9faillance de chaque installation. Le produit ne mousse pas pendant le remplissage ou le fonctionnement, \u00e9liminant ainsi tous les probl\u00e8mes potentiels li\u00e9s \u00e0 la pr\u00e9sence de mousse dans l\u2019installation. <\/p>\n<p>Les m\u00e9langes \u00e0 base de concentr\u00e9 d\u2019ECO Glitherm offrent une protection durable et efficace contre la corrosion et les pr\u00e9cipitations des d\u00e9p\u00f4ts, maintenant les installations propres. Les fluides de transfert de chaleur \u00e0 base de concentr\u00e9 Glitherm EKO prot\u00e8gent efficacement l\u2019int\u00e9rieur de l\u2019installation contre le d\u00e9veloppement de micro-organismes. Le produit ne contient pas d\u2019additifs \u00e0 la glyc\u00e9rine ni d\u2019alcools, les m\u00e9langes \u00e0 base de notre concentr\u00e9 assurent un fonctionnement fiable de l\u2019usine pendant de nombreuses ann\u00e9es.  <\/p>\n<p><strong>Couleur. <\/strong><\/p>\n<p>Le GLITHERM EKO CONCENTRATE est propos\u00e9 en vert de s\u00e9rie. La couleur du concentr\u00e9 r\u00e9sulte de l\u2019utilisation d\u2019un pigment totalement neutre, elle n\u2019affecte pas les propri\u00e9t\u00e9s physicochimiques du produit. Le pigment utilis\u00e9 peut \u00eatre remplac\u00e9 par un autre, permettant la production d\u2019un concentr\u00e9 rose \u00e0 la demande sp\u00e9ciale du client.  <\/p>\n<p><strong>ATTENTION!<\/strong><\/p>\n<p>N\u2019utilisez pas de m\u00e9langes de concentr\u00e9 GLITHERM ECO dans les installations contenant des \u00e9l\u00e9ments galvanis\u00e9s. Les m\u00e9langes de produits sont compatibles avec la plupart des mat\u00e9riaux couramment utilis\u00e9s dans les installations, tels que : l\u2019acier, la fonte, l\u2019aluminium, le cuivre, les alliages de cuivre, le liant, le laiton. Les solutions bas\u00e9es sur le concentr\u00e9 de fluide de transfert de chaleur Glitherm EKO peuvent \u00eatre utilis\u00e9es avec succ\u00e8s dans des installations soud\u00e9es.  <\/p>\n<\/div>\n<a id=\"readMoreButton\" href=\"javascript:void(0);\" data-readmore=\"Lire plus\" data-readless=\"R\u00e9duire le texte\">Lire plus<\/a>\n","protected":false},"excerpt":{"rendered":"<p><strong>GLITHERM EKO CONCENTRATE en bref :<\/strong><\/p>\n<ul>\n<li>Concentr\u00e9 de r\u00e9frig\u00e9ration de derni\u00e8re g\u00e9n\u00e9ration.<\/li>\n<li>Moins \u00e0 transporter et \u00e0 stocker.<\/li>\n<li>Possibilit\u00e9 de pr\u00e9parer le m\u00e9lange selon les besoins individuels. <\/li>\n<li>Non toxique, respectueux de l\u2019environnement et de l\u2019homme.<\/li>\n<li>Ne contient pas de substances CMR (canc\u00e9rig\u00e8nes, mutag\u00e8nes et toxiques pour la reproduction)<\/li>\n<li>Il poss\u00e8de le Certificat Hygi\u00e9nique de l&rsquo;Institut National d&rsquo;Hygi\u00e8ne et la Recommandation Technique de l&rsquo;Institut de Recherche en B\u00e2timent.<\/li>\n<li>Il ne contient pas de glyc\u00e9rine et d&rsquo;alcools.<\/li>\n<li>Il offre une protection anti-corrosion et emp\u00eache les pr\u00e9cipitations de d\u00e9p\u00f4ts, tout en maintenant l\u2019installation propre.<\/li>\n<li>Emp\u00eache la croissance des micro-organismes.<\/li>\n<li>5 ans de garantie<\/li>\n<\/ul>\n","protected":false},"featured_media":16311,"template":"","meta":[],"product_brand":[],"product_cat":[205,199],"product_tag":[],"class_list":{"0":"post-22315","1":"product","2":"type-product","3":"status-publish","4":"has-post-thumbnail","6":"product_cat-fluides-a-base-de-monopropylene-glycol","7":"product_cat-fluides-pour-installations-de-chauffage-et-de-refroidissement","9":"first","10":"instock","11":"shipping-taxable","12":"product-type-variable"},"acf":[],"_links":{"self":[{"href":"https:\/\/glitherm.com\/fr\/wp-json\/wp\/v2\/product\/22315","targetHints":{"allow":["GET"]}}],"collection":[{"href":"https:\/\/glitherm.com\/fr\/wp-json\/wp\/v2\/product"}],"about":[{"href":"https:\/\/glitherm.com\/fr\/wp-json\/wp\/v2\/types\/product"}],"wp:featuredmedia":[{"embeddable":true,"href":"https:\/\/glitherm.com\/fr\/wp-json\/wp\/v2\/media\/16311"}],"wp:attachment":[{"href":"https:\/\/glitherm.com\/fr\/wp-json\/wp\/v2\/media?parent=22315"}],"wp:term":[{"taxonomy":"product_brand","embeddable":true,"href":"https:\/\/glitherm.com\/fr\/wp-json\/wp\/v2\/product_brand?post=22315"},{"taxonomy":"product_cat","embeddable":true,"href":"https:\/\/glitherm.com\/fr\/wp-json\/wp\/v2\/product_cat?post=22315"},{"taxonomy":"product_tag","embeddable":true,"href":"https:\/\/glitherm.com\/fr\/wp-json\/wp\/v2\/product_tag?post=22315"}],"curies":[{"name":"wp","href":"https:\/\/api.w.org\/{rel}","templated":true}]}}