{"id":22366,"date":"2023-09-06T15:17:47","date_gmt":"2023-09-06T13:17:47","guid":{"rendered":"https:\/\/glitherm.com\/produkt\/fluide-caloporteur-glitherm-et-concentrate\/"},"modified":"2023-09-06T15:17:47","modified_gmt":"2023-09-06T13:17:47","slug":"fluide-caloporteur-glitherm-et-concentrate","status":"publish","type":"product","link":"https:\/\/glitherm.com\/fr\/produkt\/fluide-caloporteur-glitherm-et-concentrate\/","title":{"rendered":"Fluide caloporteur GLITHERM ET CONCENTRATE"},"content":{"rendered":"<p>GLITHERM ET CONCENTRATE Heat Transfer Fluid, Antigel &#8211; est un concentr\u00e9 premium hautement concentr\u00e9 \u00e0 base de mono\u00e9thyl\u00e8ne glycol (MEG). Sa formule unique garantit la plus haute qualit\u00e9 de m\u00e9langes pr\u00eats \u00e0 l\u2019emploi pr\u00e9par\u00e9s sur sa base. Elle prot\u00e8ge l\u2019installation contre la corrosion et les temp\u00e9ratures de gel. Il emp\u00eache efficacement la formation de d\u00e9p\u00f4ts et de calcaire, ce qui permet de garantir l\u2019efficacit\u00e9 de l\u2019\u00e9quipement. Des composants de haute qualit\u00e9 emp\u00eachent la d\u00e9gradation des fluides et des syst\u00e8mes pour des performances durables.<br \/>\nAvec Glitherm ET Concentrate, vous pouvez pr\u00e9parer un m\u00e9lange adapt\u00e9 \u00e0 vos besoins et conditions d\u2019installation de mani\u00e8re pratique et s\u00e9curis\u00e9e.    <\/p>\n<div id=\"showMoreDiv\" class=\"collapsed\">\u00a0\n<p>Le concentr\u00e9 d\u2019ET Glitherm n\u2019est pas un produit pr\u00eat \u00e0 l\u2019emploi. Avant utilisation, il n\u00e9cessite une dilution avec de l\u2019eau d\u00e9min\u00e9ralis\u00e9e, aux concentrations appropri\u00e9es selon les proportions recommand\u00e9es par le fabricant. Il n\u2019est pas recommand\u00e9 d\u2019utiliser de concentr\u00e9 non dilu\u00e9, en raison de la forte concentration de glycol, de la densit\u00e9 et de la viscosit\u00e9 \u00e9lev\u00e9es du produit, ce qui peut endommager l\u2019installation. Le processus de dilution et de pr\u00e9paration des solutions de travail est pr\u00e9sent\u00e9 dans la section \u00ab Dilution \u00bb.    <\/p>\n<p>Une concentration \u00e9lev\u00e9e de glycol signifie moins de produit \u00e0 transporter et \u00e0 stocker. Le concentr\u00e9 d\u2019ET de GLITHERM est id\u00e9al l\u00e0 o\u00f9 les co\u00fbts de transport et de stockage occupent une grande part des co\u00fbts globaux. Un concentr\u00e9 inutilis\u00e9 peut \u00eatre utilis\u00e9 pour pr\u00e9parer un m\u00e9lange avec diff\u00e9rents param\u00e8tres, pour une autre installation sur le m\u00eame investissement ou un investissement ult\u00e9rieur. <\/p>\n<p>La plus haute qualit\u00e9 du fluide caloporteur concentr\u00e9 Glitherm ET est confirm\u00e9e par la Recommandation technique de l&rsquo;ITB &#8211; Institut de technologie du b\u00e2timent de Varsovie.<\/p>\n<p>Une teneur accrue en inhibiteurs de corrosion, additifs stabilisants, raffineurs, agents antimousseants haute performance d\u00e9di\u00e9s aux glycols et pigments neutres compose la formule du concentr\u00e9 ET Glitherm. La formule du produit offre une protection compl\u00e8te de l\u2019installation contre la corrosion et le gel, prot\u00e8ge les installations contre l\u2019accumulation de calcaire et emp\u00eache la formation de d\u00e9p\u00f4ts. Il maintient l\u2019installation propre, prot\u00e8ge l\u2019installation contre le d\u00e9veloppement de la vie microbienne et la formation du soi-disant biofilm sur ses \u00e9l\u00e9ments. Les additifs anti-mousse haute performance utilis\u00e9s prot\u00e8gent les m\u00e9langes pr\u00eats \u00e0 l\u2019emploi contre la mousse, aussi bien lors du remplissage que pendant le fonctionnement de l\u2019usine.    <\/p>\n<p>Le concentr\u00e9 antigel Glitherm ET est produit \u00e0 partir de mati\u00e8res premi\u00e8res de premi\u00e8re qualit\u00e9. Aucun produit semi-fini ni mati\u00e8res premi\u00e8res recycl\u00e9es et r\u00e9g\u00e9n\u00e9r\u00e9es n\u2019est utilis\u00e9 pour la production. L\u2019utilisation uniquement de mati\u00e8res premi\u00e8res de la plus haute qualit\u00e9 et la formule unique du produit pr\u00e9viennent la d\u00e9gradation des fluides et garantissent un fonctionnement sans d\u00e9faillance \u00e0 long terme de l\u2019installation.  <\/p>\n<p>Les produits de la famille Glitherm ET constituent une alternative moins co\u00fbteuse aux fluides \u00e0 base de monopropyl\u00e8ne glycol (MPG). Le mono\u00e9thyl\u00e8ne glycol utilis\u00e9 dans le produit est une substance toxique nocive pour les humains et l\u2019environnement, il est donc imp\u00e9ratif d\u2019\u00e9viter de rejeter le liquide dans l\u2019environnement, les cours d\u2019eau, les eaux us\u00e9es, les eaux souterraines ou les eaux utilitaires. Les m\u00e9langes fabriqu\u00e9s \u00e0 partir de ce concentr\u00e9 peuvent \u00eatre utilis\u00e9s en toute s\u00e9curit\u00e9 l\u00e0 o\u00f9 il n\u2019y a pas de contact direct avec la nourriture ou l\u2019eau domestique.  <\/p>\n<p><strong>Couleur. <\/strong><\/p>\n<p>Le concentr\u00e9 de fluide de transfert thermique Glitherm ET est fourni en bleu de s\u00e9rie. La couleur du concentr\u00e9 est obtenue par l\u2019ajout de pigments naturels compl\u00e8tement neutres. Les pigments \u2013 comme les marqueurs UV \u2013 n\u2019affectent pas les propri\u00e9t\u00e9s physicochimiques fonctionnelles du produit ni les m\u00e9langes qui en sont obtenus.  <\/p>\n<p><strong>ATTENTION!<\/strong><\/p>\n<p>Les m\u00e9langes \u00e0 base de concentr\u00e9 d\u2019ET Glitherm ne doivent pas \u00eatre utilis\u00e9s dans des installations contenant des \u00e9l\u00e9ments galvanis\u00e9s. En m\u00eame temps, tous les m\u00e9langes \u00e0 base de ce produit sont compatibles avec la plupart des mat\u00e9riaux couramment utilis\u00e9s dans les installations, tels que l\u2019acier, la fonte, l\u2019aluminium, le cuivre, le liant, le laiton.  Aussi, le fait de souder l&rsquo;installation ne limite en rien l&rsquo;utilisation de m\u00e9langes \u00e0 base de concentr\u00e9 Glitherm ET.<\/p>\n<\/div>\n<a id=\"readMoreButton\" href=\"javascript:void(0);\" data-readmore=\"Lire plus\" data-readless=\"R\u00e9duire le texte\">Lire plus<\/a>\n","protected":false},"excerpt":{"rendered":"<p><strong>GLITHERM ET CONCENTR\u00c9 en bref :<\/strong><\/p>\n<ul>\n<li>Formule concentr\u00e9e.<\/li>\n<li>Moins \u00e0 transporter et \u00e0 stocker.<\/li>\n<li>Il a la Recommandation Technique ITB.<\/li>\n<li>Possibilit\u00e9 de pr\u00e9parer le m\u00e9lange selon les besoins individuels.<\/li>\n<li>Ne contient pas d&rsquo;alcool ni de glyc\u00e9rine.<\/li>\n<li>Il offre une protection contre la corrosion, emp\u00eache les pr\u00e9cipitations de s\u00e9diments, le d\u00e9veloppement de biofilms dans l\u2019installation, et prot\u00e8ge contre la surchauffe et le gel.<\/li>\n<li>Il contient des agents anti-mousse.<\/li>\n<li>C&rsquo;est un agent multi-saisons.<\/li>\n<li>5 ans de garantie.<\/li>\n<\/ul>\n","protected":false},"featured_media":16315,"template":"","meta":[],"product_brand":[],"product_cat":[202,199],"product_tag":[],"class_list":{"0":"post-22366","1":"product","2":"type-product","3":"status-publish","4":"has-post-thumbnail","6":"product_cat-fluides-a-base-de-monoethylene-glycol","7":"product_cat-fluides-pour-installations-de-chauffage-et-de-refroidissement","9":"first","10":"instock","11":"shipping-taxable","12":"product-type-variable"},"acf":[],"_links":{"self":[{"href":"https:\/\/glitherm.com\/fr\/wp-json\/wp\/v2\/product\/22366","targetHints":{"allow":["GET"]}}],"collection":[{"href":"https:\/\/glitherm.com\/fr\/wp-json\/wp\/v2\/product"}],"about":[{"href":"https:\/\/glitherm.com\/fr\/wp-json\/wp\/v2\/types\/product"}],"wp:featuredmedia":[{"embeddable":true,"href":"https:\/\/glitherm.com\/fr\/wp-json\/wp\/v2\/media\/16315"}],"wp:attachment":[{"href":"https:\/\/glitherm.com\/fr\/wp-json\/wp\/v2\/media?parent=22366"}],"wp:term":[{"taxonomy":"product_brand","embeddable":true,"href":"https:\/\/glitherm.com\/fr\/wp-json\/wp\/v2\/product_brand?post=22366"},{"taxonomy":"product_cat","embeddable":true,"href":"https:\/\/glitherm.com\/fr\/wp-json\/wp\/v2\/product_cat?post=22366"},{"taxonomy":"product_tag","embeddable":true,"href":"https:\/\/glitherm.com\/fr\/wp-json\/wp\/v2\/product_tag?post=22366"}],"curies":[{"name":"wp","href":"https:\/\/api.w.org\/{rel}","templated":true}]}}