{"id":22421,"date":"2023-09-15T11:08:12","date_gmt":"2023-09-15T09:08:12","guid":{"rendered":"https:\/\/glitherm.com\/produkt\/eau-de-chaudiere-eau-de-circulation-aquacor-prete-a-lemploi\/"},"modified":"2023-09-15T11:08:12","modified_gmt":"2023-09-15T09:08:12","slug":"eau-de-chaudiere-eau-de-circulation-aquacor-prete-a-lemploi","status":"publish","type":"product","link":"https:\/\/glitherm.com\/fr\/produkt\/eau-de-chaudiere-eau-de-circulation-aquacor-prete-a-lemploi\/","title":{"rendered":"Eau de chaudi\u00e8re, Eau de circulation AQUACOR+ pr\u00eate \u00e0 l\u2019emploi"},"content":{"rendered":"<p>Eau de chaudi\u00e8re AQUACOR+, Eau de circulation, pr\u00eate \u00e0 l\u2019emploi &#8211; est une eau de circulation \u00e9cologique et efficace. Il prot\u00e8ge tous les \u00e9l\u00e9ments m\u00e9talliques et joints utilis\u00e9s dans les syst\u00e8mes de chauffage contre la corrosion. Il stabilise le pH, emp\u00eache la formation de calcaire et la pr\u00e9cipitation des d\u00e9p\u00f4ts min\u00e9raux. Prot\u00e8ge les installations nouvelles et existantes contre les pannes et la d\u00e9gradation des performances. Il veille \u00e0 l\u2019efficacit\u00e9 et \u00e0 la propret\u00e9 de l\u2019installation, et prot\u00e8ge contre l\u2019usure pr\u00e9matur\u00e9e de l\u2019installation. Enrichi par l\u2019ajout d\u2019UV, il facilite la localisation des fuites et des fuites possibles. Parfait aussi bien pour les installations industrielles que domestiques. Adapt\u00e9 l\u00e0 o\u00f9 la protection contre le gel n\u2019est pas n\u00e9cessaire.       <\/p>\n<div id=\"showMoreDiv\" class=\"collapsed\">\u00a0\n<p>L\u2019eau de chaudi\u00e8re AQUACOR+ Eau de Circulation est un produit pr\u00eat \u00e0 \u00eatre utilis\u00e9 \u00e0 base d\u2019eau d\u00e9min\u00e9ralis\u00e9e et d\u2019inhibiteurs de corrosion de haute qualit\u00e9. Le produit n\u2019a pas besoin d\u2019\u00eatre dilu\u00e9. Il n\u2019est pas non plus n\u00e9cessaire d\u2019\u00eatre pr\u00e9par\u00e9 autrement avant la demande d\u2019installation.  <\/p>\n<p>AQUACOR + L\u2019eau de chaudi\u00e8re \u00e0 base d\u2019eau d\u00e9min\u00e9ralis\u00e9e est s\u00fbre pour l\u2019environnement naturel et les personnes. D\u2019\u00e9ventuelles fuites lors du remplissage de l\u2019installation, de son fonctionnement ou lors d\u2019une manipulation insuffisamment soign\u00e9e du produit ne constituent pas une menace pour l\u2019environnement, la sant\u00e9 et la vie du personnel et des utilisateurs. <\/p>\n<p>La formule unique de l\u2019eau circulante AQUACOR+ bas\u00e9e sur des additifs et stabilisateurs, des inhibiteurs de corrosion, des agents anti-mousse, des r\u00e9gulateurs de pH et des pigments neutres ainsi que le marqueur UV combin\u00e9 \u00e0 de l\u2019eau d\u00e9min\u00e9ralis\u00e9e garantit la plus haute qualit\u00e9 du produit final. Gr\u00e2ce \u00e0 cela, AQUCOR+ offre une protection contre la corrosion des \u00e9l\u00e9ments m\u00e9talliques des installations et entretient et prot\u00e8ge les joints couramment utilis\u00e9s dans les installations. Elle prot\u00e8ge l\u2019installation contre la formation de calcaires et la pr\u00e9cipitation de gisements min\u00e9raux.   Maintient l&rsquo;installation propre. Les additifs anti-mousse prot\u00e8gent contre la mousse du milieu de travail lors du remplissage du syst\u00e8me et de son fonctionnement.<\/p>\n<p>L\u2019eau de chaudi\u00e8re AQUCOR+ assure un fonctionnement durable et sans probl\u00e8me de chaque installation pendant de nombreuses ann\u00e9es. Elle \u00e9vite la perte de chaleur et augmente l\u2019efficacit\u00e9 des installations neuves comme de celles en service depuis longtemps. <\/p>\n<p>L\u2019eau circulante AQUACOR+ est une option pour les installations industrielles et domestiques. Adapt\u00e9 partout o\u00f9 la protection contre le gel n\u2019est pas n\u00e9cessaire. <\/p>\n<p><strong>Couleur.<\/strong><\/p>\n<p>L\u2019eau de circulation AQUACOR+ est produite en jaune en standard. La couleur est obtenue en ajoutant des colorants min\u00e9raux naturels totalement neutres par rapport aux propri\u00e9t\u00e9s physicochimiques fonctionnelles du produit. <\/p>\n<p><strong>ATTENTION!<\/strong><\/p>\n<p>Le produit ne doit pas \u00eatre utilis\u00e9 dans des installations n\u00e9cessitant une protection contre le gel. L\u2019eau circulante AQUACOR+ peut \u00eatre utilis\u00e9e en toute s\u00e9curit\u00e9 dans des installations fabriqu\u00e9es avec les mat\u00e9riaux les plus couramment utilis\u00e9s, notamment : galvanis\u00e9, acier, fonte, aluminium, cuivre et ses alliages, liant, laiton. Souder le syst\u00e8me n\u2019est pas une contre-indication \u00e0 l\u2019utilisation d\u2019AQUACOR+.  <\/p>\n<\/div>\n<a id=\"readMoreButton\" href=\"javascript:void(0);\" data-readmore=\"Lire plus\" data-readless=\"R\u00e9duire le texte\">Lire plus<\/a>\n","protected":false},"excerpt":{"rendered":"<p><strong>AQUACOR+ en bref :<\/strong><\/p>\n<ul>\n<li>S\u00fbre pour l&rsquo;homme et respectueuse de l&rsquo;environnement naturel.<\/li>\n<li>Prot\u00e8ge l&rsquo;installation contre la corrosion.<\/li>\n<li>Pr\u00e9vient la formation de tartre dans la chaudi\u00e8re et la pr\u00e9cipitation de d\u00e9p\u00f4ts min\u00e9raux.<\/li>\n<li>Maintient l&rsquo;installation propre.<\/li>\n<li>Am\u00e9liore l&rsquo;efficacit\u00e9 du syst\u00e8me.<\/li>\n<li>R\u00e9duit les pertes de chaleur.<\/li>\n<li>Augmente la dur\u00e9e de vie de l&rsquo;installation.<\/li>\n<li>Contient des additifs anti-mousse.<\/li>\n<\/ul>\n","protected":false},"featured_media":21006,"template":"","meta":[],"product_brand":[],"product_cat":[211,199],"product_tag":[],"class_list":{"0":"post-22421","1":"product","2":"type-product","3":"status-publish","4":"has-post-thumbnail","6":"product_cat-eau-de-chaudiere","7":"product_cat-fluides-pour-installations-de-chauffage-et-de-refroidissement","9":"first","10":"instock","11":"shipping-taxable","12":"product-type-variable"},"acf":[],"_links":{"self":[{"href":"https:\/\/glitherm.com\/fr\/wp-json\/wp\/v2\/product\/22421","targetHints":{"allow":["GET"]}}],"collection":[{"href":"https:\/\/glitherm.com\/fr\/wp-json\/wp\/v2\/product"}],"about":[{"href":"https:\/\/glitherm.com\/fr\/wp-json\/wp\/v2\/types\/product"}],"wp:featuredmedia":[{"embeddable":true,"href":"https:\/\/glitherm.com\/fr\/wp-json\/wp\/v2\/media\/21006"}],"wp:attachment":[{"href":"https:\/\/glitherm.com\/fr\/wp-json\/wp\/v2\/media?parent=22421"}],"wp:term":[{"taxonomy":"product_brand","embeddable":true,"href":"https:\/\/glitherm.com\/fr\/wp-json\/wp\/v2\/product_brand?post=22421"},{"taxonomy":"product_cat","embeddable":true,"href":"https:\/\/glitherm.com\/fr\/wp-json\/wp\/v2\/product_cat?post=22421"},{"taxonomy":"product_tag","embeddable":true,"href":"https:\/\/glitherm.com\/fr\/wp-json\/wp\/v2\/product_tag?post=22421"}],"curies":[{"name":"wp","href":"https:\/\/api.w.org\/{rel}","templated":true}]}}