{"id":22468,"date":"2023-12-01T12:09:31","date_gmt":"2023-12-01T11:09:31","guid":{"rendered":"https:\/\/glitherm.com\/produkt\/eau-demineralisee-glitherm\/"},"modified":"2025-12-15T08:25:06","modified_gmt":"2025-12-15T07:25:06","slug":"eau-demineralisee-glitherm","status":"publish","type":"product","link":"https:\/\/glitherm.com\/fr\/produkt\/eau-demineralisee-glitherm\/","title":{"rendered":"Eau d\u00e9min\u00e9ralis\u00e9e GLITHERM"},"content":{"rendered":"<p>L\u2019eau d\u00e9min\u00e9ralis\u00e9e GLITHERM, souvent appel\u00e9e eau de process ou eau de process. Il est exempt de min\u00e9raux, d\u2019ions et d\u2019autres contaminants, ce qui le rend id\u00e9al pour les applications o\u00f9 la propret\u00e9 et la faible conductivit\u00e9 \u00e9lectrique sont essentielles. <\/p>\n<div id=\"showMoreDiv\" class=\"collapsed\">\u00a0\n<p>Gr\u00e2ce \u00e0 une m\u00e9thode de production moderne bas\u00e9e sur le proc\u00e9d\u00e9 d\u2019osmose inverse, elle se caract\u00e9rise par une haute puret\u00e9, ne d\u00e9pose pas de calcaire et ne provoque pas de pr\u00e9cipitations d\u2019autres gisements min\u00e9raux. Il est exempt de contaminants organiques, ce qui minimise le risque d\u2019activit\u00e9 biologique potentielle. <\/p>\n<p>L\u2019eau d\u00e9min\u00e9ralis\u00e9e GLITHERM est inodore et incolore, elle n\u2019affecte pas l\u2019odeur et la couleur dans de larges zones d\u2019application, par exemple lors de la dilution des concentr\u00e9s.<\/p>\n<p>Con\u00e7u pour les professionnels qui s\u2019efforcent d\u2019atteindre la plus haute qualit\u00e9 et des param\u00e8tres coh\u00e9rents dans leurs processus. Elle devient irrempla\u00e7able l\u00e0 o\u00f9 une qualit\u00e9 constante, r\u00e9p\u00e9table et \u00e9lev\u00e9e est essentielle. <\/p>\n<p>L\u2019eau de proc\u00e9d\u00e9 GLITHERM est s\u00fbre pour l\u2019utilisateur et l\u2019environnement. Travailler avec l\u2019eau de proc\u00e9d\u00e9 GLITHERM ne n\u00e9cessite pas l\u2019utilisation d\u2019\u00e9quipements de protection individuelle, et tout rejet dans l\u2019environnement naturel ne constitue pas une menace. Les r\u00e9sidus ne n\u00e9cessitent pas de processus sp\u00e9cialis\u00e9 d\u2019\u00e9limination.  <\/p>\n<p>Il est pr\u00eat \u00e0 l\u2019emploi, offrant fiabilit\u00e9 et excellents r\u00e9sultats dans une vari\u00e9t\u00e9 d\u2019applications.<\/p>\n<p>Parfait pour les professionnels et l\u2019usage domestique.<\/p>\n<\/div>\n<a id=\"readMoreButton\" href=\"javascript:void(0);\" data-readmore=\"Lire plus\" data-readless=\"R\u00e9duire le texte\">Lire plus<\/a>\n","protected":false},"excerpt":{"rendered":"<p><strong>L\u2019eau d\u00e9min\u00e9ralis\u00e9e GLITHERM<\/strong><\/p>\n<ul>\n<li>Un solvant universel avec une composition reproductible et pr\u00e9visible.<\/li>\n<li>Sans min\u00e9raux, ions et autres impuret\u00e9s.<\/li>\n<li>Exempt de tout contaminant organique, ce qui minimise l\u2019activit\u00e9 biologique potentielle.<\/li>\n<li>Il prot\u00e8ge contre le calcaire et les d\u00e9p\u00f4ts min\u00e9raux.<\/li>\n<li>Sans odeur et incolore.<\/li>\n<li>Il se caract\u00e9rise par une tr\u00e8s faible conductivit\u00e9 \u00e9lectrique.<\/li>\n<li>Il est sans danger pour les personnes et l\u2019environnement.<\/li>\n<li>Longue dur\u00e9e de conservation, stock\u00e9 dans des conditions optimales, ne vieillit pas et ne se d\u00e9grade pas.<\/li>\n<\/ul>\n","protected":false},"featured_media":16737,"template":"","meta":[],"product_brand":[],"product_cat":[208,199],"product_tag":[],"class_list":{"0":"post-22468","1":"product","2":"type-product","3":"status-publish","4":"has-post-thumbnail","6":"product_cat-eau-demineralisee","7":"product_cat-fluides-pour-installations-de-chauffage-et-de-refroidissement","9":"first","10":"instock","11":"shipping-taxable","12":"product-type-variable"},"acf":[],"_links":{"self":[{"href":"https:\/\/glitherm.com\/fr\/wp-json\/wp\/v2\/product\/22468","targetHints":{"allow":["GET"]}}],"collection":[{"href":"https:\/\/glitherm.com\/fr\/wp-json\/wp\/v2\/product"}],"about":[{"href":"https:\/\/glitherm.com\/fr\/wp-json\/wp\/v2\/types\/product"}],"wp:featuredmedia":[{"embeddable":true,"href":"https:\/\/glitherm.com\/fr\/wp-json\/wp\/v2\/media\/16737"}],"wp:attachment":[{"href":"https:\/\/glitherm.com\/fr\/wp-json\/wp\/v2\/media?parent=22468"}],"wp:term":[{"taxonomy":"product_brand","embeddable":true,"href":"https:\/\/glitherm.com\/fr\/wp-json\/wp\/v2\/product_brand?post=22468"},{"taxonomy":"product_cat","embeddable":true,"href":"https:\/\/glitherm.com\/fr\/wp-json\/wp\/v2\/product_cat?post=22468"},{"taxonomy":"product_tag","embeddable":true,"href":"https:\/\/glitherm.com\/fr\/wp-json\/wp\/v2\/product_tag?post=22468"}],"curies":[{"name":"wp","href":"https:\/\/api.w.org\/{rel}","templated":true}]}}