{"id":22502,"date":"2023-07-03T11:50:59","date_gmt":"2023-07-03T09:50:59","guid":{"rendered":"https:\/\/glitherm.com\/produkt\/ethylene-glycol-meg\/"},"modified":"2023-07-03T11:50:59","modified_gmt":"2023-07-03T09:50:59","slug":"ethylene-glycol-meg","status":"publish","type":"product","link":"https:\/\/glitherm.com\/fr\/produkt\/ethylene-glycol-meg\/","title":{"rendered":"\u00c9thyl\u00e8ne glycol (MEG)"},"content":{"rendered":"<p><span style=\"font-weight: 400;\">L\u2019\u00e9thyl\u00e8ne glycol (MEG) est un compos\u00e9 chimique organique de formule C2H6O2. C\u2019est un liquide incolore, sirupeux, avec une odeur douce et un arri\u00e8re-go\u00fbt sucr\u00e9. L\u2019\u00e9thyl\u00e8ne glycol est l\u2019alcool polyhydroxyle le plus simple et un exemple de l\u2019alcool sucr\u00e9 le plus simple. Il se dissout tr\u00e8s bien dans l\u2019eau et les alcools.   <\/span><\/p>\n<p><b>Fonctionnalit\u00e9s:<\/b><\/p>\n<ul>\n<li style=\"font-weight: 400;\" aria-level=\"1\"><span style=\"font-weight: 400;\">Formule totale : C2H6O2<\/span><\/li>\n<li style=\"font-weight: 400;\" aria-level=\"1\"><span style=\"font-weight: 400;\">Poids mol\u00e9culaire : 62,07 g\/mol<\/span><\/li>\n<li style=\"font-weight: 400;\" aria-level=\"1\"><span style=\"font-weight: 400;\">\u00c9tat de la mati\u00e8re : liquide<\/span><\/li>\n<li style=\"font-weight: 400;\" aria-level=\"1\"><span style=\"font-weight: 400;\">Apparence : Liquide incolore, sirupeux<\/span><\/li>\n<li style=\"font-weight: 400;\" aria-level=\"1\"><span style=\"font-weight: 400;\">Parfum : Doux<\/span><\/li>\n<li style=\"font-weight: 400;\" aria-level=\"1\"><span style=\"font-weight: 400;\">Go\u00fbt : sucr\u00e9<\/span><\/li>\n<li style=\"font-weight: 400;\" aria-level=\"1\"><span style=\"font-weight: 400;\">Point de fusion : -11,5\u00b0C<\/span><\/li>\n<li style=\"font-weight: 400;\" aria-level=\"1\"><span style=\"font-weight: 400;\">Point d\u2019\u00e9bullition : 197\u00b0C<\/span><\/li>\n<li style=\"font-weight: 400;\" aria-level=\"1\"><span style=\"font-weight: 400;\">Densit\u00e9 : 1,11 g\/cm\u00b3<\/span><\/li>\n<li style=\"font-weight: 400;\" aria-level=\"1\"><span style=\"font-weight: 400;\">Solubilit\u00e9 dans l\u2019eau : Tr\u00e8s bonne<\/span><\/li>\n<li style=\"font-weight: 400;\" aria-level=\"1\"><span style=\"font-weight: 400;\">Solubilit\u00e9 de l\u2019\u00e9thanol : Tr\u00e8s bonne<\/span><\/li>\n<li style=\"font-weight: 400;\" aria-level=\"1\"><span style=\"font-weight: 400;\">Toxicit\u00e9 : class\u00e9e comme toxique selon le R\u00e8glement (CE) n\u00b0 1272\/2008 [CLP\/GHS]<\/span><\/li>\n<\/ul>\n<p><b>Applications :<\/b><\/p>\n<ul>\n<li style=\"font-weight: 400;\" aria-level=\"1\"><b>Industrie chimique automobile :<\/b><span style=\"font-weight: 400;\"> L\u2019\u00e9thyl\u00e8ne glycol est le principal composant des liquides de refroidissement des moteurs \u00e0 combustion interne. Il est \u00e9galement utilis\u00e9 dans les liquides de frein, les liquides de lave-glace et d\u2019autres produits automobiles. <\/span><\/li>\n<li style=\"font-weight: 400;\" aria-level=\"1\"><b>Fibres de polyester :<\/b><span style=\"font-weight: 400;\"> L\u2019\u00e9thyl\u00e8ne glycol est utilis\u00e9 comme mati\u00e8re premi\u00e8re pour la production de fibres de polyester telles que le PET et le PBT.<\/span><\/li>\n<li style=\"font-weight: 400;\" aria-level=\"1\"><b>Agents nettoyants :<\/b><span style=\"font-weight: 400;\"> L\u2019\u00e9thyl\u00e8ne glycol est utilis\u00e9 dans de nombreux produits de nettoyage, tels que les nettoyants de vitres, les nettoyants de surface et les d\u00e9rouilleurs.<\/span><\/li>\n<li style=\"font-weight: 400;\" aria-level=\"1\"><b>Rev\u00eatements :<\/b><span style=\"font-weight: 400;\"> L\u2019\u00e9thyl\u00e8ne glycol est utilis\u00e9 dans de nombreux rev\u00eatements, tels que les peintures, vernis et r\u00e9sines \u00e9poxy.<\/span><\/li>\n<li style=\"font-weight: 400;\" aria-level=\"1\"><b>Mousses rigides :<\/b><span style=\"font-weight: 400;\"> L\u2019\u00e9thyl\u00e8ne glycol est utilis\u00e9 comme mati\u00e8re premi\u00e8re pour la production de mousses de polyur\u00e9thane rigide, qui sont employ\u00e9es dans l\u2019isolation des b\u00e2timents, le mobilier et d\u2019autres applications.<\/span><\/li>\n<li style=\"font-weight: 400;\" aria-level=\"1\"><b>Lubrifiants :<\/b><span style=\"font-weight: 400;\"> L\u2019\u00e9thyl\u00e8ne glycol est utilis\u00e9 dans certains lubrifiants, en particulier ceux qui doivent r\u00e9sister aux basses temp\u00e9ratures.<\/span><\/li>\n<li style=\"font-weight: 400;\" aria-level=\"1\"><b>Antigel :<\/b><span style=\"font-weight: 400;\"> L\u2019\u00e9thyl\u00e8ne glycol est le principal composant des fluides antigel pour les radiateurs de moteurs \u00e0 combustion interne et d\u2019autres applications.<\/span><\/li>\n<li style=\"font-weight: 400;\" aria-level=\"1\"><b>Proc\u00e9d\u00e9s de synth\u00e8se chimique :<\/b><span style=\"font-weight: 400;\"> L\u2019\u00e9thyl\u00e8ne glycol est utilis\u00e9 comme r\u00e9actif dans de nombreux proc\u00e9d\u00e9s de synth\u00e8se chimique, tels que la production de fibres de polyester, de r\u00e9sines \u00e9poxy et d\u2019autres compos\u00e9s organiques.<\/span><\/li>\n<li style=\"font-weight: 400;\" aria-level=\"1\"><b>Interm\u00e9diaire ou excipient :<\/b><span style=\"font-weight: 400;\"> L\u2019\u00e9thyl\u00e8ne glycol est utilis\u00e9 comme interm\u00e9diaire ou excipient dans de nombreux proc\u00e9d\u00e9s industriels, tels que la production de produits pharmaceutiques, cosm\u00e9tiques et peintures.<\/span><\/li>\n<\/ul>\n<p><b>Petite anecdote :<\/b><\/p>\n<p><span style=\"font-weight: 400;\">Des mol\u00e9cules d\u2019\u00e9thyl\u00e8ne glycol ont \u00e9t\u00e9 observ\u00e9es dans l\u2019espace. Les scientifiques pensent qu\u2019il pourrait s\u2019\u00eatre form\u00e9 \u00e0 la suite de r\u00e9actions chimiques, entre autres compos\u00e9s organiques, dans la poussi\u00e8re cosmique. <\/span><\/p>\n<p><b>L\u2019\u00e9thyl\u00e8ne glycol (MEG) est une mati\u00e8re premi\u00e8re chimique polyvalente avec une large gamme d\u2019applications. C\u2019est un ingr\u00e9dient important dans de nombreux produits industriels et de consommation. <\/b><\/p>\n<p><b>Note :<\/b><\/p>\n<p><span style=\"font-weight: 400;\">L\u2019\u00e9thyl\u00e8ne glycol est une substance toxique qui peut causer de graves probl\u00e8mes de sant\u00e9 s\u2019il est ing\u00e9r\u00e9. Utilisez-le avec prudence et conform\u00e9ment aux instructions de s\u00e9curit\u00e9. <\/span><\/p>\n<p>&nbsp;<\/p>\n<p><b>Commandez d\u00e8s aujourd\u2019hui de l\u2019\u00e9thyl\u00e8ne glycol (MEG) !<\/b><\/p>\n<p>&nbsp;<\/p>\n","protected":false},"excerpt":{"rendered":"<p><strong>Synonymes :<\/strong> Mono \u00e9thyl\u00e8ne glycol ; MEG ; Glycol ; \u00c9thyl\u00e8ne glycol ; \u00c9thane-1,2-diol ; \u00c9thanediol<\/p>\n<p><strong>CAS :<\/strong> 107-21-1<\/p>\n<p><strong>CE :<\/strong> 203-472-3<\/p>\n<p><strong>PORT\u00c9E :<\/strong> 01-2119456816-28<\/p>\n<p>&nbsp;<\/p>\n","protected":false},"featured_media":3509,"template":"","meta":[],"product_brand":[],"product_cat":[228,213],"product_tag":[],"class_list":{"0":"post-22502","1":"product","2":"type-product","3":"status-publish","4":"has-post-thumbnail","6":"product_cat-ethylene-glycols-fr","7":"product_cat-matieres-premieres-chimiques","9":"first","10":"instock","11":"shipping-taxable","12":"product-type-variable"},"acf":[],"_links":{"self":[{"href":"https:\/\/glitherm.com\/fr\/wp-json\/wp\/v2\/product\/22502","targetHints":{"allow":["GET"]}}],"collection":[{"href":"https:\/\/glitherm.com\/fr\/wp-json\/wp\/v2\/product"}],"about":[{"href":"https:\/\/glitherm.com\/fr\/wp-json\/wp\/v2\/types\/product"}],"wp:featuredmedia":[{"embeddable":true,"href":"https:\/\/glitherm.com\/fr\/wp-json\/wp\/v2\/media\/3509"}],"wp:attachment":[{"href":"https:\/\/glitherm.com\/fr\/wp-json\/wp\/v2\/media?parent=22502"}],"wp:term":[{"taxonomy":"product_brand","embeddable":true,"href":"https:\/\/glitherm.com\/fr\/wp-json\/wp\/v2\/product_brand?post=22502"},{"taxonomy":"product_cat","embeddable":true,"href":"https:\/\/glitherm.com\/fr\/wp-json\/wp\/v2\/product_cat?post=22502"},{"taxonomy":"product_tag","embeddable":true,"href":"https:\/\/glitherm.com\/fr\/wp-json\/wp\/v2\/product_tag?post=22502"}],"curies":[{"name":"wp","href":"https:\/\/api.w.org\/{rel}","templated":true}]}}