{"id":22518,"date":"2023-07-03T12:02:12","date_gmt":"2023-07-03T10:02:12","guid":{"rendered":"https:\/\/glitherm.com\/produkt\/propylene-glycol-mpg\/"},"modified":"2023-07-03T12:02:12","modified_gmt":"2023-07-03T10:02:12","slug":"propylene-glycol-mpg","status":"publish","type":"product","link":"https:\/\/glitherm.com\/fr\/produkt\/propylene-glycol-mpg\/","title":{"rendered":"Propyl\u00e8ne glycol (MPG)"},"content":{"rendered":"<p><span style=\"font-weight: 400;\">Le propyl\u00e8ne glycol (MPG) est un liquide incolore, gras, au go\u00fbt sucr\u00e9 et sans odeur. Elle se caract\u00e9rise par une viscosit\u00e9 \u00e9lev\u00e9e. C\u2019est un compos\u00e9 organique issu du groupe des alcools dihydroxyles (diols).  <\/span><\/p>\n<p><b>Propri\u00e9t\u00e9s<\/b><\/p>\n<ul>\n<li style=\"font-weight: 400;\" aria-level=\"1\"><span style=\"font-weight: 400;\">Liquide inodore, incolore avec un go\u00fbt sucr\u00e9<\/span><\/li>\n<li style=\"font-weight: 400;\" aria-level=\"1\"><span style=\"font-weight: 400;\">Haute viscosit\u00e9<\/span><\/li>\n<li style=\"font-weight: 400;\" aria-level=\"1\"><span style=\"font-weight: 400;\">Tr\u00e8s soluble dans l\u2019eau, l\u2019ac\u00e9tone et le chloroforme<\/span><\/li>\n<li style=\"font-weight: 400;\" aria-level=\"1\"><span style=\"font-weight: 400;\">Tr\u00e8s hygroscopique (absorbe l\u2019humidit\u00e9 de l\u2019air)<\/span><\/li>\n<li style=\"font-weight: 400;\" aria-level=\"1\"><span style=\"font-weight: 400;\">Non toxique (selon la classification CLP\/GHS)<\/span><\/li>\n<li style=\"font-weight: 400;\" aria-level=\"1\"><span style=\"font-weight: 400;\">Non soumis aux r\u00e9glementations ADR (Transport routier des marchandises dangereuses)<\/span><\/li>\n<\/ul>\n<p><b>Application<\/b><\/p>\n<ul>\n<li style=\"font-weight: 400;\" aria-level=\"1\"><span style=\"font-weight: 400;\">Produits chimiques automobiles et industriels<\/span><\/li>\n<li style=\"font-weight: 400;\" aria-level=\"1\"><span style=\"font-weight: 400;\">Produits chimiques de construction<\/span><\/li>\n<li style=\"font-weight: 400;\" aria-level=\"1\"><span style=\"font-weight: 400;\">Peintures et vernis<\/span><\/li>\n<li style=\"font-weight: 400;\" aria-level=\"1\"><span style=\"font-weight: 400;\">Industrie textile<\/span><\/li>\n<li style=\"font-weight: 400;\" aria-level=\"1\"><span style=\"font-weight: 400;\">Fluide de travail dans les syst\u00e8mes de r\u00e9frig\u00e9ration, de chauffage et de climatisation<\/span><\/li>\n<li style=\"font-weight: 400;\" aria-level=\"1\"><span style=\"font-weight: 400;\">R\u00e9actif dans les processus de synth\u00e8se chimique<\/span><\/li>\n<li style=\"font-weight: 400;\" aria-level=\"1\"><span style=\"font-weight: 400;\">Produit semi-fini dans l\u2019industrie chimique<\/span><\/li>\n<li style=\"font-weight: 400;\" aria-level=\"1\"><span style=\"font-weight: 400;\">Ingr\u00e9dient des m\u00e9langes anti-givrage<\/span><\/li>\n<\/ul>\n<p><b>Informations compl\u00e9mentaires<\/b><\/p>\n<ul>\n<li style=\"font-weight: 400;\" aria-level=\"1\"><span style=\"font-weight: 400;\">Num\u00e9ro CAS : 57-55-6<\/span><\/li>\n<li style=\"font-weight: 400;\" aria-level=\"1\"><span style=\"font-weight: 400;\">Wz\u00f3r chemiczny: C3H8O2<\/span><\/li>\n<li style=\"font-weight: 400;\" aria-level=\"1\"><span style=\"font-weight: 400;\">Poids mol\u00e9culaire : 76,09 g\/mol<\/span><\/li>\n<li style=\"font-weight: 400;\" aria-level=\"1\"><span style=\"font-weight: 400;\">Point de fusion : -59\u00b0C (-74\u00b0F)<\/span><\/li>\n<li style=\"font-weight: 400;\" aria-level=\"1\"><span style=\"font-weight: 400;\">Point d\u2019\u00e9bullition : 188\u00b0C (370\u00b0F)<\/span><\/li>\n<li style=\"font-weight: 400;\" aria-level=\"1\"><span style=\"font-weight: 400;\">Point d\u2019\u00e9clair : 106\u00b0C (223\u00b0F)<\/span><\/li>\n<\/ul>\n<p><b>Stockage<\/b><\/p>\n<p><span style=\"font-weight: 400;\">Le propyl\u00e8ne glycol doit \u00eatre conserv\u00e9 dans un contenant bien ferm\u00e9 dans un endroit frais et sec.<\/span><\/p>\n<p><b>ATTENTION!<\/b><\/p>\n<p><span style=\"font-weight: 400;\">Avant d\u2019utiliser le propyl\u00e8ne glycol, veuillez consulter la fiche de donn\u00e9es de s\u00e9curit\u00e9 (SDS).<\/span><\/p>\n<p><b>Le propyl\u00e8ne glycol est une mati\u00e8re premi\u00e8re chimique polyvalente avec une large gamme d\u2019applications. Il est s\u00fbr \u00e0 utiliser et facile \u00e0 transporter. <\/b><\/p>\n<p><b>Nous vous invitons \u00e0 acheter du propyl\u00e8ne glycol !<\/b><\/p>\n<p>&nbsp;<\/p>\n<p>&nbsp;<\/p>\n","protected":false},"excerpt":{"rendered":"<h2>Synonymes : Mono propyl\u00e8ne glycol ; MPG ; 1,2-propan\u00e9diol ; Monopropyl\u00e8ne glycol ; 1,2-Dihydroxypropane ; Propane-1,2-diol<\/h2>\n<h2>CAS : 57-55-6<\/h2>\n<h2>EC : 200-338-0<\/h2>\n<h2>PORT\u00c9E : 01-2119456809-23<\/h2>\n","protected":false},"featured_media":3517,"template":"","meta":[],"product_brand":[],"product_cat":[213,231],"product_tag":[],"class_list":{"0":"post-22518","1":"product","2":"type-product","3":"status-publish","4":"has-post-thumbnail","6":"product_cat-matieres-premieres-chimiques","7":"product_cat-propylene-glycols-fr","9":"first","10":"instock","11":"shipping-taxable","12":"product-type-variable"},"acf":[],"_links":{"self":[{"href":"https:\/\/glitherm.com\/fr\/wp-json\/wp\/v2\/product\/22518","targetHints":{"allow":["GET"]}}],"collection":[{"href":"https:\/\/glitherm.com\/fr\/wp-json\/wp\/v2\/product"}],"about":[{"href":"https:\/\/glitherm.com\/fr\/wp-json\/wp\/v2\/types\/product"}],"wp:featuredmedia":[{"embeddable":true,"href":"https:\/\/glitherm.com\/fr\/wp-json\/wp\/v2\/media\/3517"}],"wp:attachment":[{"href":"https:\/\/glitherm.com\/fr\/wp-json\/wp\/v2\/media?parent=22518"}],"wp:term":[{"taxonomy":"product_brand","embeddable":true,"href":"https:\/\/glitherm.com\/fr\/wp-json\/wp\/v2\/product_brand?post=22518"},{"taxonomy":"product_cat","embeddable":true,"href":"https:\/\/glitherm.com\/fr\/wp-json\/wp\/v2\/product_cat?post=22518"},{"taxonomy":"product_tag","embeddable":true,"href":"https:\/\/glitherm.com\/fr\/wp-json\/wp\/v2\/product_tag?post=22518"}],"curies":[{"name":"wp","href":"https:\/\/api.w.org\/{rel}","templated":true}]}}