{"id":2267,"date":"2023-07-03T10:53:56","date_gmt":"2023-07-03T08:53:56","guid":{"rendered":"https:\/\/glitherm.com\/produkt\/fluide-caloporteur-glitherm-eco-10c-a-49c-pret-a-lemploi\/"},"modified":"2025-12-12T11:33:01","modified_gmt":"2025-12-12T10:33:01","slug":"fluide-caloporteur-antigel-glitherm-eco-10c-a-49c","status":"publish","type":"product","link":"https:\/\/glitherm.com\/fr\/produkt\/fluide-caloporteur-antigel-glitherm-eco-10c-a-49c\/","title":{"rendered":"GLITHERM ECO Fluide caloporteur, antigel, pr\u00eat \u00e0 l\u2019emploi"},"content":{"rendered":"<p>GLITHERM ECO Fluides caloportants, antigel, pr\u00eats \u00e0 l\u2019emploi &#8211; il s\u2019agit de la s\u00e9rie de derni\u00e8re g\u00e9n\u00e9ration de liquides antigel pr\u00eats \u00e0 l\u2019emploi \u00e0 base de monopropyl\u00e8ne glycol (MPG). Ils combinent un rendement \u00e9lev\u00e9 et une fiabilit\u00e9 sup\u00e9rieure \u00e0 la moyenne avec une protection efficace contre la corrosion, tout en prot\u00e9geant le syst\u00e8me contre le calcaire et les pr\u00e9cipitations de s\u00e9diments. De plus, les fluides GLITHERM EKO offrent une large gamme de temp\u00e9ratures, ce qui leur permet d\u2019\u00eatre adapt\u00e9s \u00e0 diverses conditions et besoins individuels r\u00e9sultant des sp\u00e9cificit\u00e9s d\u2019une installation donn\u00e9e. Pendant le fonctionnement, les fluides antigel GLITHERM EKO conservent leurs propri\u00e9t\u00e9s pendant des ann\u00e9es et assurent un fonctionnement durable, durable et fiable de l\u2019installation et de ses composants. Ils sont \u00e9cologiques et sans danger pour l\u2019homme et l\u2019environnement.    <\/p>\n<div id=\"showMoreDiv\" class=\"collapsed\">\u00a0\n<p>Les fluides caloporteurs GLITHERM EKO pr\u00eats \u00e0 l\u2019emploi sont des fluides d\u00e9di\u00e9s au fonctionnement \u00e0 des temp\u00e9ratures minimales de -15 \u00e0 -35\u00b0C. En fonction de la temp\u00e9rature minimale de fonctionnement d\u00e9di\u00e9e, les produits se caract\u00e9risent par diff\u00e9rentes concentrations du fluide de travail. Les m\u00e9langes standard pr\u00eats \u00e0 l\u2019emploi sont :  <\/p>\n<ul>\n<li><span style=\"font-weight: 400;\">GLITHERM EKO -15\u00b0C concentration en glycol 33&nbsp;%<\/span><\/li>\n<li><span style=\"font-weight: 400;\">GLITHERM ECO -20\u00b0C concentration en glycol 39&nbsp;%<\/span><\/li>\n<li><span style=\"font-weight: 400;\">GLITHERM ECO -25\u00b0C concentration en glycol 43&nbsp;%<\/span><\/li>\n<li><span style=\"font-weight: 400;\">GLITHERM ECO -30\u00b0C concentration en glycol 47&nbsp;%<\/span><\/li>\n<li><span style=\"font-weight: 400;\">GLITHERM ECO -35\u00b0C concentration en glycol 51&nbsp;%<\/span><\/li>\n<\/ul>\n<p>Pour les clients \u00e0 la recherche de solutions pour des exigences non standard, nous proposons la cr\u00e9ation d\u2019un produit d\u00e9di\u00e9 qui r\u00e9pondra avec succ\u00e8s aux param\u00e8tres d\u2019installation d\u00e9finis avec pr\u00e9cision.<\/p>\n<p>Si vous avez des questions ou des doutes lors du choix d\u2019un fluide pour une installation sp\u00e9cifique, le fabricant vous recommande de contacter directement le service client, o\u00f9 un consultant s\u00e9lectionnera un produit standard ou vous proposera un fluide d\u00e9di\u00e9 qui r\u00e9pondra avec succ\u00e8s aux exigences non standard de l\u2019installation.<\/p>\n<p>Les plusieurs ann\u00e9es d\u2019exp\u00e9rience du fabricant nous permettent de d\u00e9velopper un produit en tenant compte des exigences individuelles.<\/p>\n<p>Tant en ce qui concerne les produits standard que ceux d\u00e9di\u00e9s \u00e0 des investissements sp\u00e9cifiques, de nombreuses ann\u00e9es d\u2019exp\u00e9rience sont un soutien inestimable dans le processus de d\u00e9veloppement des produits, leur application et leur fonctionnement.<\/p>\n<p>La formule moderne du fluide caloporteur GLITHERM EKO a \u00e9t\u00e9 adapt\u00e9e aux exigences actuelles en termes d\u2019impact environnemental et humain. L\u2019entreprise s\u2019assure que les mati\u00e8res premi\u00e8res et les composants utilis\u00e9s dans la production sont \u00e9cologiques, s\u00fbrs et z\u00e9ro \u00e9mission. <\/p>\n<p>L\u2019antigel GLITHERM EKO est un produit d\u2019une nouvelle g\u00e9n\u00e9ration am\u00e9lior\u00e9e. Son utilisation \u00e9limine le besoin de remplacement forc\u00e9 du r\u00e9frig\u00e9rant, vous permet d\u2019allonger les intervalles d\u2019entretien (tout en maintenant des tests r\u00e9guliers) contrairement aux fluides couramment utilis\u00e9s bas\u00e9s sur d\u2019anciennes technologies. <\/p>\n<p>La plus haute qualit\u00e9 de l\u2019antigel Glitherm EKO est confirm\u00e9e, entre autres par :<\/p>\n<ul>\n<li>  Recommandation technique de l\u2019ITB &#8211; Institut de technologie du b\u00e2timent de Varsovie.<\/li>\n<li>Certificat Hygi\u00e9nique PZH &#8211; Institut National de Sant\u00e9 Publique PZH &#8211; Institut National de Recherche.<\/li>\n<\/ul>\n<p>L\u2019antigel GLITHERM EKO ne n\u00e9cessite pas de dilution ni d\u2019application d\u2019autres substances avant l\u2019application. Ils sont bas\u00e9s sur du monopropyl\u00e8ne glycol (MPG) de haute qualit\u00e9 et sont produits uniquement \u00e0 partir de mati\u00e8res premi\u00e8res vierges, et non \u00e0 partir de processus de r\u00e9g\u00e9n\u00e9ration ou de recyclage. La formule des fluides GLITHERM EKO est enrichie de doses appropri\u00e9es d\u2019inhibiteurs de corrosion, de tampons de pH, d\u2019additifs qui affinent et stabilisent le fluide dans l\u2019installation, gr\u00e2ce auxquels ils sont un produit de la plus haute qualit\u00e9.  <\/p>\n<p>Les fluides caloporteurs GLITHERM EKO sont adapt\u00e9s pour fonctionner dans une vari\u00e9t\u00e9 d\u2019environnements, m\u00eame les plus exigeants. Ils prot\u00e8gent l\u2019installation contre la corrosion, la formation de d\u00e9p\u00f4ts et emp\u00eachent la croissance de micro-organismes. Les additifs anti-mousse de la plus haute qualit\u00e9 garantissent un remplissage facile du syst\u00e8me et \u00e9liminent les probl\u00e8mes potentiels li\u00e9s \u00e0 la formation de mousse du fluide \u00e0 l\u2019int\u00e9rieur du syst\u00e8me.  <\/p>\n<p>En choisissant l\u2019antigel GLITHERM ECO, vous investissez dans un produit qui non seulement prot\u00e8ge votre installation, mais augmente \u00e9galement son efficacit\u00e9 et sa durabilit\u00e9.<\/p>\n<p><strong>Couleur.<\/strong><\/p>\n<p>L\u2019antigel Glitherm EKO est teint en vert en standard. Les pigments neutres utilis\u00e9s n\u2019affectent pas les performances du produit. \u00c0 la demande du client ou sur demande, le pigment utilis\u00e9 peut \u00eatre remplac\u00e9 par un autre, permettant d\u2019obtenir un produit final rose.  <\/p>\n<p><strong>ATTENTION!<\/strong><\/p>\n<p>Le produit ne doit pas \u00eatre utilis\u00e9 dans des installations avec des \u00e9l\u00e9ments galvanis\u00e9s. Le produit est compatible avec tous les autres mat\u00e9riaux couramment utilis\u00e9s dans les installations, tels que : l\u2019acier, la fonte, l\u2019aluminium, le cuivre, le liant, le laiton. La soudure de l\u2019installation n\u2019exclut en aucun cas l\u2019utilisation du produit.  <\/p>\n<\/div>\n<a id=\"readMoreButton\" href=\"javascript:void(0);\" data-readmore=\"Lire plus\" data-readless=\"R\u00e9duire le texte\">Lire plus<\/a>\n","protected":false},"excerpt":{"rendered":"<p><strong>GLITHERM EKO LIQUID en bref :<\/strong><\/p>\n<ul>\n<li>Pr\u00eat \u00e0 l\u2019emploi.<\/li>\n<li>Non toxique, respectueux de l\u2019environnement et de l\u2019homme.<\/li>\n<li>Il ne contient pas de substances CMR (canc\u00e9rig\u00e8nes, mutag\u00e8nes et reproductives).<\/li>\n<li>Il a la Recommandation Technique ITB.<\/li>\n<li>Il a le certificat hygi\u00e9nique de l&rsquo;Institut national d&rsquo;hygi\u00e8ne.<\/li>\n<li>Il ne contient pas de glyc\u00e9rine et d&rsquo;alcools.<\/li>\n<li>Fournit une protection anti-corrosion compl\u00e8te de l&rsquo;installation.<\/li>\n<li>Il emp\u00eache la formation de vie microbienne, la formation de d\u00e9p\u00f4ts et maintient l\u2019installation propre.<\/li>\n<li>Il contient des agents anti-mousse.<\/li>\n<li>D\u00e9di\u00e9 \u00e0 l&rsquo;industrie alimentaire.<\/li>\n<li>5 ans de garantie.<\/li>\n<\/ul>\n","protected":false},"featured_media":16309,"template":"","meta":[],"product_brand":[],"product_cat":[205,199],"product_tag":[],"class_list":{"0":"post-2267","1":"product","2":"type-product","3":"status-publish","4":"has-post-thumbnail","6":"product_cat-fluides-a-base-de-monopropylene-glycol","7":"product_cat-fluides-pour-installations-de-chauffage-et-de-refroidissement","9":"first","10":"instock","11":"shipping-taxable","12":"product-type-variable"},"acf":[],"_links":{"self":[{"href":"https:\/\/glitherm.com\/fr\/wp-json\/wp\/v2\/product\/2267","targetHints":{"allow":["GET"]}}],"collection":[{"href":"https:\/\/glitherm.com\/fr\/wp-json\/wp\/v2\/product"}],"about":[{"href":"https:\/\/glitherm.com\/fr\/wp-json\/wp\/v2\/types\/product"}],"wp:featuredmedia":[{"embeddable":true,"href":"https:\/\/glitherm.com\/fr\/wp-json\/wp\/v2\/media\/16309"}],"wp:attachment":[{"href":"https:\/\/glitherm.com\/fr\/wp-json\/wp\/v2\/media?parent=2267"}],"wp:term":[{"taxonomy":"product_brand","embeddable":true,"href":"https:\/\/glitherm.com\/fr\/wp-json\/wp\/v2\/product_brand?post=2267"},{"taxonomy":"product_cat","embeddable":true,"href":"https:\/\/glitherm.com\/fr\/wp-json\/wp\/v2\/product_cat?post=2267"},{"taxonomy":"product_tag","embeddable":true,"href":"https:\/\/glitherm.com\/fr\/wp-json\/wp\/v2\/product_tag?post=2267"}],"curies":[{"name":"wp","href":"https:\/\/api.w.org\/{rel}","templated":true}]}}