{"id":2582,"date":"2023-07-18T12:20:19","date_gmt":"2023-07-18T10:20:19","guid":{"rendered":"https:\/\/glitherm.com\/produkt\/acide-formique-85\/"},"modified":"2023-10-04T09:58:43","modified_gmt":"2023-10-04T07:58:43","slug":"acide-formique-85","status":"publish","type":"product","link":"https:\/\/glitherm.com\/fr\/produkt\/acide-formique-85\/","title":{"rendered":"Acide Formique 85%"},"content":{"rendered":"<p><span style=\"font-weight: 400;\">L&rsquo;acide formique 85%, l&rsquo;acide carboxylique est l&rsquo;acide carboxylique connu le plus fort. Cet acide \u00e0 temp\u00e9rature ambiante et pression atmosph\u00e9rique est un liquide incolore avec une odeur piquante. Il peut \u00eatre utilis\u00e9 comme agent non invasif pour contr\u00f4ler les acariens Varroa chez les abeilles dans les ruchers \u00e9cologiques. L&rsquo;acide formique est une mati\u00e8re premi\u00e8re irrempla\u00e7able dans les domaines tels que la chimie, la tannerie et le textile en tant que r\u00e9gulateur de pH. <\/span><\/p>\n<p><span style=\"font-weight: 400;\">Il est utilis\u00e9 comme r\u00e9actif chimique et pour le nettoyage et la r\u00e9g\u00e9n\u00e9ration des installations. Ses propri\u00e9t\u00e9s fongicides sont couramment utilis\u00e9es, d&rsquo;o\u00f9 son utilisation comme fongicide. <\/span><\/p>\n<p><span style=\"font-weight: 400;\">Il est utilis\u00e9 dans l&rsquo;industrie lourde pour la pr\u00e9paration des surfaces m\u00e9talliques, pour le lavage, le vernissage, l&rsquo;application de rev\u00eatements galvaniques. <\/span><\/p>\n<p><span style=\"font-weight: 400;\">Il est utilis\u00e9 dans la r\u00e9g\u00e9n\u00e9ration des syst\u00e8mes d&rsquo;a\u00e9ration dans les proc\u00e9d\u00e9s de traitement des eaux us\u00e9es a\u00e9robies. Nettoie efficacement les diffuseurs en c\u00e9ramique, en plastique et en acier. <\/span><\/p>\n<p><span style=\"font-weight: 400;\">Avertissement! Fortement corrosif et corrosif. C&rsquo;est un poison puissant.<\/span><\/p>\n<p>La description traduite automatiquement fait foi dans la version polonaise.<\/p>\n","protected":false},"excerpt":{"rendered":"<p><span style=\"font-weight: 400;\"><strong>Synonymes :<\/strong> Acide carboxylique; Acide m\u00e9thano\u00efque.<\/span><\/p>\n<p><span style=\"font-weight: 400;\"><strong>CAS:<\/strong> 64-18-6<\/span><\/p>\n<p><span style=\"font-weight: 400;\"><strong>EC:<\/strong> 200-579-1<\/span><\/p>\n<p><span style=\"font-weight: 400;\"><strong>REACH:<\/strong> 01-2119491174-37<\/span><\/p>\n","protected":false},"featured_media":3480,"template":"","meta":[],"product_brand":[],"product_cat":[236,213],"product_tag":[],"class_list":{"0":"post-2582","1":"product","2":"type-product","3":"status-publish","4":"has-post-thumbnail","6":"product_cat-acides","7":"product_cat-matieres-premieres-chimiques","9":"first","10":"instock","11":"shipping-taxable","12":"product-type-variable"},"acf":[],"_links":{"self":[{"href":"https:\/\/glitherm.com\/fr\/wp-json\/wp\/v2\/product\/2582","targetHints":{"allow":["GET"]}}],"collection":[{"href":"https:\/\/glitherm.com\/fr\/wp-json\/wp\/v2\/product"}],"about":[{"href":"https:\/\/glitherm.com\/fr\/wp-json\/wp\/v2\/types\/product"}],"wp:featuredmedia":[{"embeddable":true,"href":"https:\/\/glitherm.com\/fr\/wp-json\/wp\/v2\/media\/3480"}],"wp:attachment":[{"href":"https:\/\/glitherm.com\/fr\/wp-json\/wp\/v2\/media?parent=2582"}],"wp:term":[{"taxonomy":"product_brand","embeddable":true,"href":"https:\/\/glitherm.com\/fr\/wp-json\/wp\/v2\/product_brand?post=2582"},{"taxonomy":"product_cat","embeddable":true,"href":"https:\/\/glitherm.com\/fr\/wp-json\/wp\/v2\/product_cat?post=2582"},{"taxonomy":"product_tag","embeddable":true,"href":"https:\/\/glitherm.com\/fr\/wp-json\/wp\/v2\/product_tag?post=2582"}],"curies":[{"name":"wp","href":"https:\/\/api.w.org\/{rel}","templated":true}]}}