{"id":2620,"date":"2023-07-18T10:39:06","date_gmt":"2023-07-18T08:39:06","guid":{"rendered":"https:\/\/glitherm.com\/produkt\/monoethanolamine-mea-99\/"},"modified":"2023-10-04T10:02:10","modified_gmt":"2023-10-04T08:02:10","slug":"monoethanolamine-99","status":"publish","type":"product","link":"https:\/\/glitherm.com\/fr\/produkt\/monoethanolamine-99\/","title":{"rendered":"Mono\u00e9thanolamine (MEA) 99%"},"content":{"rendered":"<p>La mono\u00e9thanolamine 99% est une amine biog\u00e8ne, un compos\u00e9 chimique organique appartenant au groupe des alcools amin\u00e9s. Il est utilis\u00e9 dans l&rsquo;industrie comme agent adoucissant et \u00e9mulsifiant dans la production de d\u00e9tergents. C&rsquo;est un plastifiant irrempla\u00e7able dans la production et la transformation des plastiques.<\/p>\n<p><span style=\"font-weight: 400;\">\u00c0 l&rsquo;\u00e9chelle industrielle, il est obtenu en combinant l&rsquo;oxyde d&rsquo;\u00e9thyl\u00e8ne avec l&rsquo;ammoniac. <\/span><\/p>\n<p><span style=\"font-weight: 400;\">C&rsquo;est un r\u00e9actif appr\u00e9ci\u00e9 dans l&rsquo;industrie chimique. Il peut \u00eatre utilis\u00e9 avec de l&rsquo;ammoniac pour produire de la di\u00e9thanolamine, qui est un pr\u00e9curseur de l&rsquo;agent ch\u00e9lateur EDTA couramment utilis\u00e9. <\/span><\/p>\n<p><span style=\"font-weight: 400;\">La mono\u00e9thanolamine est souvent utilis\u00e9e pour \u00e9liminer le dioxyde de carbone et le sulfure d&rsquo;hydrog\u00e8ne des flux de gaz. Entre autres, le gaz naturel acide, les gaz d&rsquo;\u00e9chappement ou le gaz respiratoire r\u00e9g\u00e9n\u00e9r\u00e9 dans les syst\u00e8mes respiratoires ferm\u00e9s. L&rsquo;\u00e9thanolamine \u00e9tant une base faible, le chauffage lib\u00e8re le gaz qui y est dissous, assurant un recyclage efficace de l&rsquo;agent de rin\u00e7age. <\/span><\/p>\n<p><span style=\"font-weight: 400;\">Les autres applications de l&rsquo;\u00e9thanolamine comprennent le tamponnage et l&rsquo;ajustement du pH, la pr\u00e9paration d&rsquo;\u00e9mulsions, l&rsquo;alcalinisation de l&rsquo;eau dans des circuits ferm\u00e9s de g\u00e9n\u00e9ration de vapeur, y compris les r\u00e9acteurs \u00e0 eau sous pression.<\/span><\/p>\n<p>La description traduite automatiquement fait foi dans la version polonaise.<\/p>\n","protected":false},"excerpt":{"rendered":"<p><strong>Synonymes :<\/strong> 2-AMINO\u00c9THANOL ; 2-HYDROXY\u00c9THYLAMINE ; les AME ; heure d&rsquo;arriv\u00e9e ; 2-AMINOA\u00c9THANOL ; \u00c9thanolamine.<\/p>\n<p><strong>CAS:<\/strong> <span style=\"font-weight: 400;\">141-43-5<\/span><\/p>\n<p><strong>EC:<\/strong> <span style=\"font-weight: 400;\">205-483-3<\/span><\/p>\n<p><strong>REACH:<\/strong> 01-2119486455-28<\/p>\n","protected":false},"featured_media":3485,"template":"","meta":[],"product_brand":[],"product_cat":[219,213],"product_tag":[],"class_list":{"0":"post-2620","1":"product","2":"type-product","3":"status-publish","4":"has-post-thumbnail","6":"product_cat-amines-fr","7":"product_cat-matieres-premieres-chimiques","9":"first","10":"instock","11":"shipping-taxable","12":"product-type-variable"},"acf":[],"_links":{"self":[{"href":"https:\/\/glitherm.com\/fr\/wp-json\/wp\/v2\/product\/2620","targetHints":{"allow":["GET"]}}],"collection":[{"href":"https:\/\/glitherm.com\/fr\/wp-json\/wp\/v2\/product"}],"about":[{"href":"https:\/\/glitherm.com\/fr\/wp-json\/wp\/v2\/types\/product"}],"wp:featuredmedia":[{"embeddable":true,"href":"https:\/\/glitherm.com\/fr\/wp-json\/wp\/v2\/media\/3485"}],"wp:attachment":[{"href":"https:\/\/glitherm.com\/fr\/wp-json\/wp\/v2\/media?parent=2620"}],"wp:term":[{"taxonomy":"product_brand","embeddable":true,"href":"https:\/\/glitherm.com\/fr\/wp-json\/wp\/v2\/product_brand?post=2620"},{"taxonomy":"product_cat","embeddable":true,"href":"https:\/\/glitherm.com\/fr\/wp-json\/wp\/v2\/product_cat?post=2620"},{"taxonomy":"product_tag","embeddable":true,"href":"https:\/\/glitherm.com\/fr\/wp-json\/wp\/v2\/product_tag?post=2620"}],"curies":[{"name":"wp","href":"https:\/\/api.w.org\/{rel}","templated":true}]}}