{"id":2642,"date":"2023-07-18T08:58:33","date_gmt":"2023-07-18T06:58:33","guid":{"rendered":"https:\/\/glitherm.com\/produkt\/acide-sulfurique-concentre-92-986\/"},"modified":"2023-10-04T10:06:19","modified_gmt":"2023-10-04T08:06:19","slug":"acide-sulfurique-concentre-92-986","status":"publish","type":"product","link":"https:\/\/glitherm.com\/fr\/produkt\/acide-sulfurique-concentre-92-986\/","title":{"rendered":"Acide sulfurique concentr\u00e9 92-98,6%"},"content":{"rendered":"<p><span style=\"font-weight: 400;\">Acide sulfurique concentr\u00e9 92-98,6% &#8211; est l&rsquo;un des acides inorganiques les plus forts et l&rsquo;un des acides les plus forts, y compris les compos\u00e9s organiques. L&rsquo;acide sulfurique est une mati\u00e8re premi\u00e8re populaire dans l&rsquo;industrie chimique, souvent utilis\u00e9e comme catalyseur. En raison de ses fortes propri\u00e9t\u00e9s hygroscopiques, il est souvent utilis\u00e9 pour s\u00e9cher et d\u00e9shydrater d&rsquo;autres r\u00e9actifs ou substances finales. Inestimable pour la r\u00e9gulation du pH lors des synth\u00e8ses chimiques. <\/span><\/p>\n<p><span style=\"font-weight: 400;\">En outre, il est utilis\u00e9 dans des processus tels que la production d&rsquo;engrais, les processus miniers pour le traitement des min\u00e9raux et des minerais, pour le traitement, le nettoyage et le d\u00e9capage des surfaces m\u00e9talliques, dans l&rsquo;industrie galvanique en tant que composant de bains galvaniques et en tant que sensibilisant. agent. Dans les processus d&rsquo;\u00e9puration des gaz (par ex. \u00e9puration des gaz d&rsquo;\u00e9chappement), rin\u00e7age, s\u00e9chage et absorption. Largement utilis\u00e9 comme \u00e9lectrolyte dans les batteries de voiture. Dans la production de colorants, en particulier de blanc de titane. En raison de ses propri\u00e9t\u00e9s, il est utilis\u00e9 dans de nombreuses r\u00e9actions de synth\u00e8se organique, par ex. r\u00e9actions de nitration et de sulfonation. <\/span><\/p>\n<p><span style=\"font-weight: 400;\">Dans les proc\u00e9d\u00e9s de synth\u00e8se chimique, cette mati\u00e8re premi\u00e8re est utilis\u00e9e dans la production de : acide phosphorique, chlore gazeux, papier, floculants, bentonite, silice, concentr\u00e9 de plomb, verre au plomb, r\u00e9sines, acide cyanhydrique, nitrobenz\u00e8ne, pour le traitement et la neutralisation des eaux us\u00e9es.<\/span><\/p>\n<p><span style=\"font-weight: 400;\">L&rsquo;acide sulfurique est largement et \u00e0 grande \u00e9chelle utilis\u00e9 dans les industries suivantes :<\/span><\/p>\n<ul>\n<li><span style=\"font-weight: 400;\">industrie chimique (production de plastiques et autres acides inorganiques),<\/span><\/li>\n<li><span style=\"font-weight: 400;\">industrie p\u00e9trochimique (p\u00e9trole, purification de la paraffine),<\/span><\/li>\n<li><span style=\"font-weight: 400;\">industrie de la teinture (par exemple production de blanc de titane),<\/span><\/li>\n<li><span style=\"font-weight: 400;\">l&rsquo;industrie mini\u00e8re et m\u00e9tallurgique (pour l&rsquo;extraction et le traitement des min\u00e9raux, minerais),<\/span><\/li>\n<li><span style=\"font-weight: 400;\">industrie textile (production de fibres synth\u00e9tiques).<\/span><\/li>\n<\/ul>\n<p><span style=\"font-weight: 400;\"> L&rsquo;acide sulfurique est une substance dangereuse et des pr\u00e9cautions particuli\u00e8res doivent \u00eatre prises lors de son utilisation. Veuillez vous r\u00e9f\u00e9rer aux consignes de s\u00e9curit\u00e9 SDS avant de travailler avec ce mat\u00e9riau.<\/span><\/p>\n<p>La description traduite automatiquement fait foi dans la version polonaise.<\/p>\n","protected":false},"excerpt":{"rendered":"<p><span style=\"font-weight: 400;\"><strong>Synonymes :<\/strong><\/span>acide sulfurique (VI), acide sulfurique concentr\u00e9, acide sulfurique \u00e0 95 % ; acide sulfurique technique.<\/p>\n<p><span style=\"font-weight: 400;\"><strong>CAS:<\/strong> 7664-93-9<\/span><\/p>\n<p><span style=\"font-weight: 400;\"><strong>EC:<\/strong> 231-639-5<\/span><\/p>\n<p><span style=\"font-weight: 400;\"><strong>REACH:<\/strong> 01-2119458838-20<\/span><\/p>\n<p><strong>ATTENTION:<\/strong> L&rsquo;acide sulfurique est un pr\u00e9curseur des drogues de classe III et un pr\u00e9curseur des explosifs. Avant d&rsquo;acheter, remplissez la d\u00e9claration de l&rsquo;acheteur &#8211; disponible dans les documents \u00e0 t\u00e9l\u00e9charger.<\/p>\n","protected":false},"featured_media":3496,"template":"","meta":[],"product_brand":[],"product_cat":[236,213],"product_tag":[],"class_list":{"0":"post-2642","1":"product","2":"type-product","3":"status-publish","4":"has-post-thumbnail","6":"product_cat-acides","7":"product_cat-matieres-premieres-chimiques","9":"first","10":"instock","11":"shipping-taxable","12":"product-type-variable"},"acf":[],"_links":{"self":[{"href":"https:\/\/glitherm.com\/fr\/wp-json\/wp\/v2\/product\/2642","targetHints":{"allow":["GET"]}}],"collection":[{"href":"https:\/\/glitherm.com\/fr\/wp-json\/wp\/v2\/product"}],"about":[{"href":"https:\/\/glitherm.com\/fr\/wp-json\/wp\/v2\/types\/product"}],"wp:featuredmedia":[{"embeddable":true,"href":"https:\/\/glitherm.com\/fr\/wp-json\/wp\/v2\/media\/3496"}],"wp:attachment":[{"href":"https:\/\/glitherm.com\/fr\/wp-json\/wp\/v2\/media?parent=2642"}],"wp:term":[{"taxonomy":"product_brand","embeddable":true,"href":"https:\/\/glitherm.com\/fr\/wp-json\/wp\/v2\/product_brand?post=2642"},{"taxonomy":"product_cat","embeddable":true,"href":"https:\/\/glitherm.com\/fr\/wp-json\/wp\/v2\/product_cat?post=2642"},{"taxonomy":"product_tag","embeddable":true,"href":"https:\/\/glitherm.com\/fr\/wp-json\/wp\/v2\/product_tag?post=2642"}],"curies":[{"name":"wp","href":"https:\/\/api.w.org\/{rel}","templated":true}]}}