{"id":2656,"date":"2023-07-17T13:32:59","date_gmt":"2023-07-17T11:32:59","guid":{"rendered":"https:\/\/glitherm.com\/produkt\/glycerine-vegetale-pharmaceutique-99-5\/"},"modified":"2023-10-04T10:14:19","modified_gmt":"2023-10-04T08:14:19","slug":"glycerine-vegetale-pharmaceutique-995","status":"publish","type":"product","link":"https:\/\/glitherm.com\/fr\/produkt\/glycerine-vegetale-pharmaceutique-995\/","title":{"rendered":"Glyc\u00e9rine V\u00e9g\u00e9tale Pharmaceutique 99.5%"},"content":{"rendered":"<p>La glyc\u00e9rine v\u00e9g\u00e9tale pharmaceutique, glyc\u00e9rine, propane-1,2,3-triol (glyc\u00e9rol latin) est un compos\u00e9 chimique organique du groupe des sucres. C&rsquo;est aussi l&rsquo;alcool trihydrique stable le plus simple (triol). La glyc\u00e9rine v\u00e9g\u00e9tale \u00e0 temp\u00e9rature ambiante et pression atmosph\u00e9rique est un liquide \u00e9pais sirupeux et gras au toucher. Il est incolore ou presque incolore, transparent ou presque transparent. Il pr\u00e9sente de fortes propri\u00e9t\u00e9s hygroscopiques. Il forme des solutions stables avec l&rsquo;eau et se m\u00e9lange avec ce liquide sans restriction. Il poss\u00e8de \u00e9galement de tr\u00e8s fortes propri\u00e9t\u00e9s hydrophiles. La valeur hydrophile du glyc\u00e9rol pharmaceutique est si \u00e9lev\u00e9e qu&rsquo;il s&rsquo;agit du standard d&rsquo;hydrophilie le plus \u00e9lev\u00e9 avec une valeur de 1 (le standard de lipophilie le plus \u00e9lev\u00e9 avec une valeur de 31 est la vaseline) sur l&rsquo;\u00e9chelle de miscibilit\u00e9 des solvants organiques (1- 31).<\/p>\n<p>La glyc\u00e9rine est produite \u00e0 l&rsquo;\u00e9chelle industrielle \u00e0 partir de graisses v\u00e9g\u00e9tales. En r\u00e9action avec des solutions alcalines, les graisses sont hydrolys\u00e9es en glyc\u00e9rol et en savons.<\/p>\n<p>Fabrication de ce qu&rsquo;on appelle Le biodiesel dans la r\u00e9action de transest\u00e9rification fournit de grandes quantit\u00e9s de glyc\u00e9rol comme sous-produit. Naturellement, la glyc\u00e9rine se trouve dans certains fruits et l\u00e9gumes.<\/p>\n<p>Un fait int\u00e9ressant est que les insectes et autres organismes vivants utilisent le glyc\u00e9rol comme antigel. Le glyc\u00e9rol abaisse le point de cong\u00e9lation et la surfusion des fluides corporels, ce qui vous permet d&rsquo;augmenter votre tol\u00e9rance au gel, c&rsquo;est-\u00e0-dire la r\u00e9sistance \u00e0 la formation de glace dans le corps et la survie dans les climats froids. Le corps avec de la glyc\u00e9rine dans ses fluides corporels peut \u00e9viter le soi-disant effet fraise.<\/p>\n<p>La glyc\u00e9rine est irrempla\u00e7able dans la fabrication des cr\u00e8mes, rouges \u00e0 l\u00e8vres et autres produits cosm\u00e9tiques. En plus de sa capacit\u00e9 \u00e0 homog\u00e9n\u00e9iser les ingr\u00e9dients des produits cosm\u00e9tiques, il poss\u00e8de \u00e9galement des propri\u00e9t\u00e9s hydratantes pour la peau.<\/p>\n<p>C&rsquo;est un r\u00e9actif pr\u00e9cieux dans les proc\u00e9d\u00e9s de synth\u00e8se chimique. C&rsquo;est une mati\u00e8re premi\u00e8re importante pour la production de certains types de savon.<\/p>\n<p>La glyc\u00e9rine est une mati\u00e8re premi\u00e8re importante pour l&rsquo;industrie de la d\u00e9fense. Utilis\u00e9 dans la production d&rsquo;explosifs (le trinitrate de glyc\u00e9rol est produit lors du processus d&rsquo;est\u00e9rification).<\/p>\n<p>Les propri\u00e9t\u00e9s de la glyc\u00e9rine sont appr\u00e9ci\u00e9es dans l&rsquo;industrie textile.<\/p>\n<p>De plus, la glyc\u00e9rine est utilis\u00e9e dans les industries pharmaceutique, alimentaire et du cuir. Il est utilis\u00e9 dans la production de : colorants, liquides de frein et de refroidissement.<\/p>\n<p>La glyc\u00e9rine \u00e9tait utilis\u00e9e comme additif \u00e0 la m\u00e9lasse pour fumer une pipe \u00e0 eau et pour adoucir les liqueurs, ainsi que comme ingr\u00e9dient dans les liquides de cigarette \u00e9lectronique.<\/p>\n<p>La description traduite automatiquement fait foi dans la version polonaise.<\/p>\n","protected":false},"excerpt":{"rendered":"<p><strong>Synonymes :<\/strong> Glyc\u00e9rine v\u00e9g\u00e9tale de qualit\u00e9 pharmaceutique ; Glyc\u00e9rol de qualit\u00e9 pharmaceutique ; Glyc\u00e9rol pharmaceutique 99,5 % ; Glyc\u00e9rine distill\u00e9e 99,5 % ; 1,2,3-trioxypropane; 1,2,3-trihydroxypropane ; 1,2,3-propanetriol<\/p>\n<p><strong>CAS:<\/strong> 56-81-5<\/p>\n<p><strong>EC:<\/strong> 200-289-5<\/p>\n<p><strong>REACH:<\/strong> La substance ne n\u00e9cessite pas d&rsquo;enregistrement au titre de REACH.<\/p>\n","protected":false},"featured_media":3504,"template":"","meta":[],"product_brand":[],"product_cat":[213,225],"product_tag":[],"class_list":{"0":"post-2656","1":"product","2":"type-product","3":"status-publish","4":"has-post-thumbnail","6":"product_cat-matieres-premieres-chimiques","7":"product_cat-medicaments","9":"first","10":"instock","11":"shipping-taxable","12":"product-type-variable"},"acf":[],"_links":{"self":[{"href":"https:\/\/glitherm.com\/fr\/wp-json\/wp\/v2\/product\/2656","targetHints":{"allow":["GET"]}}],"collection":[{"href":"https:\/\/glitherm.com\/fr\/wp-json\/wp\/v2\/product"}],"about":[{"href":"https:\/\/glitherm.com\/fr\/wp-json\/wp\/v2\/types\/product"}],"wp:featuredmedia":[{"embeddable":true,"href":"https:\/\/glitherm.com\/fr\/wp-json\/wp\/v2\/media\/3504"}],"wp:attachment":[{"href":"https:\/\/glitherm.com\/fr\/wp-json\/wp\/v2\/media?parent=2656"}],"wp:term":[{"taxonomy":"product_brand","embeddable":true,"href":"https:\/\/glitherm.com\/fr\/wp-json\/wp\/v2\/product_brand?post=2656"},{"taxonomy":"product_cat","embeddable":true,"href":"https:\/\/glitherm.com\/fr\/wp-json\/wp\/v2\/product_cat?post=2656"},{"taxonomy":"product_tag","embeddable":true,"href":"https:\/\/glitherm.com\/fr\/wp-json\/wp\/v2\/product_tag?post=2656"}],"curies":[{"name":"wp","href":"https:\/\/api.w.org\/{rel}","templated":true}]}}