{"id":2725,"date":"2023-07-03T09:20:31","date_gmt":"2023-07-03T07:20:31","guid":{"rendered":"https:\/\/glitherm.com\/produkt\/fluide-caloporteur-glitherm-et-antigel-10c-a-50c-pret-a-lemploi\/"},"modified":"2025-12-12T11:24:23","modified_gmt":"2025-12-12T10:24:23","slug":"fluide-caloporteur-antigel-glitherm-et-10c-a-50c-pret-a-lemploi","status":"publish","type":"product","link":"https:\/\/glitherm.com\/fr\/produkt\/fluide-caloporteur-antigel-glitherm-et-10c-a-50c-pret-a-lemploi\/","title":{"rendered":"Fluide caloporteur GLITHERM ET pr\u00eat \u00e0 l\u2019emploi"},"content":{"rendered":"<p><span style=\"font-weight: 400;\">GLITHERM ET Heat Transfer Fluids, Antigel, pr\u00eat \u00e0 utiliser \u2013 est une s\u00e9rie de fluides de transfert de chaleur sp\u00e9cialis\u00e9s, disponibles en tant que produits pr\u00eats \u00e0 l\u2019emploi. Bas\u00e9e sur le mono\u00e9thyl\u00e8ne glycol (MEG) de haute qualit\u00e9, elles constituent une alternative plus \u00e9conomique aux fluides \u00e0 base de monopropyl\u00e8ne glycol (MPG). Les fluides pr\u00eats \u00e0 l\u2019emploi de la famille Glitherm ET sont d\u00e9di\u00e9s \u00e0 l\u2019utilisation dans des environnements exigeants, offrent une meilleure protection contre la corrosion et emp\u00eachent la formation de d\u00e9p\u00f4ts. Ils maintiennent l\u2019int\u00e9rieur de l\u2019installation propre et prot\u00e8gent contre la prolif\u00e9ration de micro-organismes. Les mati\u00e8res premi\u00e8res de haute qualit\u00e9 utilis\u00e9es dans le processus de production emp\u00eachent la d\u00e9gradation du fluide et de l\u2019installation, prolongeant ainsi la dur\u00e9e de vie et le bon fonctionnement o\u00f9 que le produit soit utilis\u00e9.    <\/span><\/p>\n<div id=\"showMoreDiv\" class=\"collapsed\">\u00a0\n<p>Le produit standard doit \u00eatre choisi en fonction de la temp\u00e9rature minimale de fonctionnement ou de la concentration du milieu de travail. Les antigels Glitherm ET standard pr\u00eats \u00e0 l&#8217;emploi sont :<\/p>\n<ul>\n<li>GLITHERM ET -15\u00b0C Teneur en glycol 28%<\/li>\n<li>GLITHERM ET -20\u00b0C Teneur en glycol 35%<\/li>\n<li>GLITHERM ET -25\u00b0C Teneur en glycol 40%<\/li>\n<li>GLITHERM ET -30\u00b0C Teneur en glycol 45%<\/li>\n<li>GLITHERM ET -35\u00b0C Teneur en glycol 48%<\/li>\n<\/ul>\n<p>Si vous avez d\u2019autres questions ou pr\u00e9occupations, veuillez contacter le service client. Ils vous aideront \u00e0 choisir l\u2019un des produits standards ou \u00e0 proposer un produit d\u00e9di\u00e9 qui r\u00e9ponde \u00e0 des param\u00e8tres sp\u00e9cifiques, adapt\u00e9 aux conditions de l\u2019installation ou aux exigences techniques sp\u00e9cifiques li\u00e9es \u00e0 une installation donn\u00e9e. <\/p>\n<p>La plus haute qualit\u00e9 des fluides de transfert de chaleur Glitherm ET est confirm\u00e9e par la recommandation technique de l\u2019ITB \u2013 Building Research Institute de Varsovie.<\/p>\n<p>La famille d\u2019antigels sp\u00e9ciaux Glitherm ET est un m\u00e9lange pr\u00eat \u00e0 \u00eatre utilis\u00e9, sans qu\u2019il soit n\u00e9cessaire de les diluer ou d\u2019appliquer d\u2019autres additifs avant l\u2019application. L\u2019antigel ET Glitherm est bas\u00e9 sur du mono\u00e9thyl\u00e8ne glycol (MEG) de haute qualit\u00e9.  Seules les mati\u00e8res premi\u00e8res vierges, qui ne r\u00e9sultent pas du recyclage, sont utilis\u00e9es pour la production. Les produits finis ont \u00e9t\u00e9 enrichis avec des doses appropri\u00e9es d\u2019inhibiteurs de corrosion, de tampons de pH et d\u2019additifs afin de cr\u00e9er un produit de la plus haute qualit\u00e9. Cela garantira un fonctionnement ininterrompu de toute installation pendant des ann\u00e9es. Les mati\u00e8res premi\u00e8res utilis\u00e9es emp\u00eachent la d\u00e9gradation du fluide et de l\u2019installation tout au long de sa dur\u00e9e de vie.   <\/p>\n<p>Le fabricant offre une garantie de cinq ans sur chaque lot du produit. L\u2019antigel pr\u00eat \u00e0 l\u2019emploi GLITHERM ET est con\u00e7u pour fonctionner dans n\u2019importe quel environnement, m\u00eame dans les plus exigeants. Le produit offre une protection quasi totale contre la corrosion et les d\u00e9p\u00f4ts.   Les additifs anti-mousse de la plus haute qualit\u00e9 garantissent une facilit\u00e9 de remplissage du syst\u00e8me et \u00e9liminent d\u2019autres probl\u00e8mes r\u00e9sultant d\u2019une possible mousse du fluide \u00e0 l\u2019int\u00e9rieur du syst\u00e8me.<\/p>\n<p>Malheureusement, contrairement \u00e0 la s\u00e9rie d\u2019antigel GLITHERM EKO, qui est totalement s\u00fbre, respectueuse de l\u2019environnement et respectueuse des personnes, le mono\u00e9thyl\u00e8ne glycol utilis\u00e9 dans la production de Glitherm ET est une substance toxique, donc lors de l\u2019utilisation de ce produit, il faut \u00eatre extr\u00eamement prudent et \u00e9viter toute lib\u00e9ration incontr\u00f4l\u00e9e dans l\u2019environnement.<br \/>\nLes produits finis ne doivent pas \u00eatre davantage dilu\u00e9s, car cela peut affecter la durabilit\u00e9 du produit et r\u00e9duire \u00e0 la fois la protection anti-corrosion et antigel.<\/p>\n<p><strong>Couleur.<\/strong><br \/>\nL\u2019antigel Glitherm ET est teint en bleu de s\u00e9rie. Les pigments neutres utilis\u00e9s n\u2019ont aucun effet sur les propri\u00e9t\u00e9s de performance du produit. <\/p>\n<p><strong>ATTENTION!<\/strong><br \/>\nLes fluides ET glitherm ne doivent pas \u00eatre utilis\u00e9s dans des installations contenant des composants galvanis\u00e9s. Les produits sont d\u00e9di\u00e9s aux installations fabriqu\u00e9es avec les mat\u00e9riaux les plus couramment utilis\u00e9s, y compris les installations contenant des \u00e9l\u00e9ments en acier ; Fonte; aluminium; Cuivre; classeurs : en laiton, etc. La soudure de l\u2019installation n\u2019exclut ni ne limite en rien l\u2019utilisation des fluides finis de la s\u00e9rie Glitherm ET.  <\/p>\n<\/div>\n<a id=\"readMoreButton\" href=\"javascript:void(0);\" data-readmore=\"Lire plus\" data-readless=\"R\u00e9duire le texte\">Lire plus<\/a>\n","protected":false},"excerpt":{"rendered":"<p><strong>GLITHERM ET en bref :<\/strong><\/p>\n<ul>\n<li>Pr\u00eat \u00e0 l\u2019emploi.<\/li>\n<li>Il a la Recommandation Technique ITB.<\/li>\n<li>Il prot\u00e8ge contre la corrosion, la surchauffe, le gel, la formation de s\u00e9diments et la croissance microbienne.<\/li>\n<li>Maintient l&rsquo;installation propre.<\/li>\n<li>Il assure le bon fonctionnement de l&rsquo;installation pendant des ann\u00e9es.<\/li>\n<li>Il ne contient pas de glyc\u00e9rine et d&rsquo;alcools.<\/li>\n<li>Il contient des agents anti-mousse.<\/li>\n<li>C&rsquo;est un agent multi-saisons.<\/li>\n<li>5 ans de garantie.<\/li>\n<\/ul>\n","protected":false},"featured_media":16305,"template":"","meta":[],"product_brand":[],"product_cat":[202,199],"product_tag":[],"class_list":{"0":"post-2725","1":"product","2":"type-product","3":"status-publish","4":"has-post-thumbnail","6":"product_cat-fluides-a-base-de-monoethylene-glycol","7":"product_cat-fluides-pour-installations-de-chauffage-et-de-refroidissement","9":"first","10":"instock","11":"shipping-taxable","12":"product-type-variable"},"acf":[],"_links":{"self":[{"href":"https:\/\/glitherm.com\/fr\/wp-json\/wp\/v2\/product\/2725","targetHints":{"allow":["GET"]}}],"collection":[{"href":"https:\/\/glitherm.com\/fr\/wp-json\/wp\/v2\/product"}],"about":[{"href":"https:\/\/glitherm.com\/fr\/wp-json\/wp\/v2\/types\/product"}],"wp:featuredmedia":[{"embeddable":true,"href":"https:\/\/glitherm.com\/fr\/wp-json\/wp\/v2\/media\/16305"}],"wp:attachment":[{"href":"https:\/\/glitherm.com\/fr\/wp-json\/wp\/v2\/media?parent=2725"}],"wp:term":[{"taxonomy":"product_brand","embeddable":true,"href":"https:\/\/glitherm.com\/fr\/wp-json\/wp\/v2\/product_brand?post=2725"},{"taxonomy":"product_cat","embeddable":true,"href":"https:\/\/glitherm.com\/fr\/wp-json\/wp\/v2\/product_cat?post=2725"},{"taxonomy":"product_tag","embeddable":true,"href":"https:\/\/glitherm.com\/fr\/wp-json\/wp\/v2\/product_tag?post=2725"}],"curies":[{"name":"wp","href":"https:\/\/api.w.org\/{rel}","templated":true}]}}