{"id":2840,"date":"2023-07-17T13:09:51","date_gmt":"2023-07-17T11:09:51","guid":{"rendered":"https:\/\/glitherm.com\/produkt\/polyethylene-glycol-4000-peg-4000\/"},"modified":"2023-11-21T12:27:33","modified_gmt":"2023-11-21T11:27:33","slug":"polyethylene-glycol-4000-peg-4000","status":"publish","type":"product","link":"https:\/\/glitherm.com\/fr\/produkt\/polyethylene-glycol-4000-peg-4000\/","title":{"rendered":"Poly\u00e9thyl\u00e8ne glycol 4000 (PEG 4000)"},"content":{"rendered":"<p>Le poly\u00e9thyl\u00e8ne glycol 4000 (PEG 4000) est un compos\u00e9 organique, un polym\u00e8re du groupe des poly\u00e9thers, un produit de la condensation de l&rsquo;oxyde d&rsquo;\u00e9thyl\u00e8ne et de l&rsquo;\u00e9thyl\u00e8ne glycol. Le suffixe num\u00e9rique indique le poids mol\u00e9culaire moyen du produit. Le poly\u00e9thyl\u00e8ne glycol 4000 est une substance p\u00e2le, incolore et transparente sous forme de flocons cireux. Non class\u00e9 comme substance toxique selon la classification selon le r\u00e8glement (CE) n\u00b0. 1272\/2008 [CLP\/GHS]. Il est approuv\u00e9 comme additif m\u00e9dicamenteux dans plusieurs pharmacop\u00e9es. Le poly\u00e9thyl\u00e8ne glycol 4000 (PEG 4000) est soluble dans l&rsquo;eau et dans de nombreux solvants organiques, notamment les alcools, les glycols, les \u00e9thers de glycol, les c\u00e9tones et les hydrocarbures aromatiques. Cependant, il est peu soluble dans les hydrocarbures aliphatiques et les \u00e9thers.<\/p>\n<p>Le PEG poly\u00e9thyl\u00e8ne glycol est utilis\u00e9 comme solvant, \u00e9mulsifiant et agent augmentant la viscosit\u00e9 des cosm\u00e9tiques liquides et des m\u00e9dicaments. De plus, il est utilis\u00e9 dans la production de lubrifiants synth\u00e9tiques, d&rsquo;huiles d&rsquo;usinage, de fluides hydrauliques et d&rsquo;agents de polissage. Indispensable dans la production de r\u00e9sines synth\u00e9tiques, plastifiants et adh\u00e9sifs. Mati\u00e8re premi\u00e8re pour l&rsquo;obtention d&rsquo;esters de poly\u00e9thyl\u00e8ne glycol. Utilis\u00e9 dans les industries du papier, du caoutchouc, du textile, de l&rsquo;imprimerie et des m\u00e9taux.<\/p>\n<p>Comme curiosit\u00e9, son utilisation dans l&rsquo;arch\u00e9ologie sous-marine peut \u00eatre cit\u00e9e, o\u00f9 il est utilis\u00e9 comme conservateur pour les objets en bois extraits des sites arch\u00e9ologiques humides. Il prend alors la forme d&rsquo;un produit de cire soluble dans l&rsquo;eau qui p\u00e9n\u00e8tre lentement profond\u00e9ment dans le bois et d\u00e9place l&rsquo;eau, emp\u00eachant ainsi le r\u00e9tr\u00e9cissement et la fissuration du bois.<\/p>\n<p>Le poly\u00e9thyl\u00e8ne glycol 4000 (PEG 4000) est utilis\u00e9 comme catalyseur ou r\u00e9actif dans les proc\u00e9d\u00e9s de synth\u00e8se chimique \u00e0 l&rsquo;\u00e9chelle industrielle, par exemple dans les r\u00e9actions \u00e0 deux phases.<\/p>\n","protected":false},"excerpt":{"rendered":"<p><span style=\"font-weight: 400;\"><strong>Synonymie :<\/strong> PEG 4000; Carbowax ; Polyglycol<\/span><\/p>\n<p><span style=\"font-weight: 400;\"><strong>CAS:<\/strong> 25322-68-3<\/span><\/p>\n<p><span style=\"font-weight: 400;\"><strong>EC:<\/strong> 500-038-2<\/span><\/p>\n<p><span style=\"font-weight: 400;\"><strong>REACH:<\/strong> La substance n&rsquo;est pas soumise \u00e0 enregistrement en vertu du r\u00e8glement (CE) n\u00b0 1907\/2006 [REACH]. <\/span><\/p>\n","protected":false},"featured_media":16204,"template":"","meta":[],"product_brand":[],"product_cat":[228,213],"product_tag":[],"class_list":{"0":"post-2840","1":"product","2":"type-product","3":"status-publish","4":"has-post-thumbnail","6":"product_cat-ethylene-glycols-fr","7":"product_cat-matieres-premieres-chimiques","9":"first","10":"instock","11":"shipping-taxable","12":"product-type-variable"},"acf":[],"_links":{"self":[{"href":"https:\/\/glitherm.com\/fr\/wp-json\/wp\/v2\/product\/2840","targetHints":{"allow":["GET"]}}],"collection":[{"href":"https:\/\/glitherm.com\/fr\/wp-json\/wp\/v2\/product"}],"about":[{"href":"https:\/\/glitherm.com\/fr\/wp-json\/wp\/v2\/types\/product"}],"wp:featuredmedia":[{"embeddable":true,"href":"https:\/\/glitherm.com\/fr\/wp-json\/wp\/v2\/media\/16204"}],"wp:attachment":[{"href":"https:\/\/glitherm.com\/fr\/wp-json\/wp\/v2\/media?parent=2840"}],"wp:term":[{"taxonomy":"product_brand","embeddable":true,"href":"https:\/\/glitherm.com\/fr\/wp-json\/wp\/v2\/product_brand?post=2840"},{"taxonomy":"product_cat","embeddable":true,"href":"https:\/\/glitherm.com\/fr\/wp-json\/wp\/v2\/product_cat?post=2840"},{"taxonomy":"product_tag","embeddable":true,"href":"https:\/\/glitherm.com\/fr\/wp-json\/wp\/v2\/product_tag?post=2840"}],"curies":[{"name":"wp","href":"https:\/\/api.w.org\/{rel}","templated":true}]}}