{"id":3671,"date":"2023-10-06T15:49:44","date_gmt":"2023-10-06T13:49:44","guid":{"rendered":"https:\/\/glitherm.com\/produkt\/liquide-radiateur-antigel-glicar-g13\/"},"modified":"2025-12-12T08:37:46","modified_gmt":"2025-12-12T07:37:46","slug":"liquide-de-radiateur-glicar-g13","status":"publish","type":"product","link":"https:\/\/glitherm.com\/fr\/produkt\/liquide-de-radiateur-glicar-g13\/","title":{"rendered":"Liquide radiateur antigel GLICAR G13"},"content":{"rendered":"<p>Le liquide radiateur antigel GLICAR G13 est le dernier produit Glicar, con\u00e7u pour les utilisateurs professionnels. Le Glicar G13 est un produit pr\u00eat \u00e0 l\u2019emploi, il ne n\u00e9cessite ni dilution ni autres traitements. Sa formulation de pointe, bas\u00e9e sur la technologie de l\u2019\u00e9thyl\u00e8ne glycol (MEG) et de l\u2019acide organique OAT, offre une protection encore plus efficace contre la corrosion et la cavitation de l\u2019ensemble du syst\u00e8me de refroidissement. Le fluide de radiateur G13 prot\u00e8ge les composants m\u00e9talliques ainsi que les joints en caoutchouc et les joints fabriqu\u00e9s dans d\u2019autres mat\u00e9riaux. Le moteur refroidi Glicar G13 est garanti pour une dur\u00e9e de 5 ans ou 250 000 km d\u2019utilisation continue.    <\/p>\n<div id=\"showMoreDiv\" class=\"collapsed\">\u00a0\n<p>Le Glicar G13 est un liquide de refroidissement totalement exempt de nitrites toxiques, d\u2019amines et de phosphates. Il poss\u00e8de les param\u00e8tres de transfert de chaleur de la plus haute qualit\u00e9 et une temp\u00e9rature de cristallisation garantie de -36\u00b0C. Sa formule unique emp\u00eache la formation de d\u00e9p\u00f4ts et de calcaires. Il fonctionne parfaitement avec l\u2019ensemble du syst\u00e8me de refroidissement du moteur \u00e0 combustion, offrant une protection totale contre la corrosion et la cavitation. Le Glicar G13 peut \u00eatre utilis\u00e9 aussi bien dans les syst\u00e8mes de refroidissement des moteurs essence que diesel. Le produit peut \u00eatre utilis\u00e9 dans une large gamme de v\u00e9hicules, dont les constructeurs recommandent l\u2019utilisation de la norme G13.     <\/p>\n<p><span style=\"font-weight: 400;\">Le produit est soumis aux normes suivantes : PN93\/C-40008-10 ; PN-C-40007 ; ASTM D 5931-13 ; ASTM D 1287-11 ; PN 93\/C-40008-05 ; PN-C-40008-06:1993\/AZ 1:2000.<\/span><\/p>\n<p><span style=\"font-weight: 400;\">R\u00e9pond aux exigences des normes suivantes : Audi\/Skoda\/VW\/Seat TL 774 J, ASTM D 3306, BS 6580:2010.<\/span><\/p>\n<p><strong>Marqueur UV <\/strong><\/p>\n<p>\u00c0 la demande du client, le produit peut \u00eatre enrichi d\u2019un tag UV. Cet additif fait que le fluide de travail \u00ab brille \u00bb sous les rayons UV. Il suffit d\u2019\u00e9clairer le radiateur et les autres composants du syst\u00e8me de refroidissement avec des rayons UV pour d\u00e9terminer la fuite du syst\u00e8me ou d\u00e9tecter une fuite. Le fabricant recommande d\u2019utiliser un liquide avec l\u2019ajout d\u2019une \u00e9tiquette UV dans chaque refroidisseur. Cela permet \u00e0 l\u2019utilisateur de diagnostiquer le syst\u00e8me m\u00eame sans connaissance technique. Un m\u00e9canicien professionnel fera gagner beaucoup de temps en utilisant un liquide contenant un additif UV pour le diagnostic de l\u2019\u00e9tanchet\u00e9 du syst\u00e8me de refroidissement. Le marqueur UV est compl\u00e8tement inerte face aux propri\u00e9t\u00e9s physicochimiques fonctionnelles du produit.      <\/p>\n<p><strong>Couleur. <\/strong><\/p>\n<p>Le liquide radiateur GLICAR G13 est disponible en violet. La couleur du produit r\u00e9sulte de l\u2019ajout de pigments min\u00e9raux naturels. Les pigments n\u2019affectent pas les propri\u00e9t\u00e9s physicochimiques fonctionnelles du produit.  <\/p>\n<p><strong>ATTENTION!<\/strong><\/p>\n<p>Le Fluide Antigel GLICAR G13 est destin\u00e9 aux moteurs \u00e9quip\u00e9s de syst\u00e8mes de refroidissement en aluminium, en fonte ou mixtes.<\/p>\n<\/div>\n<a id=\"readMoreButton\" href=\"javascript:void(0);\" data-readmore=\"Lire plus\" data-readless=\"R\u00e9duire le texte\">Lire plus<\/a>\n","protected":false},"excerpt":{"rendered":"<p><strong>GLICAR G13 en bref :<\/strong><\/p>\n<ul>\n<li>Garantie 5 ans ou 250 000 km d&rsquo;utilisation continue.<\/li>\n<li>Ne g\u00e8le pas. Prot\u00e8ge le syst\u00e8me de refroidissement des temp\u00e9ratures allant jusqu\u2019\u00e0 -36\u00b0C.<\/li>\n<li>Prot\u00e8ge contre la corrosion et la cavitation.<\/li>\n<li>Emp\u00eache la formation de tartre et de pr\u00e9cipitations.<\/li>\n<li>Produit \u00e0 base d&rsquo;\u00e9thyl\u00e8ne glycol primaire, donc non recycl\u00e9.<\/li>\n<li>Bas\u00e9 sur la technologie de l\u2019acide organique (OAT).<\/li>\n<li>Ne contient pas de nitrites, d&rsquo;amines et de phosphates toxiques.<\/li>\n<li>Il peut \u00eatre utilis\u00e9 dans les voitures particuli\u00e8res, les camions et \u00e0 des fins sp\u00e9ciales, ainsi que dans les machines agricoles et les \u00e9quipements militaires.<\/li>\n<li><span style=\"font-weight: 400;\">Il poss\u00e8de les normes suivantes : PN93\/C-40008-10 ; PN-C-40007 ; ASTM D 5931-13 ; ASTM D 1287-11 ; PN 93\/C-40008-05 ; PN-C-40008-06:1993\/AZ 1:2000.<\/span><\/li>\n<li><span style=\"font-weight: 400;\">R\u00e9pond aux exigences des normes suivantes : Audi\/Skoda\/VW\/Seat TL 774 J, ASTM D 3306, BS 6580:2010.<\/span><\/li>\n<\/ul>\n","protected":false},"featured_media":16287,"template":"","meta":[],"product_brand":[],"product_cat":[193,175,181],"product_tag":[],"class_list":{"0":"post-3671","1":"product","2":"type-product","3":"status-publish","4":"has-post-thumbnail","6":"product_cat-ajout-duv","7":"product_cat-chimie-automobile","8":"product_cat-liquides-de-refroidissement-automobiles","10":"first","11":"instock","12":"shipping-taxable","13":"product-type-variable"},"acf":[],"_links":{"self":[{"href":"https:\/\/glitherm.com\/fr\/wp-json\/wp\/v2\/product\/3671","targetHints":{"allow":["GET"]}}],"collection":[{"href":"https:\/\/glitherm.com\/fr\/wp-json\/wp\/v2\/product"}],"about":[{"href":"https:\/\/glitherm.com\/fr\/wp-json\/wp\/v2\/types\/product"}],"wp:featuredmedia":[{"embeddable":true,"href":"https:\/\/glitherm.com\/fr\/wp-json\/wp\/v2\/media\/16287"}],"wp:attachment":[{"href":"https:\/\/glitherm.com\/fr\/wp-json\/wp\/v2\/media?parent=3671"}],"wp:term":[{"taxonomy":"product_brand","embeddable":true,"href":"https:\/\/glitherm.com\/fr\/wp-json\/wp\/v2\/product_brand?post=3671"},{"taxonomy":"product_cat","embeddable":true,"href":"https:\/\/glitherm.com\/fr\/wp-json\/wp\/v2\/product_cat?post=3671"},{"taxonomy":"product_tag","embeddable":true,"href":"https:\/\/glitherm.com\/fr\/wp-json\/wp\/v2\/product_tag?post=3671"}],"curies":[{"name":"wp","href":"https:\/\/api.w.org\/{rel}","templated":true}]}}