{"id":6753,"date":"2023-10-10T14:49:15","date_gmt":"2023-10-10T12:49:15","guid":{"rendered":"https:\/\/glitherm.com\/produkt\/liquide-de-frein-glicar-dot-5-1\/"},"modified":"2025-12-12T10:18:14","modified_gmt":"2025-12-12T09:18:14","slug":"liquide-de-frein-glicar-dot-5-1","status":"publish","type":"product","link":"https:\/\/glitherm.com\/fr\/produkt\/liquide-de-frein-glicar-dot-5-1\/","title":{"rendered":"Liquide de frein GLICAR DOT 5.1"},"content":{"rendered":"<p>Le liquide de frein GLICAR DOT 5.1 est un fluide hydraulique moderne con\u00e7u pour \u00eatre utilis\u00e9 dans les syst\u00e8mes de freinage hydraulique et les syst\u00e8mes d\u2019assistance \u00e0 l\u2019embrayage hydraulique dans des voitures \u00e0 performance extr\u00eame. Il s&rsquo;agit d&rsquo;un produit d\u00e9di\u00e9 aux utilisateurs qui utilisent leur v\u00e9hicule de mani\u00e8re particuli\u00e8rement intensive dans des conditions extr\u00eames.<\/p>\n<div id=\"showMoreDiv\" class=\"collapsed\">\u00a0\n<p>GLICAR DOT 5.1 a \u00e9t\u00e9 con\u00e7u pour les voitures de sport et les motos, \u00e9quip\u00e9 de syst\u00e8mes d\u2019assistance modernes ABS, ESP, EDB, ASR et TSC. La formule unique, comprenant de nombreux additifs et raffineurs, assure une protection permanente du syst\u00e8me hydraulique contre la corrosion des composants m\u00e9talliques et la d\u00e9gradation du caoutchouc, du plastique et d\u2019autres joints. Le produit assure la propret\u00e9 du syst\u00e8me hydraulique, en \u00e9vitant l\u2019accumulation de calcaire et les pr\u00e9cipitations de s\u00e9diments. Gr\u00e2ce \u00e0 sa faible viscosit\u00e9 \u00e0 basse temp\u00e9rature et son point d\u2019\u00e9bullition \u00e9lev\u00e9, il est id\u00e9al aussi bien pour les temp\u00e9ratures basses que \u00e9lev\u00e9es du syst\u00e8me. Le GLICAR DOT 5.1 peut \u00eatre utilis\u00e9 dans tous types de v\u00e9hicules o\u00f9 le manuel du propri\u00e9taire n\u00e9cessite l\u2019utilisation de liquide DOT 5.1 ou DOT 4.    <\/p>\n<p>Elle r\u00e9pond aux exigences de la norme PN-C-40005:2002 en vigueur en Pologne, ainsi qu\u2019aux normes am\u00e9ricaines FMVSS 116 DOT-4, FMVSS 116 DOT-5.1, SAE J 1703, SAE J 1704, ISO 4925.<\/p>\n<\/div>\n<a id=\"readMoreButton\" href=\"javascript:void(0);\" data-readmore=\"Lire plus\" data-readless=\"R\u00e9duire le texte\">Lire plus<\/a>\n","protected":false},"excerpt":{"rendered":"<p><strong>GLICAR DOT 5.1 en bref :<\/strong><\/p>\n<ul>\n<li>D\u00e9di\u00e9 aux v\u00e9hicules sportifs.<\/li>\n<li>Permet une utilisation s\u00fbre des v\u00e9hicules de sport avec des performances extr\u00eames.<\/li>\n<li>Peut \u00eatre utilis\u00e9 dans tous les v\u00e9hicules o\u00f9 le manuel d\u2019instructions recommande l\u2019utilisation de DOT-5.1, DOT-4.<\/li>\n<li>Gr\u00e2ce \u00e0 sa faible viscosit\u00e9 \u00e0 basse temp\u00e9rature, il assure une vitesse de r\u00e9ponse \u00e9lev\u00e9e des syst\u00e8mes d\u2019assistance.<\/li>\n<li>Point d\u2019\u00e9bullition \u00e9lev\u00e9 jusqu\u2019\u00e0 260 \u00b0C.<\/li>\n<li>Prot\u00e8ge le syst\u00e8me contre la corrosion.<\/li>\n<li>Prot\u00e8ge les \u00e9l\u00e9ments en caoutchouc, en plastique et les joints contre la d\u00e9gradation.<\/li>\n<li>Prot\u00e8ge les composants du syst\u00e8me contre une usure pr\u00e9matur\u00e9e, m\u00eame dans des conditions de fonctionnement extr\u00eames.<\/li>\n<li>Le fabricant recommande de le remplacer tous les trois ans ou tous les 100 000 ans. Km. <\/li>\n<li><span style=\"font-weight: 400;\">Il r\u00e9pond aux exigences PN-C-40005:2002, FMVSS 116 DOT-4, FMVSS 116 DOT-5.1, SAE J 1703, SAE J 1704, ISO 4925.<\/span><\/li>\n<\/ul>\n","protected":false},"featured_media":16449,"template":"","meta":[],"product_brand":[],"product_cat":[175,187],"product_tag":[],"class_list":{"0":"post-6753","1":"product","2":"type-product","3":"status-publish","4":"has-post-thumbnail","6":"product_cat-chimie-automobile","7":"product_cat-liquides-de-frein","9":"first","10":"instock","11":"shipping-taxable","12":"product-type-variable"},"acf":[],"_links":{"self":[{"href":"https:\/\/glitherm.com\/fr\/wp-json\/wp\/v2\/product\/6753","targetHints":{"allow":["GET"]}}],"collection":[{"href":"https:\/\/glitherm.com\/fr\/wp-json\/wp\/v2\/product"}],"about":[{"href":"https:\/\/glitherm.com\/fr\/wp-json\/wp\/v2\/types\/product"}],"wp:featuredmedia":[{"embeddable":true,"href":"https:\/\/glitherm.com\/fr\/wp-json\/wp\/v2\/media\/16449"}],"wp:attachment":[{"href":"https:\/\/glitherm.com\/fr\/wp-json\/wp\/v2\/media?parent=6753"}],"wp:term":[{"taxonomy":"product_brand","embeddable":true,"href":"https:\/\/glitherm.com\/fr\/wp-json\/wp\/v2\/product_brand?post=6753"},{"taxonomy":"product_cat","embeddable":true,"href":"https:\/\/glitherm.com\/fr\/wp-json\/wp\/v2\/product_cat?post=6753"},{"taxonomy":"product_tag","embeddable":true,"href":"https:\/\/glitherm.com\/fr\/wp-json\/wp\/v2\/product_tag?post=6753"}],"curies":[{"name":"wp","href":"https:\/\/api.w.org\/{rel}","templated":true}]}}